{"id":79108,"date":"2023-06-27T16:46:29","date_gmt":"2023-06-27T14:46:29","guid":{"rendered":"https:\/\/www.visionix.com\/product\/weco-e62\/"},"modified":"2026-04-08T09:26:18","modified_gmt":"2026-04-08T07:26:18","slug":"weco-e62","status":"publish","type":"product","link":"https:\/\/www.visionix.com\/pt\/product\/weco-e62\/","title":{"rendered":"Meuleuse automatique Weco E62"},"content":{"rendered":"<p data-start=\"0\" data-end=\"53\"><strong>Un polimento otimizado para uma efici\u00eancia aumentada.<\/strong><\/p>\n<p data-start=\"55\" data-end=\"476\" data-is-last-node=\"\" data-is-only-node=\"\">A biseladora Weco E62 combina todas as funcionalidades necess\u00e1rias para um acabamento de alto n\u00edvel.<br data-start=\"155\" data-end=\"158\" \/>O Weco CT7 \u00e9 um tra\u00e7ador\/centrador que oferece uma prepara\u00e7\u00e3o completa do trabalho, desde a captura da forma at\u00e9 ao centramento e bloqueio, com uma velocidade e precis\u00e3o surpreendentes. Gra\u00e7as \u00e0 tecnologia TMS (Torque Management System), a Weco E62 otimiza o tempo do ciclo de corte sem risco de deslizamento da lente.<\/p>\n","protected":false},"excerpt":{"rendered":"<section class=\"text-token-text-primary w-full focus:outline-none [--shadow-height:45px] has-data-writing-block:pointer-events-none has-data-writing-block:-mt-(--shadow-height) has-data-writing-block:pt-(--shadow-height) [&amp;:has([data-writing-block])&gt;*]:pointer-events-auto scroll-mt-(--header-height)\" dir=\"auto\" data-turn-id=\"226c3d76-fa96-4666-85b9-d3eac2c553d7\" data-testid=\"conversation-turn-29\" data-scroll-anchor=\"false\" data-turn=\"user\"><\/section>\n<section class=\"text-token-text-primary w-full focus:outline-none [--shadow-height:45px] has-data-writing-block:pointer-events-none has-data-writing-block:-mt-(--shadow-height) has-data-writing-block:pt-(--shadow-height) [&amp;:has([data-writing-block])&gt;*]:pointer-events-auto scroll-mt-[calc(var(--header-height)+min(200px,max(70px,20svh)))]\" dir=\"auto\" data-turn-id=\"request-WEB:9449e327-1e9c-4fd4-bca4-316e8d41591a-14\" data-testid=\"conversation-turn-30\" data-scroll-anchor=\"true\" data-turn=\"assistant\">\n<div class=\"text-base my-auto mx-auto pb-10 [--thread-content-margin:var(--thread-content-margin-xs,calc(var(--spacing)*4))] @w-sm\/main:[--thread-content-margin:var(--thread-content-margin-sm,calc(var(--spacing)*6))] @w-lg\/main:[--thread-content-margin:var(--thread-content-margin-lg,calc(var(--spacing)*16))] px-(--thread-content-margin)\">\n<div class=\"[--thread-content-max-width:40rem] @w-lg\/main:[--thread-content-max-width:48rem] mx-auto max-w-(--thread-content-max-width) flex-1 group\/turn-messages focus-visible:outline-hidden relative flex w-full min-w-0 flex-col agent-turn\">\n<div class=\"flex max-w-full flex-col gap-4 grow\">\n<div class=\"min-h-8 text-message relative flex w-full flex-col items-end gap-2 text-start break-words whitespace-normal outline-none keyboard-focused:focus-ring [.text-message+&amp;]:mt-1\" dir=\"auto\" tabindex=\"0\" data-message-author-role=\"assistant\" data-message-id=\"5d0f6bce-494f-4720-893a-defe625d4da6\" data-message-model-slug=\"gpt-5-3\" data-turn-start-message=\"true\">\n<div class=\"flex w-full flex-col gap-1 empty:hidden\">\n<div class=\"markdown prose dark:prose-invert w-full wrap-break-word light markdown-new-styling\">\n<p data-start=\"0\" data-end=\"53\"><strong>Um polimento otimizado para uma efici\u00eancia aumentada.<\/strong><\/p>\n<p data-start=\"55\" data-end=\"476\" data-is-last-node=\"\" data-is-only-node=\"\">A biseladora Weco E62 combina todas as funcionalidades necess\u00e1rias para um acabamento de alto n\u00edvel.<br data-start=\"155\" data-end=\"158\" \/>O Weco CT7 \u00e9 um tra\u00e7ador\/centrador que oferece uma prepara\u00e7\u00e3o completa do trabalho, desde a captura da forma at\u00e9 ao centramento e bloqueio, com uma velocidade e precis\u00e3o surpreendentes. Gra\u00e7as \u00e0 tecnologia TMS (Torque Management System), a Weco E62 otimiza o tempo do ciclo de corte sem risco de deslizamento da lente.<\/p>\n<\/div>\n<\/div>\n<\/div>\n<\/div>\n<\/div>\n<\/div>\n<\/section>\n","protected":false},"featured_media":44955,"template":"","meta":{"_acf_changed":false,"content-type":"","footnotes":""},"pwb-brand":[],"product_brand":[],"product_cat":[171],"product_tag":[],"class_list":{"0":"post-79108","1":"product","2":"type-product","3":"status-publish","4":"has-post-thumbnail","6":"product_cat-oftalmologia-instrumentos","8":"first","9":"instock","10":"shipping-taxable","11":"product-type-simple"},"acf":[],"brands":[],"_links":{"self":[{"href":"https:\/\/www.visionix.com\/pt\/wp-json\/wp\/v2\/product\/79108","targetHints":{"allow":["GET"]}}],"collection":[{"href":"https:\/\/www.visionix.com\/pt\/wp-json\/wp\/v2\/product"}],"about":[{"href":"https:\/\/www.visionix.com\/pt\/wp-json\/wp\/v2\/types\/product"}],"version-history":[{"count":2,"href":"https:\/\/www.visionix.com\/pt\/wp-json\/wp\/v2\/product\/79108\/revisions"}],"predecessor-version":[{"id":79110,"href":"https:\/\/www.visionix.com\/pt\/wp-json\/wp\/v2\/product\/79108\/revisions\/79110"}],"wp:featuredmedia":[{"embeddable":true,"href":"https:\/\/www.visionix.com\/pt\/wp-json\/wp\/v2\/media\/44955"}],"wp:attachment":[{"href":"https:\/\/www.visionix.com\/pt\/wp-json\/wp\/v2\/media?parent=79108"}],"wp:term":[{"taxonomy":"pwb-brand","embeddable":true,"href":"https:\/\/www.visionix.com\/pt\/wp-json\/wp\/v2\/pwb-brand?post=79108"},{"taxonomy":"product_brand","embeddable":true,"href":"https:\/\/www.visionix.com\/pt\/wp-json\/wp\/v2\/product_brand?post=79108"},{"taxonomy":"product_cat","embeddable":true,"href":"https:\/\/www.visionix.com\/pt\/wp-json\/wp\/v2\/product_cat?post=79108"},{"taxonomy":"product_tag","embeddable":true,"href":"https:\/\/www.visionix.com\/pt\/wp-json\/wp\/v2\/product_tag?post=79108"}],"curies":[{"name":"wp","href":"https:\/\/api.w.org\/{rel}","templated":true}]}}