{"id":77448,"date":"2026-01-08T14:12:21","date_gmt":"2026-01-08T13:12:21","guid":{"rendered":"https:\/\/www.visionix.com\/product\/visionix-vx-625\/"},"modified":"2026-01-22T11:24:37","modified_gmt":"2026-01-22T10:24:37","slug":"visionix-vx-625","status":"publish","type":"product","link":"https:\/\/www.visionix.com\/pt\/product\/visionix-vx-625\/","title":{"rendered":"Visionix VX 625"},"content":{"rendered":"<p>Proporciona uma imagem de alta qualidade de 176 graus numa \u00fanica aquisi\u00e7\u00e3o. Concebido para a simplicidade, o VX 625 oferece alinhamento, focagem e captura autom\u00e1ticos, permitindo uma aquisi\u00e7\u00e3o de imagem eficiente e uma forma\u00e7\u00e3o m\u00ednima do utilizador. Est\u00e1 dispon\u00edvel um campo de vis\u00e3o de 220 a 260 graus utilizando a fun\u00e7\u00e3o de montagem.<\/p>\n","protected":false},"excerpt":{"rendered":"<p>Proporciona uma imagem de alta qualidade de 176 graus numa \u00fanica aquisi\u00e7\u00e3o. Concebido para a simplicidade, o VX 625 oferece alinhamento, focagem e captura autom\u00e1ticos, permitindo uma aquisi\u00e7\u00e3o de imagem eficiente e uma forma\u00e7\u00e3o m\u00ednima do utilizador. Est\u00e1 dispon\u00edvel um campo de vis\u00e3o de 220 a 260 graus utilizando a fun\u00e7\u00e3o de montagem.<\/p>\n","protected":false},"featured_media":74389,"template":"","meta":{"_acf_changed":false,"content-type":"","footnotes":""},"pwb-brand":[507],"product_brand":[],"product_cat":[261,171],"product_tag":[],"class_list":{"0":"post-77448","1":"product","2":"type-product","3":"status-publish","4":"has-post-thumbnail","6":"pwb-brand-visionix-pt","7":"product_cat-new-products-pt","8":"product_cat-oftalmologia-instrumentos","10":"first","11":"instock","12":"product-type-simple"},"acf":[],"brands":[{"id":507,"name":"Visionix","slug":"visionix-pt"}],"_links":{"self":[{"href":"https:\/\/www.visionix.com\/pt\/wp-json\/wp\/v2\/product\/77448","targetHints":{"allow":["GET"]}}],"collection":[{"href":"https:\/\/www.visionix.com\/pt\/wp-json\/wp\/v2\/product"}],"about":[{"href":"https:\/\/www.visionix.com\/pt\/wp-json\/wp\/v2\/types\/product"}],"version-history":[{"count":2,"href":"https:\/\/www.visionix.com\/pt\/wp-json\/wp\/v2\/product\/77448\/revisions"}],"predecessor-version":[{"id":77502,"href":"https:\/\/www.visionix.com\/pt\/wp-json\/wp\/v2\/product\/77448\/revisions\/77502"}],"wp:featuredmedia":[{"embeddable":true,"href":"https:\/\/www.visionix.com\/pt\/wp-json\/wp\/v2\/media\/74389"}],"wp:attachment":[{"href":"https:\/\/www.visionix.com\/pt\/wp-json\/wp\/v2\/media?parent=77448"}],"wp:term":[{"taxonomy":"pwb-brand","embeddable":true,"href":"https:\/\/www.visionix.com\/pt\/wp-json\/wp\/v2\/pwb-brand?post=77448"},{"taxonomy":"product_brand","embeddable":true,"href":"https:\/\/www.visionix.com\/pt\/wp-json\/wp\/v2\/product_brand?post=77448"},{"taxonomy":"product_cat","embeddable":true,"href":"https:\/\/www.visionix.com\/pt\/wp-json\/wp\/v2\/product_cat?post=77448"},{"taxonomy":"product_tag","embeddable":true,"href":"https:\/\/www.visionix.com\/pt\/wp-json\/wp\/v2\/product_tag?post=77448"}],"curies":[{"name":"wp","href":"https:\/\/api.w.org\/{rel}","templated":true}]}}