{"id":7341,"date":"2022-03-07T14:34:09","date_gmt":"2022-03-07T13:34:09","guid":{"rendered":"https:\/\/www.visionix.com\/produit\/visionix-nexus-telehealth\/"},"modified":"2025-08-26T15:52:54","modified_gmt":"2025-08-26T13:52:54","slug":"visionix-nexus","status":"publish","type":"product","link":"https:\/\/www.visionix.com\/pt\/product\/visionix-nexus\/","title":{"rendered":"Visionix Nexus"},"content":{"rendered":"<p>Visionix Nexus: Plataforma para permuta e armazenamento de dados de clientes anonimizados e encriptados<\/p>\n","protected":false},"excerpt":{"rendered":"<p><strong>Visionix Nexus: Plataforma para permuta e armazenamento de dados de clientes anonimizados e encriptados<\/strong><\/p>\n<p>A Visionix Nexus \u00e9 uma plataforma de permuta de dados para prestadores de cuidados oculares que suporta telediagn\u00f3stico ass\u00edncrono, controlo remoto de dispositivos e uma forma de aceder a uma base de dados de intelig\u00eancia artificial. Permite intera\u00e7\u00f5es em tempo real entre optometristas, oftalmologistas, doentes e operadores nos estabelecimentos. A Visionix Nexus permite as teleconsultas e a avalia\u00e7\u00e3o de exames com recurso a IA ou a avalia\u00e7\u00e3o humana.<\/p>\n","protected":false},"featured_media":2294,"template":"","meta":{"_acf_changed":false,"content-type":"","footnotes":""},"pwb-brand":[507],"product_brand":[],"product_cat":[261,195,196],"product_tag":[],"class_list":{"0":"post-7341","1":"product","2":"type-product","3":"status-publish","4":"has-post-thumbnail","6":"pwb-brand-visionix-pt","7":"product_cat-new-products-pt","8":"product_cat-equipamento-optico","9":"product_cat-optometria-instrumentos","10":"pa_product-family-diagnosticos-pt","11":"pa_product-type-telemedicina-pt","13":"first","14":"instock","15":"featured","16":"product-type-simple"},"acf":[],"brands":[{"id":507,"name":"Visionix","slug":"visionix-pt"}],"_links":{"self":[{"href":"https:\/\/www.visionix.com\/pt\/wp-json\/wp\/v2\/product\/7341","targetHints":{"allow":["GET"]}}],"collection":[{"href":"https:\/\/www.visionix.com\/pt\/wp-json\/wp\/v2\/product"}],"about":[{"href":"https:\/\/www.visionix.com\/pt\/wp-json\/wp\/v2\/types\/product"}],"version-history":[{"count":4,"href":"https:\/\/www.visionix.com\/pt\/wp-json\/wp\/v2\/product\/7341\/revisions"}],"predecessor-version":[{"id":50493,"href":"https:\/\/www.visionix.com\/pt\/wp-json\/wp\/v2\/product\/7341\/revisions\/50493"}],"wp:featuredmedia":[{"embeddable":true,"href":"https:\/\/www.visionix.com\/pt\/wp-json\/wp\/v2\/media\/2294"}],"wp:attachment":[{"href":"https:\/\/www.visionix.com\/pt\/wp-json\/wp\/v2\/media?parent=7341"}],"wp:term":[{"taxonomy":"pwb-brand","embeddable":true,"href":"https:\/\/www.visionix.com\/pt\/wp-json\/wp\/v2\/pwb-brand?post=7341"},{"taxonomy":"product_brand","embeddable":true,"href":"https:\/\/www.visionix.com\/pt\/wp-json\/wp\/v2\/product_brand?post=7341"},{"taxonomy":"product_cat","embeddable":true,"href":"https:\/\/www.visionix.com\/pt\/wp-json\/wp\/v2\/product_cat?post=7341"},{"taxonomy":"product_tag","embeddable":true,"href":"https:\/\/www.visionix.com\/pt\/wp-json\/wp\/v2\/product_tag?post=7341"}],"curies":[{"name":"wp","href":"https:\/\/api.w.org\/{rel}","templated":true}]}}