{"id":7334,"date":"2022-03-07T14:34:09","date_gmt":"2022-03-07T13:34:09","guid":{"rendered":"https:\/\/www.visionix.com\/produit\/weco-7\/"},"modified":"2024-01-29T13:28:10","modified_gmt":"2024-01-29T12:28:10","slug":"acabamento-de-lentes-weco-e7","status":"publish","type":"product","link":"https:\/\/www.visionix.com\/pt\/product\/acabamento-de-lentes-weco-e7\/","title":{"rendered":"Weco E7"},"content":{"rendered":"<p>Gra\u00e7as ao 3D, visualize os resultados com precis\u00e3o absoluta para uma correspond\u00eancia perfeita entre a lente e a arma\u00e7\u00e3o, mesmo nas arma\u00e7\u00f5es mais complexas. Desfrute de taxas de primeiros ajustes inigual\u00e1veis com o \u00fanico tra\u00e7ador capaz de modelar as caracter\u00edsticas de toda a arma\u00e7\u00e3o. Com o mais recente software TrueFit, obtenha uma \u00f3ptima centraliza\u00e7\u00e3o da lente e mantenha o controlo total do processo de biselagem enquanto poupa tempo precioso.<\/p>\n","protected":false},"excerpt":{"rendered":"<p><strong>O melhor do hardware e software da WECO<\/strong><\/p>\n<p>Gra\u00e7as ao 3D, pr\u00e9-visualizar resultados com precis\u00e3o absoluta para uma correspond\u00eancia perfeita entre a lente e arma\u00e7\u00e3o, mesmo nas arma\u00e7\u00f5es mais complexas. Desfrute de taxas de primeiros ajustes inigual\u00e1veis com o \u00fanico tra\u00e7ador capaz de modelar as caracter\u00edsticas de toda a arma\u00e7\u00e3o. Com o mais recente software TrueFit, obtenha uma \u00f3ptima centraliza\u00e7\u00e3o da lente e mantenha o controlo total do processo de biselar enquanto poupa tempo precioso.<\/p>\n","protected":false},"featured_media":46734,"template":"","meta":{"_acf_changed":false,"content-type":"","footnotes":""},"pwb-brand":[514],"product_brand":[],"product_cat":[195,196],"product_tag":[],"class_list":{"0":"post-7334","1":"product","2":"type-product","3":"status-publish","4":"has-post-thumbnail","6":"pwb-brand-weco-pt","7":"product_cat-equipamento-optico","8":"product_cat-optometria-instrumentos","9":"pa_product-family-biselado-pt","10":"pa_product-type-sistemas-de-biselado-pt","12":"first","13":"instock","14":"featured","15":"product-type-simple"},"acf":[],"brands":[{"id":514,"name":"Weco","slug":"weco-pt"}],"_links":{"self":[{"href":"https:\/\/www.visionix.com\/pt\/wp-json\/wp\/v2\/product\/7334","targetHints":{"allow":["GET"]}}],"collection":[{"href":"https:\/\/www.visionix.com\/pt\/wp-json\/wp\/v2\/product"}],"about":[{"href":"https:\/\/www.visionix.com\/pt\/wp-json\/wp\/v2\/types\/product"}],"version-history":[{"count":14,"href":"https:\/\/www.visionix.com\/pt\/wp-json\/wp\/v2\/product\/7334\/revisions"}],"predecessor-version":[{"id":52200,"href":"https:\/\/www.visionix.com\/pt\/wp-json\/wp\/v2\/product\/7334\/revisions\/52200"}],"wp:featuredmedia":[{"embeddable":true,"href":"https:\/\/www.visionix.com\/pt\/wp-json\/wp\/v2\/media\/46734"}],"wp:attachment":[{"href":"https:\/\/www.visionix.com\/pt\/wp-json\/wp\/v2\/media?parent=7334"}],"wp:term":[{"taxonomy":"pwb-brand","embeddable":true,"href":"https:\/\/www.visionix.com\/pt\/wp-json\/wp\/v2\/pwb-brand?post=7334"},{"taxonomy":"product_brand","embeddable":true,"href":"https:\/\/www.visionix.com\/pt\/wp-json\/wp\/v2\/product_brand?post=7334"},{"taxonomy":"product_cat","embeddable":true,"href":"https:\/\/www.visionix.com\/pt\/wp-json\/wp\/v2\/product_cat?post=7334"},{"taxonomy":"product_tag","embeddable":true,"href":"https:\/\/www.visionix.com\/pt\/wp-json\/wp\/v2\/product_tag?post=7334"}],"curies":[{"name":"wp","href":"https:\/\/api.w.org\/{rel}","templated":true}]}}