{"id":7328,"date":"2022-03-07T14:34:09","date_gmt":"2022-03-07T13:34:09","guid":{"rendered":"https:\/\/www.visionix.com\/produit\/visionixnexy-ia\/"},"modified":"2024-07-04T17:24:15","modified_gmt":"2024-07-04T15:24:15","slug":"visionix-vx-610","status":"publish","type":"product","link":"https:\/\/www.visionix.com\/pt\/product\/visionix-vx-610\/","title":{"rendered":"Visionix VX 610"},"content":{"rendered":"<p>A solu\u00e7\u00e3o VX 610\u00a0 permite-lhe expandir a sua oferta de sa\u00fade visual. Ao desempenhar um papel activo no rastreio da retina, pode apoiar a sa\u00fade da sua comunidade e melhorar a sua experi\u00eancia de cliente.<\/p>\n","protected":false},"excerpt":{"rendered":"<p><strong>Captura de imagens cristalinas da retina<\/strong><\/p>\n<p>A solu\u00e7\u00e3o NEXY A.I. permite-lhe expandir a sua oferta de sa\u00fade visual. Ao desempenhar um papel activo no rastreio da retina, pode apoiar a sa\u00fade da sua comunidade e melhorar a sua experi\u00eancia como cliente.<\/p>\n","protected":false},"featured_media":52452,"template":"","meta":{"_acf_changed":false,"content-type":"","footnotes":""},"pwb-brand":[507],"product_brand":[],"product_cat":[261,195,196],"product_tag":[],"class_list":{"0":"post-7328","1":"product","2":"type-product","3":"status-publish","4":"has-post-thumbnail","6":"pwb-brand-visionix-pt","7":"product_cat-new-products-pt","8":"product_cat-equipamento-optico","9":"product_cat-optometria-instrumentos","10":"pa_product-family-diagnosticos-pt","11":"pa_product-type-retinografo-pt","13":"first","14":"instock","15":"product-type-simple"},"acf":[],"brands":[{"id":507,"name":"Visionix","slug":"visionix-pt"}],"_links":{"self":[{"href":"https:\/\/www.visionix.com\/pt\/wp-json\/wp\/v2\/product\/7328","targetHints":{"allow":["GET"]}}],"collection":[{"href":"https:\/\/www.visionix.com\/pt\/wp-json\/wp\/v2\/product"}],"about":[{"href":"https:\/\/www.visionix.com\/pt\/wp-json\/wp\/v2\/types\/product"}],"version-history":[{"count":8,"href":"https:\/\/www.visionix.com\/pt\/wp-json\/wp\/v2\/product\/7328\/revisions"}],"predecessor-version":[{"id":57259,"href":"https:\/\/www.visionix.com\/pt\/wp-json\/wp\/v2\/product\/7328\/revisions\/57259"}],"wp:featuredmedia":[{"embeddable":true,"href":"https:\/\/www.visionix.com\/pt\/wp-json\/wp\/v2\/media\/52452"}],"wp:attachment":[{"href":"https:\/\/www.visionix.com\/pt\/wp-json\/wp\/v2\/media?parent=7328"}],"wp:term":[{"taxonomy":"pwb-brand","embeddable":true,"href":"https:\/\/www.visionix.com\/pt\/wp-json\/wp\/v2\/pwb-brand?post=7328"},{"taxonomy":"product_brand","embeddable":true,"href":"https:\/\/www.visionix.com\/pt\/wp-json\/wp\/v2\/product_brand?post=7328"},{"taxonomy":"product_cat","embeddable":true,"href":"https:\/\/www.visionix.com\/pt\/wp-json\/wp\/v2\/product_cat?post=7328"},{"taxonomy":"product_tag","embeddable":true,"href":"https:\/\/www.visionix.com\/pt\/wp-json\/wp\/v2\/product_tag?post=7328"}],"curies":[{"name":"wp","href":"https:\/\/api.w.org\/{rel}","templated":true}]}}