{"id":7314,"date":"2022-04-14T11:40:23","date_gmt":"2022-04-14T09:40:23","guid":{"rendered":"https:\/\/www.visionix.com\/produit\/visionix-eyerefract\/"},"modified":"2025-06-30T17:22:52","modified_gmt":"2025-06-30T15:22:52","slug":"refraccao-automatica-visionix-eyerefract","status":"publish","type":"product","link":"https:\/\/www.visionix.com\/pt\/product\/refraccao-automatica-visionix-eyerefract\/","title":{"rendered":"Visionix Eye Refract"},"content":{"rendered":"<p><span data-contrast=\"none\">Eye Refract, fabricado pela Visionix \u00e9 o \u00fanico dispositivo controlado por Algoritmo avan\u00e7ado para o c\u00e1lculo refrativo que oferece refrac\u00e7\u00e3o fisiol\u00f3gica para determinar a prescri\u00e7\u00e3o mais confort\u00e1vel para os seus pacientes.<\/span><br \/>\n<span data-contrast=\"none\">The Eye Refract utiliza uma tecnologia \u00fanica e inovadora que realiza uma refrac\u00e7\u00e3o binocular autom\u00e1tica controlada por intelig\u00eancia artificial. O Eye Refract reformou o processo de refrac\u00e7\u00e3o permitindo aos profissionais de sa\u00fade ocular optimizar o tempo passado com os seus pacientes. Eye Refract utiliza uma tecnologia \u00fanica e inovadora que realiza uma refrac\u00e7\u00e3o binocular autom\u00e1tica controlada por Algoritmo avan\u00e7ado para o c\u00e1lculo refrativo<\/span><\/p>\n","protected":false},"excerpt":{"rendered":"<p><strong> Refrac\u00e7\u00e3o fisiol\u00f3gica binocular controlado por I.A.<\/strong><br \/>\nO Eye Refract, fabricado pela Visionix \u00e9 o \u00fanico dispositivo controlado por Intelig\u00eancia Artificial que oferece refrac\u00e7\u00e3o fisiol\u00f3gica para determinar a prescri\u00e7\u00e3o mais confort\u00e1vel para os seus pacientes. O Eye Refract utiliza uma tecnologia \u00fanica e inovadora que realiza uma refrac\u00e7\u00e3o binocular autom\u00e1tica controlada por intelig\u00eancia artificial. O Eye Refract reformulou o processo de refrac\u00e7\u00e3o permitindo aos profissionais de sa\u00fade ocular optimizar o tempo passado com os seus pacientes. O Eye Refract utiliza uma tecnologia \u00fanica e inovadora que realiza uma refrac\u00e7\u00e3o binocular autom\u00e1tica controlada por intelig\u00eancia artificial.<\/p>\n","protected":false},"featured_media":72818,"template":"","meta":{"_acf_changed":false,"content-type":"","footnotes":""},"pwb-brand":[507],"product_brand":[],"product_cat":[261,171,195,196],"product_tag":[],"class_list":{"0":"post-7314","1":"product","2":"type-product","3":"status-publish","4":"has-post-thumbnail","6":"pwb-brand-visionix-pt","7":"product_cat-new-products-pt","8":"product_cat-oftalmologia-instrumentos","9":"product_cat-equipamento-optico","10":"product_cat-optometria-instrumentos","11":"pa_product-family-refracao-pt","12":"pa_product-type-analisador-de-frente-de-onda-binocular-pt","13":"pa_product-type-foroptero-pt","14":"pa_product-type-telemedicina-pt","16":"first","17":"instock","18":"product-type-simple"},"acf":[],"brands":[{"id":507,"name":"Visionix","slug":"visionix-pt"}],"_links":{"self":[{"href":"https:\/\/www.visionix.com\/pt\/wp-json\/wp\/v2\/product\/7314","targetHints":{"allow":["GET"]}}],"collection":[{"href":"https:\/\/www.visionix.com\/pt\/wp-json\/wp\/v2\/product"}],"about":[{"href":"https:\/\/www.visionix.com\/pt\/wp-json\/wp\/v2\/types\/product"}],"version-history":[{"count":13,"href":"https:\/\/www.visionix.com\/pt\/wp-json\/wp\/v2\/product\/7314\/revisions"}],"predecessor-version":[{"id":72707,"href":"https:\/\/www.visionix.com\/pt\/wp-json\/wp\/v2\/product\/7314\/revisions\/72707"}],"wp:featuredmedia":[{"embeddable":true,"href":"https:\/\/www.visionix.com\/pt\/wp-json\/wp\/v2\/media\/72818"}],"wp:attachment":[{"href":"https:\/\/www.visionix.com\/pt\/wp-json\/wp\/v2\/media?parent=7314"}],"wp:term":[{"taxonomy":"pwb-brand","embeddable":true,"href":"https:\/\/www.visionix.com\/pt\/wp-json\/wp\/v2\/pwb-brand?post=7314"},{"taxonomy":"product_brand","embeddable":true,"href":"https:\/\/www.visionix.com\/pt\/wp-json\/wp\/v2\/product_brand?post=7314"},{"taxonomy":"product_cat","embeddable":true,"href":"https:\/\/www.visionix.com\/pt\/wp-json\/wp\/v2\/product_cat?post=7314"},{"taxonomy":"product_tag","embeddable":true,"href":"https:\/\/www.visionix.com\/pt\/wp-json\/wp\/v2\/product_tag?post=7314"}],"curies":[{"name":"wp","href":"https:\/\/api.w.org\/{rel}","templated":true}]}}