{"id":7307,"date":"2022-03-07T14:34:09","date_gmt":"2022-03-07T13:34:09","guid":{"rendered":"https:\/\/www.visionix.com\/produit\/visionix-vx650\/"},"modified":"2025-06-20T12:10:49","modified_gmt":"2025-06-20T10:10:49","slug":"vx-650","status":"publish","type":"product","link":"https:\/\/www.visionix.com\/pt\/product\/vx-650\/","title":{"rendered":"Visionix VX 650"},"content":{"rendered":"<p>Visionix VX 650 revoluciona a avalia\u00e7\u00e3o ocular ao introduzir a primeira e \u00fanica solu\u00e7\u00e3o que permite aos profissionais de sa\u00fade ocular (ECPs) realizar um exame oftalmol\u00f3gico abrangente com o premir de um bot\u00e3o. Combina um aberr\u00f3metro, uma c\u00e2mara de fundo e todas as tecnologias essenciais para monitorizar tanto os segmentos anterior e posterior num \u00fanico dispositivo. O Visionix VX 650 altamente automatizado permite a um utilizador moderadamente treinado detectar uma vasta gama de patologias visuais. <strong>Agora o VX 650 funciona com o EyeWisdom\u00aeMCS, uma solu\u00e7\u00e3o de Intelig\u00eancia Artificial que oferece exames completos da retina .<\/strong><\/p>\n","protected":false},"excerpt":{"rendered":"<p><strong>O monitor de sa\u00fade ocular \u00fanico<\/strong><\/p>\n<p>Visionix VX 650 revoluciona a avalia\u00e7\u00e3o ocular ao introduzir a primeira e \u00fanica solu\u00e7\u00e3o que permite aos profissionais de sa\u00fade ocular (ECPs) realizar um exame oftalmol\u00f3gico abrangente com o premir de um bot\u00e3o. Combina um aberr\u00f3metro, uma c\u00e2mara de fundo e todas as tecnologias essenciais para monitorizar tanto os segmentos anterior e posterior num \u00fanico dispositivo. O Visionix VX 650 altamente automatizado permite a um utilizador moderadamente treinado detectar uma vasta gama de patologias visuais. <strong>Agora o VX 650 funciona com o EyeWisdom\u00aeMCS, uma solu\u00e7\u00e3o de Intelig\u00eancia Artificial que oferece exames completos da retina .<\/strong><\/p>\n","protected":false},"featured_media":37875,"template":"","meta":{"_acf_changed":false,"content-type":"","footnotes":""},"pwb-brand":[507],"product_brand":[],"product_cat":[261,171,196],"product_tag":[],"class_list":{"0":"post-7307","1":"product","2":"type-product","3":"status-publish","4":"has-post-thumbnail","6":"pwb-brand-visionix-pt","7":"product_cat-new-products-pt","8":"product_cat-oftalmologia-instrumentos","9":"product_cat-optometria-instrumentos","10":"pa_product-family-diagnosticos-pt","11":"pa_product-type-ark-pt","12":"pa_product-type-retinografo-pt","13":"pa_product-type-segmento-anterior-pt","14":"pa_product-type-telemedicina-pt","15":"pa_product-type-tonometro-pt","16":"pa_product-type-topografo-pt","18":"first","19":"instock","20":"featured","21":"product-type-simple"},"acf":[],"brands":[{"id":507,"name":"Visionix","slug":"visionix-pt"}],"_links":{"self":[{"href":"https:\/\/www.visionix.com\/pt\/wp-json\/wp\/v2\/product\/7307","targetHints":{"allow":["GET"]}}],"collection":[{"href":"https:\/\/www.visionix.com\/pt\/wp-json\/wp\/v2\/product"}],"about":[{"href":"https:\/\/www.visionix.com\/pt\/wp-json\/wp\/v2\/types\/product"}],"version-history":[{"count":11,"href":"https:\/\/www.visionix.com\/pt\/wp-json\/wp\/v2\/product\/7307\/revisions"}],"predecessor-version":[{"id":72097,"href":"https:\/\/www.visionix.com\/pt\/wp-json\/wp\/v2\/product\/7307\/revisions\/72097"}],"wp:featuredmedia":[{"embeddable":true,"href":"https:\/\/www.visionix.com\/pt\/wp-json\/wp\/v2\/media\/37875"}],"wp:attachment":[{"href":"https:\/\/www.visionix.com\/pt\/wp-json\/wp\/v2\/media?parent=7307"}],"wp:term":[{"taxonomy":"pwb-brand","embeddable":true,"href":"https:\/\/www.visionix.com\/pt\/wp-json\/wp\/v2\/pwb-brand?post=7307"},{"taxonomy":"product_brand","embeddable":true,"href":"https:\/\/www.visionix.com\/pt\/wp-json\/wp\/v2\/product_brand?post=7307"},{"taxonomy":"product_cat","embeddable":true,"href":"https:\/\/www.visionix.com\/pt\/wp-json\/wp\/v2\/product_cat?post=7307"},{"taxonomy":"product_tag","embeddable":true,"href":"https:\/\/www.visionix.com\/pt\/wp-json\/wp\/v2\/product_tag?post=7307"}],"curies":[{"name":"wp","href":"https:\/\/api.w.org\/{rel}","templated":true}]}}