{"id":7300,"date":"2022-03-07T14:34:09","date_gmt":"2022-03-07T13:34:09","guid":{"rendered":"https:\/\/www.visionix.com\/produit\/scan8\/"},"modified":"2024-01-29T13:20:48","modified_gmt":"2024-01-29T12:20:48","slug":"rastreio-remoto-briot-scan8","status":"publish","type":"product","link":"https:\/\/www.visionix.com\/pt\/product\/rastreio-remoto-briot-scan8\/","title":{"rendered":"Briot Scan 8"},"content":{"rendered":"<p>O Briot Scan 8 \u00e9 o tra\u00e7ador mec\u00e2nico mais avan\u00e7ado do mercado. Apresentando o nosso apalpador angular patenteado TrueScan\u00ae, o Scan 8 pode rastrear sem esfor\u00e7o at\u00e9 mesmo as arma\u00e7\u00f5es de massa de bases de curvatura elevadas. A suave press\u00e3o do apalpador assegura que a sonda n\u00e3o distorcer\u00e1 as arma\u00e7\u00f5es met\u00e1licas finas. A sua interface t\u00e1ctil intuitiva torna-o um dos rastreadores mais f\u00e1ceis de usar, tornando-o o tra\u00e7ador ideal para o seu laborat\u00f3rio.<\/p>\n","protected":false},"excerpt":{"rendered":"<p><strong>Executar as suas expectativas<\/strong><\/p>\n<p>O Briot Scan 8 \u00e9 o tra\u00e7ador mec\u00e2nico mais avan\u00e7ado do mercado. Apresentando o nosso apalpador angular patenteado TrueScan\u00ae, o Scan 8 pode rastrear sem esfor\u00e7o at\u00e9 mesmo arma\u00e7\u00f5es de massa de bases de curvatura elevadas. A suave press\u00e3o do apalpador assegura que a sonda n\u00e3o distorcer\u00e1 as arma\u00e7\u00f5es met\u00e1licas finas. A sua interface t\u00e1ctil intuitiva torna-o um dos tra\u00e7adores mais f\u00e1ceis de utilizar, tornando-o o tra\u00e7ador ideal para o seu laborat\u00f3rio.<\/p>\n","protected":false},"featured_media":51536,"template":"","meta":{"_acf_changed":false,"content-type":"","footnotes":""},"pwb-brand":[496],"product_brand":[],"product_cat":[195,196],"product_tag":[],"class_list":{"0":"post-7300","1":"product","2":"type-product","3":"status-publish","4":"has-post-thumbnail","6":"pwb-brand-briot-pt","7":"product_cat-equipamento-optico","8":"product_cat-optometria-instrumentos","9":"pa_product-family-biselado-pt","10":"pa_product-type-sistemas-de-biselado-pt","12":"first","13":"instock","14":"product-type-simple"},"acf":[],"brands":[{"id":496,"name":"Briot","slug":"briot-pt"}],"_links":{"self":[{"href":"https:\/\/www.visionix.com\/pt\/wp-json\/wp\/v2\/product\/7300","targetHints":{"allow":["GET"]}}],"collection":[{"href":"https:\/\/www.visionix.com\/pt\/wp-json\/wp\/v2\/product"}],"about":[{"href":"https:\/\/www.visionix.com\/pt\/wp-json\/wp\/v2\/types\/product"}],"version-history":[{"count":8,"href":"https:\/\/www.visionix.com\/pt\/wp-json\/wp\/v2\/product\/7300\/revisions"}],"predecessor-version":[{"id":52159,"href":"https:\/\/www.visionix.com\/pt\/wp-json\/wp\/v2\/product\/7300\/revisions\/52159"}],"wp:featuredmedia":[{"embeddable":true,"href":"https:\/\/www.visionix.com\/pt\/wp-json\/wp\/v2\/media\/51536"}],"wp:attachment":[{"href":"https:\/\/www.visionix.com\/pt\/wp-json\/wp\/v2\/media?parent=7300"}],"wp:term":[{"taxonomy":"pwb-brand","embeddable":true,"href":"https:\/\/www.visionix.com\/pt\/wp-json\/wp\/v2\/pwb-brand?post=7300"},{"taxonomy":"product_brand","embeddable":true,"href":"https:\/\/www.visionix.com\/pt\/wp-json\/wp\/v2\/product_brand?post=7300"},{"taxonomy":"product_cat","embeddable":true,"href":"https:\/\/www.visionix.com\/pt\/wp-json\/wp\/v2\/product_cat?post=7300"},{"taxonomy":"product_tag","embeddable":true,"href":"https:\/\/www.visionix.com\/pt\/wp-json\/wp\/v2\/product_tag?post=7300"}],"curies":[{"name":"wp","href":"https:\/\/api.w.org\/{rel}","templated":true}]}}