{"id":7292,"date":"2022-03-07T14:34:09","date_gmt":"2022-03-07T13:34:09","guid":{"rendered":"https:\/\/www.visionix.com\/produit\/optovue-solix\/"},"modified":"2023-07-04T13:57:52","modified_gmt":"2023-07-04T11:57:52","slug":"oct-optovue-solix","status":"publish","type":"product","link":"https:\/\/www.visionix.com\/pt\/product\/oct-optovue-solix\/","title":{"rendered":"Optovue Solix"},"content":{"rendered":"<p>SOLIX \u00e9 uma nova tecnologia constru\u00edda sobre uma base comprovada de OCT de dom\u00ednio espectral de alta velocidade. Esta plataforma FullRange\u00ae permite aos profissionais identificar e gerir numerosas patologias desde a frente do olho at\u00e9 ao polo posterior para uma experi\u00eancia de diagn\u00f3stico amplamente superior. SOLIX fornece m\u00faltiplas ferramentas para uma nova gera\u00e7\u00e3o de gest\u00e3o de doen\u00e7as que melhora o rendimento e permite um tratamento superior dos pacientes.<\/p>\n","protected":false},"excerpt":{"rendered":"<p><strong>OCT de alta velocidade FullRange\u00ae OCT<\/strong><\/p>\n<p>SOLIX \u00e9 uma nova tecnologia constru\u00edda sobre uma base comprovada de OCT de dom\u00ednio espectral de alta velocidade. Esta plataforma FullRange\u00ae permite aos profissionais identificar e gerir numerosas patologias desde a frente do olho at\u00e9 \u00e0s costas para uma experi\u00eancia de diagn\u00f3stico amplamente superior. SOLIX fornece m\u00faltiplas ferramentas para uma nova gera\u00e7\u00e3o de gest\u00e3o de doen\u00e7as que melhora o rendimento e permite um tratamento superior do paciente.<\/p>\n","protected":false},"featured_media":55872,"template":"","meta":{"_acf_changed":false,"content-type":"","footnotes":""},"pwb-brand":[501],"product_brand":[],"product_cat":[261,171,196],"product_tag":[],"class_list":{"0":"post-7292","1":"product","2":"type-product","3":"status-publish","4":"has-post-thumbnail","6":"pwb-brand-optovue-pt","7":"product_cat-new-products-pt","8":"product_cat-oftalmologia-instrumentos","9":"product_cat-optometria-instrumentos","10":"pa_product-family-diagnosticos-pt","11":"pa_product-type-oct-pt","13":"first","14":"instock","15":"featured","16":"product-type-simple"},"acf":[],"brands":[{"id":501,"name":"Optovue","slug":"optovue-pt"}],"_links":{"self":[{"href":"https:\/\/www.visionix.com\/pt\/wp-json\/wp\/v2\/product\/7292","targetHints":{"allow":["GET"]}}],"collection":[{"href":"https:\/\/www.visionix.com\/pt\/wp-json\/wp\/v2\/product"}],"about":[{"href":"https:\/\/www.visionix.com\/pt\/wp-json\/wp\/v2\/types\/product"}],"version-history":[{"count":12,"href":"https:\/\/www.visionix.com\/pt\/wp-json\/wp\/v2\/product\/7292\/revisions"}],"predecessor-version":[{"id":45928,"href":"https:\/\/www.visionix.com\/pt\/wp-json\/wp\/v2\/product\/7292\/revisions\/45928"}],"wp:featuredmedia":[{"embeddable":true,"href":"https:\/\/www.visionix.com\/pt\/wp-json\/wp\/v2\/media\/55872"}],"wp:attachment":[{"href":"https:\/\/www.visionix.com\/pt\/wp-json\/wp\/v2\/media?parent=7292"}],"wp:term":[{"taxonomy":"pwb-brand","embeddable":true,"href":"https:\/\/www.visionix.com\/pt\/wp-json\/wp\/v2\/pwb-brand?post=7292"},{"taxonomy":"product_brand","embeddable":true,"href":"https:\/\/www.visionix.com\/pt\/wp-json\/wp\/v2\/product_brand?post=7292"},{"taxonomy":"product_cat","embeddable":true,"href":"https:\/\/www.visionix.com\/pt\/wp-json\/wp\/v2\/product_cat?post=7292"},{"taxonomy":"product_tag","embeddable":true,"href":"https:\/\/www.visionix.com\/pt\/wp-json\/wp\/v2\/product_tag?post=7292"}],"curies":[{"name":"wp","href":"https:\/\/api.w.org\/{rel}","templated":true}]}}