{"id":7284,"date":"2022-03-07T14:34:09","date_gmt":"2022-03-07T13:34:09","guid":{"rendered":"https:\/\/www.visionix.com\/produit\/optovue-ivue80\/"},"modified":"2025-09-02T14:29:51","modified_gmt":"2025-09-02T12:29:51","slug":"oct-optovue-ivue80","status":"publish","type":"product","link":"https:\/\/www.visionix.com\/pt\/product\/oct-optovue-ivue80\/","title":{"rendered":"Optovue iVue 80"},"content":{"rendered":"<p>O iVue 80 OCT \u00e9 uma poderosa ferramenta cl\u00ednica que transforma a forma como se avalia a retina, o disco \u00f3ptico e a c\u00f3rnea. Quantificar a espessura da retina, a camada de fibra nervosa, o complexo de c\u00e9lulas ganglionares e a c\u00f3rnea. Acompanhar a mudan\u00e7a e prever tend\u00eancias na espessura RNFL e GCC e medir com precis\u00e3o os \u00e2ngulos para ajudar no diagn\u00f3stico da doen\u00e7a.<\/p>\n","protected":false},"excerpt":{"rendered":"<p><strong>OCT de alta velocidade + op\u00e7\u00e3o de c\u00e2mara Fundus<\/strong><\/p>\n<p>O iVue 80 OCT \u00e9 um poderoso instrumento cl\u00ednico que transforma a forma como se avalia a retina, o disco \u00f3ptico e a c\u00f3rnea. Quantificar a espessura da retina, a camada de fibra nervosa, o complexo de c\u00e9lulas ganglionares e a c\u00f3rnea. Acompanhar a mudan\u00e7a e prever tend\u00eancias na espessura RNFL e GCC e medir com precis\u00e3o os \u00e2ngulos para ajudar no diagn\u00f3stico de doen\u00e7as.<\/p>\n","protected":false},"featured_media":42506,"template":"","meta":{"_acf_changed":false,"content-type":"","footnotes":""},"pwb-brand":[501],"product_brand":[],"product_cat":[171,196],"product_tag":[],"class_list":{"0":"post-7284","1":"product","2":"type-product","3":"status-publish","4":"has-post-thumbnail","6":"pwb-brand-optovue-pt","7":"product_cat-oftalmologia-instrumentos","8":"product_cat-optometria-instrumentos","9":"pa_product-family-diagnosticos-pt","10":"pa_product-type-oct-pt","12":"first","13":"instock","14":"product-type-simple"},"acf":[],"brands":[{"id":501,"name":"Optovue","slug":"optovue-pt"}],"_links":{"self":[{"href":"https:\/\/www.visionix.com\/pt\/wp-json\/wp\/v2\/product\/7284","targetHints":{"allow":["GET"]}}],"collection":[{"href":"https:\/\/www.visionix.com\/pt\/wp-json\/wp\/v2\/product"}],"about":[{"href":"https:\/\/www.visionix.com\/pt\/wp-json\/wp\/v2\/types\/product"}],"version-history":[{"count":12,"href":"https:\/\/www.visionix.com\/pt\/wp-json\/wp\/v2\/product\/7284\/revisions"}],"predecessor-version":[{"id":73924,"href":"https:\/\/www.visionix.com\/pt\/wp-json\/wp\/v2\/product\/7284\/revisions\/73924"}],"wp:featuredmedia":[{"embeddable":true,"href":"https:\/\/www.visionix.com\/pt\/wp-json\/wp\/v2\/media\/42506"}],"wp:attachment":[{"href":"https:\/\/www.visionix.com\/pt\/wp-json\/wp\/v2\/media?parent=7284"}],"wp:term":[{"taxonomy":"pwb-brand","embeddable":true,"href":"https:\/\/www.visionix.com\/pt\/wp-json\/wp\/v2\/pwb-brand?post=7284"},{"taxonomy":"product_brand","embeddable":true,"href":"https:\/\/www.visionix.com\/pt\/wp-json\/wp\/v2\/product_brand?post=7284"},{"taxonomy":"product_cat","embeddable":true,"href":"https:\/\/www.visionix.com\/pt\/wp-json\/wp\/v2\/product_cat?post=7284"},{"taxonomy":"product_tag","embeddable":true,"href":"https:\/\/www.visionix.com\/pt\/wp-json\/wp\/v2\/product_tag?post=7284"}],"curies":[{"name":"wp","href":"https:\/\/api.w.org\/{rel}","templated":true}]}}