{"id":7264,"date":"2022-03-07T14:34:09","date_gmt":"2022-03-07T13:34:09","guid":{"rendered":"https:\/\/www.visionix.com\/produit\/optovue-ifusion\/"},"modified":"2025-11-28T16:09:57","modified_gmt":"2025-11-28T15:09:57","slug":"optovue-ivue80-icam-12","status":"publish","type":"product","link":"https:\/\/www.visionix.com\/pt\/product\/optovue-ivue80-icam-12\/","title":{"rendered":"Optovue iVue80+ iCam 12"},"content":{"rendered":"<p>Optovue iVue80+ iCam 12, sistema de imagem da retina, possui todas as mesmas ferramentas cl\u00ednicas avan\u00e7adas do iVue 80 com o benef\u00edcio adicional da c\u00e2mera retiniana iCam 80. O Optovue iVue80+ iCam 80 transforma a forma como voc\u00ea avalia a retina, o disco \u00f3ptico e a c\u00f3rnea. Quantifique a espessura da retina, da camada de fibras nervosas (RNFL), do complexo de c\u00e9lulas ganglionares (GCC) e da c\u00f3rnea. Acompanhe mudan\u00e7as e preveja tend\u00eancias na espessura da RNFL e do GCC, al\u00e9m de medir com precis\u00e3o os \u00e2ngulos para auxiliar no diagn\u00f3stico de doen\u00e7as.<\/p>\n<p>O sistema Optovue iVue80+ iCam 12 \u00e9 totalmente equipado e oferece muitos recursos exclusivos da Optovue, tais como a an\u00e1lise do complexo de c\u00e9lulas ganglionares (GCC) com as m\u00e9tricas de volume de perda focal (FLV%) e volume de perda global (GLV%), o iWellnessExam e o Vault Mapping para adapta\u00e7\u00e3o de lentes especiais.<\/p>\n<p>A c\u00e2mara i Cam 12 retinal fornece imagens de segmentos posteriores e anteriores com uma profundidade excepcional, color e resolu\u00e7\u00e3o. O software do sistema \u00e9 muito f\u00e1cil de aprender e permite uma revis\u00e3o r\u00e1pida e flex\u00edvel da imagem logo \u00e0 sa\u00edda do port\u00e3o. Com &gt;Optovue iVue80+ iCam 12, pode rapidamente sobrepor &gt;iVue imagens OCT nas fotos do fundo. Uma vez que utiliza &gt;iVue&#8217;s&gt; tabela e arma\u00e7\u00e3o existente, a sua pegada \u00e9 insignificante.<\/p>\n","protected":false},"excerpt":{"rendered":"<p><strong>A completa imagem da retina Optovue iVue80+ iCam 12 Comprehensive OCT and Retinal Camera Platform<\/strong><\/p>\n<p>O Optovue iVue80+ iCam 12 OCT e o sistema de imagem de retina tem todas as mesmas ferramentas cl\u00ednicas poderosas que a Ivue com o benef\u00edcio adicional da c\u00e2mara de retina iCam 12. A Optovue iVue80+ iCam 12 transforma a forma como se avalia a retina, o disco \u00f3ptico e a c\u00f3rnea. Quantificar a espessura da retina, a camada de fibra nervosa, o complexo de c\u00e9lulas ganglionares (GCC) e a c\u00f3rnea. Rastrear altera\u00e7\u00f5es e prever tend\u00eancias na espessura do RNFL e do GCC e medir com precis\u00e3o os \u00e2ngulos para ajudar no diagn\u00f3stico da doen\u00e7a.<\/p>\n","protected":false},"featured_media":42490,"template":"","meta":{"_acf_changed":false,"content-type":"","footnotes":""},"pwb-brand":[501],"product_brand":[],"product_cat":[171,196],"product_tag":[],"class_list":{"0":"post-7264","1":"product","2":"type-product","3":"status-publish","4":"has-post-thumbnail","6":"pwb-brand-optovue-pt","7":"product_cat-oftalmologia-instrumentos","8":"product_cat-optometria-instrumentos","10":"first","11":"instock","12":"product-type-simple"},"acf":[],"brands":[{"id":501,"name":"Optovue","slug":"optovue-pt"}],"_links":{"self":[{"href":"https:\/\/www.visionix.com\/pt\/wp-json\/wp\/v2\/product\/7264","targetHints":{"allow":["GET"]}}],"collection":[{"href":"https:\/\/www.visionix.com\/pt\/wp-json\/wp\/v2\/product"}],"about":[{"href":"https:\/\/www.visionix.com\/pt\/wp-json\/wp\/v2\/types\/product"}],"version-history":[{"count":19,"href":"https:\/\/www.visionix.com\/pt\/wp-json\/wp\/v2\/product\/7264\/revisions"}],"predecessor-version":[{"id":75698,"href":"https:\/\/www.visionix.com\/pt\/wp-json\/wp\/v2\/product\/7264\/revisions\/75698"}],"wp:featuredmedia":[{"embeddable":true,"href":"https:\/\/www.visionix.com\/pt\/wp-json\/wp\/v2\/media\/42490"}],"wp:attachment":[{"href":"https:\/\/www.visionix.com\/pt\/wp-json\/wp\/v2\/media?parent=7264"}],"wp:term":[{"taxonomy":"pwb-brand","embeddable":true,"href":"https:\/\/www.visionix.com\/pt\/wp-json\/wp\/v2\/pwb-brand?post=7264"},{"taxonomy":"product_brand","embeddable":true,"href":"https:\/\/www.visionix.com\/pt\/wp-json\/wp\/v2\/product_brand?post=7264"},{"taxonomy":"product_cat","embeddable":true,"href":"https:\/\/www.visionix.com\/pt\/wp-json\/wp\/v2\/product_cat?post=7264"},{"taxonomy":"product_tag","embeddable":true,"href":"https:\/\/www.visionix.com\/pt\/wp-json\/wp\/v2\/product_tag?post=7264"}],"curies":[{"name":"wp","href":"https:\/\/api.w.org\/{rel}","templated":true}]}}