{"id":7244,"date":"2022-03-07T14:34:09","date_gmt":"2022-03-07T13:34:09","guid":{"rendered":"https:\/\/www.visionix.com\/produit\/visionixvx110\/"},"modified":"2023-12-15T10:26:55","modified_gmt":"2023-12-15T09:26:55","slug":"segmento-anterior-analisador-visionix-vx110","status":"publish","type":"product","link":"https:\/\/www.visionix.com\/pt\/product\/segmento-anterior-analisador-visionix-vx110\/","title":{"rendered":"Visionix VX 110"},"content":{"rendered":"<p>O VX 110 \u00e9 uma plataforma multimodal, combinando auto-refrac\u00e7\u00e3o e queratometria com um top\u00f3grafo por ane\u00eds de Placido. O VX 110 oferece m\u00faltiplas funcionalidades com economia de espa\u00e7o e praticidade. O VX 110 oferece alta resolu\u00e7\u00e3o e alta precis\u00e3o mais do que a refrac\u00e7\u00e3o b\u00e1sica. Isto proporciona aos profissionais de sa\u00fade ocular a oportunidade de abra\u00e7ar o processo de c\u00f3rnea e refrac\u00e7\u00e3o e proporcionar um procedimento de teste mais f\u00e1cil e mais completo para o cl\u00ednico e o paciente.<\/p>\n","protected":false},"excerpt":{"rendered":"<p><strong>Plataforma multimodal, combinando ARK com um top\u00f3grafo por aneis de Placido<\/strong><\/p>\n<p>O VX 110 \u00e9 uma plataforma multimodal, combinando auto-refrac\u00e7\u00e3o e queratometria com um top\u00f3grafo Placido. O VX 110 oferece m\u00faltiplas funcionalidades com economia de espa\u00e7o e praticidade. O VX 110 oferece alta resolu\u00e7\u00e3o e alta precis\u00e3o mais do que a refrac\u00e7\u00e3o b\u00e1sica. Isto proporciona aos profissionais de sa\u00fade ocular a oportunidade de abra\u00e7ar o processo de refrac\u00e7\u00e3o e proporcionar um procedimento de teste mais f\u00e1cil e mais completo para o cl\u00ednico e o paciente.<\/p>\n","protected":false},"featured_media":49838,"template":"","meta":{"_acf_changed":false,"content-type":"","footnotes":""},"pwb-brand":[507],"product_brand":[],"product_cat":[171,195,196],"product_tag":[],"class_list":{"0":"post-7244","1":"product","2":"type-product","3":"status-publish","4":"has-post-thumbnail","6":"pwb-brand-visionix-pt","7":"product_cat-oftalmologia-instrumentos","8":"product_cat-equipamento-optico","9":"product_cat-optometria-instrumentos","10":"pa_product-family-refracao-pt","11":"pa_product-type-ark-pt","12":"pa_product-type-topografo-pt","14":"first","15":"instock","16":"product-type-simple"},"acf":[],"brands":[{"id":507,"name":"Visionix","slug":"visionix-pt"}],"_links":{"self":[{"href":"https:\/\/www.visionix.com\/pt\/wp-json\/wp\/v2\/product\/7244","targetHints":{"allow":["GET"]}}],"collection":[{"href":"https:\/\/www.visionix.com\/pt\/wp-json\/wp\/v2\/product"}],"about":[{"href":"https:\/\/www.visionix.com\/pt\/wp-json\/wp\/v2\/types\/product"}],"version-history":[{"count":4,"href":"https:\/\/www.visionix.com\/pt\/wp-json\/wp\/v2\/product\/7244\/revisions"}],"predecessor-version":[{"id":51483,"href":"https:\/\/www.visionix.com\/pt\/wp-json\/wp\/v2\/product\/7244\/revisions\/51483"}],"wp:featuredmedia":[{"embeddable":true,"href":"https:\/\/www.visionix.com\/pt\/wp-json\/wp\/v2\/media\/49838"}],"wp:attachment":[{"href":"https:\/\/www.visionix.com\/pt\/wp-json\/wp\/v2\/media?parent=7244"}],"wp:term":[{"taxonomy":"pwb-brand","embeddable":true,"href":"https:\/\/www.visionix.com\/pt\/wp-json\/wp\/v2\/pwb-brand?post=7244"},{"taxonomy":"product_brand","embeddable":true,"href":"https:\/\/www.visionix.com\/pt\/wp-json\/wp\/v2\/product_brand?post=7244"},{"taxonomy":"product_cat","embeddable":true,"href":"https:\/\/www.visionix.com\/pt\/wp-json\/wp\/v2\/product_cat?post=7244"},{"taxonomy":"product_tag","embeddable":true,"href":"https:\/\/www.visionix.com\/pt\/wp-json\/wp\/v2\/product_tag?post=7244"}],"curies":[{"name":"wp","href":"https:\/\/api.w.org\/{rel}","templated":true}]}}