{"id":7239,"date":"2022-03-07T14:34:09","date_gmt":"2022-03-07T13:34:09","guid":{"rendered":"https:\/\/www.visionix.com\/produit\/visionix-vx120-dry-eye\/"},"modified":"2023-12-15T10:49:51","modified_gmt":"2023-12-15T09:49:51","slug":"segmento-anterior-analisador-visionix-vx120-dry-eye","status":"publish","type":"product","link":"https:\/\/www.visionix.com\/pt\/product\/segmento-anterior-analisador-visionix-vx120-dry-eye\/","title":{"rendered":"Visionix VX 120+ Dry Eye"},"content":{"rendered":"<p>Os servi\u00e7os de rastreio fornecidos pelo VX 120+ Dry Eye d\u00e3o-lhe a oportunidade de alertar os seus pacientes sobre patologias como glaucoma, cataratas, queratocono, bem como corrigir defeitos de vis\u00e3o, incluindo os que afectam a vis\u00e3o nocturna, e ao faz\u00ea-lo, completar o painel de servi\u00e7os que oferece como optico \/ optometrista. Ganhar a fidelidade do cliente atrav\u00e9s de cuidados competentes e boas rela\u00e7\u00f5es torna-se mais f\u00e1cil. Ao dar ao cliente mais tempo, com mais informa\u00e7\u00e3o sobre a sua sa\u00fade visual, ele reconhecer\u00e1 naturalmente o seu valor acrescentado a longo prazo.<\/p>\n","protected":false},"excerpt":{"rendered":"<p><strong>Plataforma multimodal, rastreio e monitoriza\u00e7\u00e3o da s\u00edndrome do olho seco (DES)<\/strong><\/p>\n<p>Os servi\u00e7os de rastreio prestados pelo VX 120+ Dry Eye d\u00e3o-lhe a oportunidade de alertar os seus pacientes sobre patologias como glaucoma, cataratas, queratocono, bem como corrigir defeitos de vis\u00e3o, incluindo os que afectam a vis\u00e3o nocturna, e ao faz\u00ea-lo completar o painel de servi\u00e7os que oferece como optico \/ optometrista. Ganhar a fidelidade do cliente atrav\u00e9s de cuidados competentes e boas rela\u00e7\u00f5es torna-se mais f\u00e1cil. Ao dar ao cliente mais tempo, com mais informa\u00e7\u00e3o sobre a sua sa\u00fade visual, ele reconhecer\u00e1 naturalmente o seu valor acrescentado a longo prazo.<\/p>\n","protected":false},"featured_media":49882,"template":"","meta":{"_acf_changed":false,"content-type":"","footnotes":""},"pwb-brand":[507],"product_brand":[],"product_cat":[171,195,196],"product_tag":[],"class_list":{"0":"post-7239","1":"product","2":"type-product","3":"status-publish","4":"has-post-thumbnail","6":"pwb-brand-visionix-pt","7":"product_cat-oftalmologia-instrumentos","8":"product_cat-equipamento-optico","9":"product_cat-optometria-instrumentos","10":"pa_product-family-diagnosticos-pt","11":"pa_product-type-analisador-wavefront-pt","12":"pa_product-type-ark-pt","13":"pa_product-type-paquimetro-pt","14":"pa_product-type-segmento-anterior-pt","15":"pa_product-type-tonometro-pt","16":"pa_product-type-topografo-pt","18":"first","19":"instock","20":"product-type-simple"},"acf":[],"brands":[{"id":507,"name":"Visionix","slug":"visionix-pt"}],"_links":{"self":[{"href":"https:\/\/www.visionix.com\/pt\/wp-json\/wp\/v2\/product\/7239","targetHints":{"allow":["GET"]}}],"collection":[{"href":"https:\/\/www.visionix.com\/pt\/wp-json\/wp\/v2\/product"}],"about":[{"href":"https:\/\/www.visionix.com\/pt\/wp-json\/wp\/v2\/types\/product"}],"version-history":[{"count":6,"href":"https:\/\/www.visionix.com\/pt\/wp-json\/wp\/v2\/product\/7239\/revisions"}],"predecessor-version":[{"id":51497,"href":"https:\/\/www.visionix.com\/pt\/wp-json\/wp\/v2\/product\/7239\/revisions\/51497"}],"wp:featuredmedia":[{"embeddable":true,"href":"https:\/\/www.visionix.com\/pt\/wp-json\/wp\/v2\/media\/49882"}],"wp:attachment":[{"href":"https:\/\/www.visionix.com\/pt\/wp-json\/wp\/v2\/media?parent=7239"}],"wp:term":[{"taxonomy":"pwb-brand","embeddable":true,"href":"https:\/\/www.visionix.com\/pt\/wp-json\/wp\/v2\/pwb-brand?post=7239"},{"taxonomy":"product_brand","embeddable":true,"href":"https:\/\/www.visionix.com\/pt\/wp-json\/wp\/v2\/product_brand?post=7239"},{"taxonomy":"product_cat","embeddable":true,"href":"https:\/\/www.visionix.com\/pt\/wp-json\/wp\/v2\/product_cat?post=7239"},{"taxonomy":"product_tag","embeddable":true,"href":"https:\/\/www.visionix.com\/pt\/wp-json\/wp\/v2\/product_tag?post=7239"}],"curies":[{"name":"wp","href":"https:\/\/api.w.org\/{rel}","templated":true}]}}