{"id":7237,"date":"2022-03-07T14:34:09","date_gmt":"2022-03-07T13:34:09","guid":{"rendered":"https:\/\/www.visionix.com\/produit\/visionix-vx130\/"},"modified":"2023-12-15T10:59:07","modified_gmt":"2023-12-15T09:59:07","slug":"segmento-anterior-analisador-vx130","status":"publish","type":"product","link":"https:\/\/www.visionix.com\/pt\/product\/segmento-anterior-analisador-vx130\/","title":{"rendered":"Visionix VX 130+"},"content":{"rendered":"<p>Tenha sucesso em todos os seus diagn\u00f3sticos: detec\u00e7\u00e3o de glaucoma e queratocono, identifica\u00e7ao de pacientes para cirurgia de cataratas, identifica\u00e7\u00e3o de pacientes para cirurgia refractiva. O VX 130+ combina tecnologias de ponta e fornece dados essenciais para um tratamento \u00f3ptimo dos olhos dos pacientes. O VX 130+ \u00e9 o sistema ideal de monitoriza\u00e7\u00e3o de pacientes.<\/p>\n","protected":false},"excerpt":{"rendered":"<p><strong>Plataforma multimodal, Exame completo do segmento anterior do olho<\/strong><\/p>\n<p>Tenha sucesso em todos os seus diagn\u00f3sticos: detec\u00e7\u00e3o de glaucoma e queratocono, identifica\u00e7\u00e3o de pacientes para cirurgia de cataratas, identifica\u00e7\u00e3o de pacientes para cirurgia refractiva. O VX 130+ combina tecnologias de ponta e fornece dados essenciais para um tratamento \u00f3ptimo dos olhos dos pacientes. O VX 130+ \u00e9 o sistema ideal de monitoriza\u00e7\u00e3o de pacientes.<\/p>\n","protected":false},"featured_media":49690,"template":"","meta":{"_acf_changed":false,"content-type":"","footnotes":""},"pwb-brand":[507],"product_brand":[],"product_cat":[171,196],"product_tag":[],"class_list":{"0":"post-7237","1":"product","2":"type-product","3":"status-publish","4":"has-post-thumbnail","6":"pwb-brand-visionix-pt","7":"product_cat-oftalmologia-instrumentos","8":"product_cat-optometria-instrumentos","9":"pa_product-family-diagnosticos-pt","10":"pa_product-type-analisador-wavefront-pt","11":"pa_product-type-ark-pt","12":"pa_product-type-paquimetro-pt","13":"pa_product-type-segmento-anterior-pt","14":"pa_product-type-tonometro-pt","15":"pa_product-type-topografo-pt","17":"first","18":"instock","19":"product-type-simple"},"acf":[],"brands":[{"id":507,"name":"Visionix","slug":"visionix-pt"}],"_links":{"self":[{"href":"https:\/\/www.visionix.com\/pt\/wp-json\/wp\/v2\/product\/7237","targetHints":{"allow":["GET"]}}],"collection":[{"href":"https:\/\/www.visionix.com\/pt\/wp-json\/wp\/v2\/product"}],"about":[{"href":"https:\/\/www.visionix.com\/pt\/wp-json\/wp\/v2\/types\/product"}],"version-history":[{"count":12,"href":"https:\/\/www.visionix.com\/pt\/wp-json\/wp\/v2\/product\/7237\/revisions"}],"predecessor-version":[{"id":51501,"href":"https:\/\/www.visionix.com\/pt\/wp-json\/wp\/v2\/product\/7237\/revisions\/51501"}],"wp:featuredmedia":[{"embeddable":true,"href":"https:\/\/www.visionix.com\/pt\/wp-json\/wp\/v2\/media\/49690"}],"wp:attachment":[{"href":"https:\/\/www.visionix.com\/pt\/wp-json\/wp\/v2\/media?parent=7237"}],"wp:term":[{"taxonomy":"pwb-brand","embeddable":true,"href":"https:\/\/www.visionix.com\/pt\/wp-json\/wp\/v2\/pwb-brand?post=7237"},{"taxonomy":"product_brand","embeddable":true,"href":"https:\/\/www.visionix.com\/pt\/wp-json\/wp\/v2\/product_brand?post=7237"},{"taxonomy":"product_cat","embeddable":true,"href":"https:\/\/www.visionix.com\/pt\/wp-json\/wp\/v2\/product_cat?post=7237"},{"taxonomy":"product_tag","embeddable":true,"href":"https:\/\/www.visionix.com\/pt\/wp-json\/wp\/v2\/product_tag?post=7237"}],"curies":[{"name":"wp","href":"https:\/\/api.w.org\/{rel}","templated":true}]}}