{"id":7222,"date":"2022-03-07T14:34:09","date_gmt":"2022-03-07T13:34:09","guid":{"rendered":"https:\/\/www.visionix.com\/produit\/visionix-vx25\/"},"modified":"2024-03-29T14:08:58","modified_gmt":"2024-03-29T13:08:58","slug":"acuidade-digital-paineis-visionix-vx25","status":"publish","type":"product","link":"https:\/\/www.visionix.com\/pt\/product\/acuidade-digital-paineis-visionix-vx25\/","title":{"rendered":"Visionix VX 25"},"content":{"rendered":"<p>Este ecr\u00e3 foi concebido para \u00f3ptimos resultados no gabinete gra\u00e7as ao seu design ergon\u00f3mico, estilo aerodin\u00e2mico, e ao grande n\u00famero de testes inclu\u00eddos.<br \/>\nEste dispositivo \u00e9 utilizado com o sistema Eye Refract para fins de diagn\u00f3stico em oftalmologia, acuidade visual e testes de vis\u00e3o binocular.<\/p>\n","protected":false},"excerpt":{"rendered":"<p><strong>Solu\u00e7\u00e3o de opt\u00f3tipos de economia de espa\u00e7o<\/strong><\/p>\n<p>Este ecr\u00e3 foi concebido para obter resultados \u00f3ptimos no gabinete gra\u00e7as ao seu design ergon\u00f3mico, estilo simplificado, e ao grande n\u00famero de testes inclu\u00eddos.<br \/>\nEste dispositivo \u00e9 utilizado com o sistema Eye Refract para fins de diagn\u00f3stico em optico, acuidade visual e testes de vis\u00e3o binocular.<\/p>\n","protected":false},"featured_media":59362,"template":"","meta":{"_acf_changed":false,"content-type":"","footnotes":""},"pwb-brand":[507],"product_brand":[],"product_cat":[171,195,196],"product_tag":[],"class_list":{"0":"post-7222","1":"product","2":"type-product","3":"status-publish","4":"has-post-thumbnail","6":"pwb-brand-visionix-pt","7":"product_cat-oftalmologia-instrumentos","8":"product_cat-equipamento-optico","9":"product_cat-optometria-instrumentos","10":"pa_product-family-refracao-pt","11":"pa_product-type-ecras-optotipos-pt","13":"first","14":"instock","15":"product-type-simple"},"acf":[],"brands":[{"id":507,"name":"Visionix","slug":"visionix-pt"}],"_links":{"self":[{"href":"https:\/\/www.visionix.com\/pt\/wp-json\/wp\/v2\/product\/7222","targetHints":{"allow":["GET"]}}],"collection":[{"href":"https:\/\/www.visionix.com\/pt\/wp-json\/wp\/v2\/product"}],"about":[{"href":"https:\/\/www.visionix.com\/pt\/wp-json\/wp\/v2\/types\/product"}],"version-history":[{"count":5,"href":"https:\/\/www.visionix.com\/pt\/wp-json\/wp\/v2\/product\/7222\/revisions"}],"predecessor-version":[{"id":54070,"href":"https:\/\/www.visionix.com\/pt\/wp-json\/wp\/v2\/product\/7222\/revisions\/54070"}],"wp:featuredmedia":[{"embeddable":true,"href":"https:\/\/www.visionix.com\/pt\/wp-json\/wp\/v2\/media\/59362"}],"wp:attachment":[{"href":"https:\/\/www.visionix.com\/pt\/wp-json\/wp\/v2\/media?parent=7222"}],"wp:term":[{"taxonomy":"pwb-brand","embeddable":true,"href":"https:\/\/www.visionix.com\/pt\/wp-json\/wp\/v2\/pwb-brand?post=7222"},{"taxonomy":"product_brand","embeddable":true,"href":"https:\/\/www.visionix.com\/pt\/wp-json\/wp\/v2\/product_brand?post=7222"},{"taxonomy":"product_cat","embeddable":true,"href":"https:\/\/www.visionix.com\/pt\/wp-json\/wp\/v2\/product_cat?post=7222"},{"taxonomy":"product_tag","embeddable":true,"href":"https:\/\/www.visionix.com\/pt\/wp-json\/wp\/v2\/product_tag?post=7222"}],"curies":[{"name":"wp","href":"https:\/\/api.w.org\/{rel}","templated":true}]}}