{"id":7214,"date":"2022-03-07T14:34:09","date_gmt":"2022-03-07T13:34:09","guid":{"rendered":"https:\/\/www.visionix.com\/produit\/visionix-vx22\/"},"modified":"2023-02-03T09:36:13","modified_gmt":"2023-02-03T08:36:13","slug":"acuidade-digital-paineis-visionix-vx22","status":"publish","type":"product","link":"https:\/\/www.visionix.com\/pt\/product\/acuidade-digital-paineis-visionix-vx22\/","title":{"rendered":"Visionix VX 22"},"content":{"rendered":"<p>O ecr\u00e3 LCD VX 22, com o seu tamanho de 23,6&#8243; est\u00e1 dispon\u00edvel em 3 vers\u00f5es: n\u00e3o polarizada, polariza\u00e7\u00e3o linear e polariza\u00e7\u00e3o circular sendo adapt\u00e1veis a qualquer pedido e utiliza\u00e7\u00e3o de cada pa\u00eds. Este ecr\u00e3 foi concebido para obter resultados \u00f3ptimos no gabinete de exames gra\u00e7as ao seu design ergon\u00f3mico, estilo aerodin\u00e2mico, e ao grande n\u00famero de testes inclu\u00eddos.<\/p>\n","protected":false},"excerpt":{"rendered":"<p><strong>Opt\u00f3tipos circulares, lineares e n\u00e3o polarizadas<\/strong><\/p>\n<p>O ecr\u00e3 LCD VX 22, com o seu tamanho de 23,6 est\u00e1 dispon\u00edvel em 3 vers\u00f5es: n\u00e3o polarizadas, linear e circular, assim adapt\u00e1veis a qualquer pedido e utiliza\u00e7\u00e3o de cada pa\u00eds. Este ecr\u00e3 foi concebido para obter resultados \u00f3ptimos no gabinete gra\u00e7as ao seu design ergon\u00f3mico, estilo aerodin\u00e2mico e ao grande n\u00famero de testes inclu\u00eddos.<\/p>\n","protected":false},"featured_media":42638,"template":"","meta":{"_acf_changed":false,"content-type":"","footnotes":""},"pwb-brand":[507],"product_brand":[],"product_cat":[171,195,196],"product_tag":[],"class_list":{"0":"post-7214","1":"product","2":"type-product","3":"status-publish","4":"has-post-thumbnail","6":"pwb-brand-visionix-pt","7":"product_cat-oftalmologia-instrumentos","8":"product_cat-equipamento-optico","9":"product_cat-optometria-instrumentos","10":"pa_product-family-refracao-pt","11":"pa_product-type-ecras-optotipos-pt","13":"first","14":"instock","15":"product-type-simple"},"acf":[],"brands":[{"id":507,"name":"Visionix","slug":"visionix-pt"}],"_links":{"self":[{"href":"https:\/\/www.visionix.com\/pt\/wp-json\/wp\/v2\/product\/7214","targetHints":{"allow":["GET"]}}],"collection":[{"href":"https:\/\/www.visionix.com\/pt\/wp-json\/wp\/v2\/product"}],"about":[{"href":"https:\/\/www.visionix.com\/pt\/wp-json\/wp\/v2\/types\/product"}],"version-history":[{"count":4,"href":"https:\/\/www.visionix.com\/pt\/wp-json\/wp\/v2\/product\/7214\/revisions"}],"predecessor-version":[{"id":36306,"href":"https:\/\/www.visionix.com\/pt\/wp-json\/wp\/v2\/product\/7214\/revisions\/36306"}],"wp:featuredmedia":[{"embeddable":true,"href":"https:\/\/www.visionix.com\/pt\/wp-json\/wp\/v2\/media\/42638"}],"wp:attachment":[{"href":"https:\/\/www.visionix.com\/pt\/wp-json\/wp\/v2\/media?parent=7214"}],"wp:term":[{"taxonomy":"pwb-brand","embeddable":true,"href":"https:\/\/www.visionix.com\/pt\/wp-json\/wp\/v2\/pwb-brand?post=7214"},{"taxonomy":"product_brand","embeddable":true,"href":"https:\/\/www.visionix.com\/pt\/wp-json\/wp\/v2\/product_brand?post=7214"},{"taxonomy":"product_cat","embeddable":true,"href":"https:\/\/www.visionix.com\/pt\/wp-json\/wp\/v2\/product_cat?post=7214"},{"taxonomy":"product_tag","embeddable":true,"href":"https:\/\/www.visionix.com\/pt\/wp-json\/wp\/v2\/product_tag?post=7214"}],"curies":[{"name":"wp","href":"https:\/\/api.w.org\/{rel}","templated":true}]}}