{"id":7184,"date":"2022-03-07T14:34:09","date_gmt":"2022-03-07T13:34:09","guid":{"rendered":"https:\/\/www.visionix.com\/produit\/briot-perception-2\/"},"modified":"2023-02-03T10:44:57","modified_gmt":"2023-02-03T09:44:57","slug":"acabamento-de-lentes-briot-perception-2","status":"publish","type":"product","link":"https:\/\/www.visionix.com\/pt\/product\/acabamento-de-lentes-briot-perception-2\/","title":{"rendered":"Briot Perception 2"},"content":{"rendered":"<p>Para aqueles que procuram o n\u00edvel de entrada perfeito com perfura\u00e7\u00e3o para a sua oficina de acabamento, simplesmente n\u00e3o podem fazer melhor do que o Perception 2<\/p>\n","protected":false},"excerpt":{"rendered":"<p><strong>O sistema de entrada perfeito all-in-one<\/strong><\/p>\n<p>Para quem procura o sistema de entrada perfeito com perfura\u00e7\u00e3o para a sua oficina, simplesmente n\u00e3o pode fazer melhor do que a Percep\u00e7\u00e3o 2.<\/p>\n","protected":false},"featured_media":42320,"template":"","meta":{"_acf_changed":false,"content-type":"","footnotes":""},"pwb-brand":[496],"product_brand":[],"product_cat":[195,196],"product_tag":[],"class_list":{"0":"post-7184","1":"product","2":"type-product","3":"status-publish","4":"has-post-thumbnail","6":"pwb-brand-briot-pt","7":"product_cat-equipamento-optico","8":"product_cat-optometria-instrumentos","9":"pa_product-family-biselado-pt","10":"pa_product-type-sistemas-de-biselado-pt","12":"first","13":"instock","14":"product-type-simple"},"acf":[],"brands":[{"id":496,"name":"Briot","slug":"briot-pt"}],"_links":{"self":[{"href":"https:\/\/www.visionix.com\/pt\/wp-json\/wp\/v2\/product\/7184","targetHints":{"allow":["GET"]}}],"collection":[{"href":"https:\/\/www.visionix.com\/pt\/wp-json\/wp\/v2\/product"}],"about":[{"href":"https:\/\/www.visionix.com\/pt\/wp-json\/wp\/v2\/types\/product"}],"version-history":[{"count":6,"href":"https:\/\/www.visionix.com\/pt\/wp-json\/wp\/v2\/product\/7184\/revisions"}],"predecessor-version":[{"id":36502,"href":"https:\/\/www.visionix.com\/pt\/wp-json\/wp\/v2\/product\/7184\/revisions\/36502"}],"wp:featuredmedia":[{"embeddable":true,"href":"https:\/\/www.visionix.com\/pt\/wp-json\/wp\/v2\/media\/42320"}],"wp:attachment":[{"href":"https:\/\/www.visionix.com\/pt\/wp-json\/wp\/v2\/media?parent=7184"}],"wp:term":[{"taxonomy":"pwb-brand","embeddable":true,"href":"https:\/\/www.visionix.com\/pt\/wp-json\/wp\/v2\/pwb-brand?post=7184"},{"taxonomy":"product_brand","embeddable":true,"href":"https:\/\/www.visionix.com\/pt\/wp-json\/wp\/v2\/product_brand?post=7184"},{"taxonomy":"product_cat","embeddable":true,"href":"https:\/\/www.visionix.com\/pt\/wp-json\/wp\/v2\/product_cat?post=7184"},{"taxonomy":"product_tag","embeddable":true,"href":"https:\/\/www.visionix.com\/pt\/wp-json\/wp\/v2\/product_tag?post=7184"}],"curies":[{"name":"wp","href":"https:\/\/api.w.org\/{rel}","templated":true}]}}