{"id":7175,"date":"2022-09-07T14:34:09","date_gmt":"2022-09-07T12:34:09","guid":{"rendered":"https:\/\/www.visionix.com\/produit\/briot-couture\/"},"modified":"2025-08-26T15:28:41","modified_gmt":"2025-08-26T13:28:41","slug":"acabamento-de-lentes-briot-couture","status":"publish","type":"product","link":"https:\/\/www.visionix.com\/pt\/product\/acabamento-de-lentes-briot-couture\/","title":{"rendered":"Briot Couture"},"content":{"rendered":"<p>Briot Couture: um sistema de acabamento de lentes altamente intuitivo adequado a qualquer loja de \u00f3ptica. Briot Couture inclui a primeira tecnologia virtual de renderiza\u00e7\u00e3o de lentes 3D do mundo para simplificar o processo de acabamento para todos os \u00f3pticos.<\/p>\n","protected":false},"excerpt":{"rendered":"<p><strong> Visualiza\u00e7\u00e3o \u00fanica em 3D e biselagem inteligente<\/strong><\/p>\n<p>Briot Couture: um sistema de acabamento de lentes altamente intuitivo adequado para qualquer \u00f3ptica. Briot Couture inclui a primeira tecnologia de renderiza\u00e7\u00e3o de lentes virtuais 3D do mundo para simplificar o processo de acabamento para todos os \u00f3pticos.<\/p>\n","protected":false},"featured_media":46675,"template":"","meta":{"_acf_changed":false,"content-type":"","footnotes":""},"pwb-brand":[496],"product_brand":[],"product_cat":[195,196],"product_tag":[],"class_list":{"0":"post-7175","1":"product","2":"type-product","3":"status-publish","4":"has-post-thumbnail","6":"pwb-brand-briot-pt","7":"product_cat-equipamento-optico","8":"product_cat-optometria-instrumentos","9":"pa_product-family-biselado-pt","10":"pa_product-type-sistemas-de-biselado-pt","12":"first","13":"instock","14":"featured","15":"product-type-simple"},"acf":[],"brands":[{"id":496,"name":"Briot","slug":"briot-pt"}],"_links":{"self":[{"href":"https:\/\/www.visionix.com\/pt\/wp-json\/wp\/v2\/product\/7175","targetHints":{"allow":["GET"]}}],"collection":[{"href":"https:\/\/www.visionix.com\/pt\/wp-json\/wp\/v2\/product"}],"about":[{"href":"https:\/\/www.visionix.com\/pt\/wp-json\/wp\/v2\/types\/product"}],"version-history":[{"count":9,"href":"https:\/\/www.visionix.com\/pt\/wp-json\/wp\/v2\/product\/7175\/revisions"}],"predecessor-version":[{"id":73538,"href":"https:\/\/www.visionix.com\/pt\/wp-json\/wp\/v2\/product\/7175\/revisions\/73538"}],"wp:featuredmedia":[{"embeddable":true,"href":"https:\/\/www.visionix.com\/pt\/wp-json\/wp\/v2\/media\/46675"}],"wp:attachment":[{"href":"https:\/\/www.visionix.com\/pt\/wp-json\/wp\/v2\/media?parent=7175"}],"wp:term":[{"taxonomy":"pwb-brand","embeddable":true,"href":"https:\/\/www.visionix.com\/pt\/wp-json\/wp\/v2\/pwb-brand?post=7175"},{"taxonomy":"product_brand","embeddable":true,"href":"https:\/\/www.visionix.com\/pt\/wp-json\/wp\/v2\/product_brand?post=7175"},{"taxonomy":"product_cat","embeddable":true,"href":"https:\/\/www.visionix.com\/pt\/wp-json\/wp\/v2\/product_cat?post=7175"},{"taxonomy":"product_tag","embeddable":true,"href":"https:\/\/www.visionix.com\/pt\/wp-json\/wp\/v2\/product_tag?post=7175"}],"curies":[{"name":"wp","href":"https:\/\/api.w.org\/{rel}","templated":true}]}}