{"id":7147,"date":"2022-03-07T14:34:09","date_gmt":"2022-03-07T13:34:09","guid":{"rendered":"https:\/\/www.visionix.com\/produit\/briot-emotion-2\/"},"modified":"2023-02-03T11:02:34","modified_gmt":"2023-02-03T10:02:34","slug":"acabamento-de-lentes-briot-emotion-2","status":"publish","type":"product","link":"https:\/\/www.visionix.com\/pt\/product\/acabamento-de-lentes-briot-emotion-2\/","title":{"rendered":"Briot Emotion 2"},"content":{"rendered":"<p>O Briot Emotion 2 \u00e9 um sistema de biselar tudo-em-um que inclui a tra\u00e7agem, bloqueio, biselar, ranhuramento e perfura\u00e7\u00e3o numa \u00fanica unidade. Com a Emotion 2 o ajuste perfeito \u00e9 poss\u00edvel.<\/p>\n","protected":false},"excerpt":{"rendered":"<p><strong>Simplesidade poderosa<\/strong><\/p>\n<p>A Briot Emotion 2 \u00e9 um sistema de biselar tudo-em-um que inclui a tra\u00e7agem, bloqueio, biselagem, ranhuramento e perfura\u00e7\u00e3o numa \u00fanica unidade. Com a Emotion 2 \u00e9 poss\u00edvel o encaixe perfeito.<\/p>\n","protected":false},"featured_media":42289,"template":"","meta":{"_acf_changed":false,"content-type":"","footnotes":""},"pwb-brand":[496],"product_brand":[],"product_cat":[195,196],"product_tag":[],"class_list":{"0":"post-7147","1":"product","2":"type-product","3":"status-publish","4":"has-post-thumbnail","6":"pwb-brand-briot-pt","7":"product_cat-equipamento-optico","8":"product_cat-optometria-instrumentos","9":"pa_product-family-biselado-pt","10":"pa_product-type-sistemas-de-biselado-pt","12":"first","13":"instock","14":"product-type-simple"},"acf":[],"brands":[{"id":496,"name":"Briot","slug":"briot-pt"}],"_links":{"self":[{"href":"https:\/\/www.visionix.com\/pt\/wp-json\/wp\/v2\/product\/7147","targetHints":{"allow":["GET"]}}],"collection":[{"href":"https:\/\/www.visionix.com\/pt\/wp-json\/wp\/v2\/product"}],"about":[{"href":"https:\/\/www.visionix.com\/pt\/wp-json\/wp\/v2\/types\/product"}],"version-history":[{"count":5,"href":"https:\/\/www.visionix.com\/pt\/wp-json\/wp\/v2\/product\/7147\/revisions"}],"predecessor-version":[{"id":36529,"href":"https:\/\/www.visionix.com\/pt\/wp-json\/wp\/v2\/product\/7147\/revisions\/36529"}],"wp:featuredmedia":[{"embeddable":true,"href":"https:\/\/www.visionix.com\/pt\/wp-json\/wp\/v2\/media\/42289"}],"wp:attachment":[{"href":"https:\/\/www.visionix.com\/pt\/wp-json\/wp\/v2\/media?parent=7147"}],"wp:term":[{"taxonomy":"pwb-brand","embeddable":true,"href":"https:\/\/www.visionix.com\/pt\/wp-json\/wp\/v2\/pwb-brand?post=7147"},{"taxonomy":"product_brand","embeddable":true,"href":"https:\/\/www.visionix.com\/pt\/wp-json\/wp\/v2\/product_brand?post=7147"},{"taxonomy":"product_cat","embeddable":true,"href":"https:\/\/www.visionix.com\/pt\/wp-json\/wp\/v2\/product_cat?post=7147"},{"taxonomy":"product_tag","embeddable":true,"href":"https:\/\/www.visionix.com\/pt\/wp-json\/wp\/v2\/product_tag?post=7147"}],"curies":[{"name":"wp","href":"https:\/\/api.w.org\/{rel}","templated":true}]}}