{"id":7107,"date":"2022-03-07T14:34:09","date_gmt":"2022-03-07T13:34:09","guid":{"rendered":"https:\/\/www.visionix.com\/produit\/visionix-vx40\/"},"modified":"2024-10-31T09:52:40","modified_gmt":"2024-10-31T08:52:40","slug":"auto-focometro-visionix-vx40","status":"publish","type":"product","link":"https:\/\/www.visionix.com\/pt\/product\/auto-focometro-visionix-vx40\/","title":{"rendered":"Visionix VX 40"},"content":{"rendered":"<p>A tecnologia Visionix Wavefront permite-lhe ter uma an\u00e1lise completa e detalhada de uma arma\u00e7\u00e3o com o premir de um bot\u00e3o. Experimente a pr\u00f3xima gera\u00e7\u00e3o de analisadores autom\u00e1tico com o VX 40. O VX 40 pode detectar e analisar lentes mon\u00f3focais, bifocais e lentes progressivas e \u00e9 compat\u00edvel com todas as tecnologias e marcas de lentes.<\/p>\n","protected":false},"excerpt":{"rendered":"<p><strong>An\u00e1lise completa da prescri\u00e7\u00e3o em 30 segundos<\/strong><\/p>\n<p>A tecnologia Visionix Wavefront permite-lhe ter uma an\u00e1lise completa e detalhada de uma arma\u00e7\u00e3o ao premir o bot\u00e3o. Experimente a pr\u00f3xima gera\u00e7\u00e3o de analisadores autom\u00e1ticos como o VX 40. O VX 40 pode detectar e analisar lentes mon\u00f3focais, lentes bifocais e progressivas e \u00e9 compat\u00edvel com todas as tecnologias e marcas de lentes.<\/p>\n","protected":false},"featured_media":48514,"template":"","meta":{"_acf_changed":false,"content-type":"","footnotes":""},"pwb-brand":[507],"product_brand":[],"product_cat":[171,195,196],"product_tag":[],"class_list":{"0":"post-7107","1":"product","2":"type-product","3":"status-publish","4":"has-post-thumbnail","6":"pwb-brand-visionix-pt","7":"product_cat-oftalmologia-instrumentos","8":"product_cat-equipamento-optico","9":"product_cat-optometria-instrumentos","10":"pa_product-family-refracao-pt","11":"pa_product-type-focometro-pt","12":"pa_product-type-lens-analyzer-pt","14":"first","15":"instock","16":"product-type-simple"},"acf":[],"brands":[{"id":507,"name":"Visionix","slug":"visionix-pt"}],"_links":{"self":[{"href":"https:\/\/www.visionix.com\/pt\/wp-json\/wp\/v2\/product\/7107","targetHints":{"allow":["GET"]}}],"collection":[{"href":"https:\/\/www.visionix.com\/pt\/wp-json\/wp\/v2\/product"}],"about":[{"href":"https:\/\/www.visionix.com\/pt\/wp-json\/wp\/v2\/types\/product"}],"version-history":[{"count":7,"href":"https:\/\/www.visionix.com\/pt\/wp-json\/wp\/v2\/product\/7107\/revisions"}],"predecessor-version":[{"id":59639,"href":"https:\/\/www.visionix.com\/pt\/wp-json\/wp\/v2\/product\/7107\/revisions\/59639"}],"wp:featuredmedia":[{"embeddable":true,"href":"https:\/\/www.visionix.com\/pt\/wp-json\/wp\/v2\/media\/48514"}],"wp:attachment":[{"href":"https:\/\/www.visionix.com\/pt\/wp-json\/wp\/v2\/media?parent=7107"}],"wp:term":[{"taxonomy":"pwb-brand","embeddable":true,"href":"https:\/\/www.visionix.com\/pt\/wp-json\/wp\/v2\/pwb-brand?post=7107"},{"taxonomy":"product_brand","embeddable":true,"href":"https:\/\/www.visionix.com\/pt\/wp-json\/wp\/v2\/product_brand?post=7107"},{"taxonomy":"product_cat","embeddable":true,"href":"https:\/\/www.visionix.com\/pt\/wp-json\/wp\/v2\/product_cat?post=7107"},{"taxonomy":"product_tag","embeddable":true,"href":"https:\/\/www.visionix.com\/pt\/wp-json\/wp\/v2\/product_tag?post=7107"}],"curies":[{"name":"wp","href":"https:\/\/api.w.org\/{rel}","templated":true}]}}