{"id":7103,"date":"2022-03-07T14:34:09","date_gmt":"2022-03-07T13:34:09","guid":{"rendered":"https:\/\/www.visionix.com\/produit\/visionix-vx70\/"},"modified":"2022-07-26T16:06:13","modified_gmt":"2022-07-26T14:06:13","slug":"lampadas-da-fenda-exame-visionix-vx70","status":"publish","type":"product","link":"https:\/\/www.visionix.com\/pt\/product\/lampadas-da-fenda-exame-visionix-vx70\/","title":{"rendered":"Visionix VX 70"},"content":{"rendered":"<p>O design moderno e o sistema multicamadas da Visionix VX 70 transmite luz de forma mais eficiente e satisfar\u00e1 todas as necessidades de l\u00e2mpada de fenda da sua pr\u00e1tica.<br \/>\nA luz LED consome menos energia e pode durar mais de cem vezes mais do que uma fonte de halog\u00e9neo.\u00a0 O LED tamb\u00e9m proporciona uma ilumina\u00e7\u00e3o mais uniforme, aumentando a qualidade de imagem.<\/p>\n","protected":false},"excerpt":{"rendered":"<p><strong>Visionix VX 70 L\u00e2mpada de Fenda de Exame VX 70<\/strong><\/p>\n<p>O design moderno e o sistema multicamadas da Visionix VX 70 transmite luz de forma mais eficiente e satisfar\u00e1 todas as necessidades de l\u00e2mpada cortada da sua pr\u00e1tica.<br \/>\nA luz LED consome menos energia e pode durar mais de cem vezes mais do que uma fonte de halog\u00e9neo. O LED tamb\u00e9m proporciona uma ilumina\u00e7\u00e3o mais uniforme, aumentando a qualidade de imagem.<\/p>\n","protected":false},"featured_media":40855,"template":"","meta":{"_acf_changed":false,"content-type":"","footnotes":""},"pwb-brand":[507],"product_brand":[],"product_cat":[171,195,196],"product_tag":[],"class_list":{"0":"post-7103","1":"product","2":"type-product","3":"status-publish","4":"has-post-thumbnail","6":"pwb-brand-visionix-pt","7":"product_cat-oftalmologia-instrumentos","8":"product_cat-equipamento-optico","9":"product_cat-optometria-instrumentos","10":"pa_product-family-diagnosticos-pt","11":"pa_product-type-lampadas-da-fenda-pt-2","13":"first","14":"instock","15":"product-type-simple"},"acf":[],"brands":[{"id":507,"name":"Visionix","slug":"visionix-pt"}],"_links":{"self":[{"href":"https:\/\/www.visionix.com\/pt\/wp-json\/wp\/v2\/product\/7103","targetHints":{"allow":["GET"]}}],"collection":[{"href":"https:\/\/www.visionix.com\/pt\/wp-json\/wp\/v2\/product"}],"about":[{"href":"https:\/\/www.visionix.com\/pt\/wp-json\/wp\/v2\/types\/product"}],"version-history":[{"count":3,"href":"https:\/\/www.visionix.com\/pt\/wp-json\/wp\/v2\/product\/7103\/revisions"}],"predecessor-version":[{"id":30446,"href":"https:\/\/www.visionix.com\/pt\/wp-json\/wp\/v2\/product\/7103\/revisions\/30446"}],"wp:featuredmedia":[{"embeddable":true,"href":"https:\/\/www.visionix.com\/pt\/wp-json\/wp\/v2\/media\/40855"}],"wp:attachment":[{"href":"https:\/\/www.visionix.com\/pt\/wp-json\/wp\/v2\/media?parent=7103"}],"wp:term":[{"taxonomy":"pwb-brand","embeddable":true,"href":"https:\/\/www.visionix.com\/pt\/wp-json\/wp\/v2\/pwb-brand?post=7103"},{"taxonomy":"product_brand","embeddable":true,"href":"https:\/\/www.visionix.com\/pt\/wp-json\/wp\/v2\/product_brand?post=7103"},{"taxonomy":"product_cat","embeddable":true,"href":"https:\/\/www.visionix.com\/pt\/wp-json\/wp\/v2\/product_cat?post=7103"},{"taxonomy":"product_tag","embeddable":true,"href":"https:\/\/www.visionix.com\/pt\/wp-json\/wp\/v2\/product_tag?post=7103"}],"curies":[{"name":"wp","href":"https:\/\/api.w.org\/{rel}","templated":true}]}}