{"id":7102,"date":"2022-03-07T14:34:09","date_gmt":"2022-03-07T13:34:09","guid":{"rendered":"https:\/\/www.visionix.com\/produit\/visionix-vx36\/"},"modified":"2026-03-18T15:07:43","modified_gmt":"2026-03-18T14:07:43","slug":"auto-focometro-visionix-vx36","status":"publish","type":"product","link":"https:\/\/www.visionix.com\/pt\/product\/auto-focometro-visionix-vx36\/","title":{"rendered":"Visionix VX 36"},"content":{"rendered":"<p>Esta gera\u00e7\u00e3o de foc\u00f3metros permite a medi\u00e7\u00e3o da taxa de transmiss\u00e3o da luz azul e oferece uma interface de utilizador intuitiva para permitir ao utilizador efectuar medi\u00e7\u00f5es de lentes de forma simples e f\u00e1cil.<\/p>\n","protected":false},"excerpt":{"rendered":"<p><strong>Realiza medi\u00e7\u00f5es de lentes de forma simples e f\u00e1cil<\/strong><\/p>\n<p>Esta gera\u00e7\u00e3o de foc\u00f3metros permite a medi\u00e7\u00e3o da taxa de transmiss\u00e3o da luz azul e oferece uma interface de utilizador intuitiva para permitir ao utilizador efectuar medi\u00e7\u00f5es de lentes de forma simples e f\u00e1cil.<\/p>\n","protected":false},"featured_media":55793,"template":"","meta":{"_acf_changed":false,"content-type":"","footnotes":""},"pwb-brand":[507],"product_brand":[],"product_cat":[171,195,196],"product_tag":[],"class_list":{"0":"post-7102","1":"product","2":"type-product","3":"status-publish","4":"has-post-thumbnail","6":"pwb-brand-visionix-pt","7":"product_cat-oftalmologia-instrumentos","8":"product_cat-equipamento-optico","9":"product_cat-optometria-instrumentos","11":"first","12":"instock","13":"product-type-simple"},"acf":[],"brands":[{"id":507,"name":"Visionix","slug":"visionix-pt"}],"_links":{"self":[{"href":"https:\/\/www.visionix.com\/pt\/wp-json\/wp\/v2\/product\/7102","targetHints":{"allow":["GET"]}}],"collection":[{"href":"https:\/\/www.visionix.com\/pt\/wp-json\/wp\/v2\/product"}],"about":[{"href":"https:\/\/www.visionix.com\/pt\/wp-json\/wp\/v2\/types\/product"}],"version-history":[{"count":8,"href":"https:\/\/www.visionix.com\/pt\/wp-json\/wp\/v2\/product\/7102\/revisions"}],"predecessor-version":[{"id":78709,"href":"https:\/\/www.visionix.com\/pt\/wp-json\/wp\/v2\/product\/7102\/revisions\/78709"}],"wp:featuredmedia":[{"embeddable":true,"href":"https:\/\/www.visionix.com\/pt\/wp-json\/wp\/v2\/media\/55793"}],"wp:attachment":[{"href":"https:\/\/www.visionix.com\/pt\/wp-json\/wp\/v2\/media?parent=7102"}],"wp:term":[{"taxonomy":"pwb-brand","embeddable":true,"href":"https:\/\/www.visionix.com\/pt\/wp-json\/wp\/v2\/pwb-brand?post=7102"},{"taxonomy":"product_brand","embeddable":true,"href":"https:\/\/www.visionix.com\/pt\/wp-json\/wp\/v2\/product_brand?post=7102"},{"taxonomy":"product_cat","embeddable":true,"href":"https:\/\/www.visionix.com\/pt\/wp-json\/wp\/v2\/product_cat?post=7102"},{"taxonomy":"product_tag","embeddable":true,"href":"https:\/\/www.visionix.com\/pt\/wp-json\/wp\/v2\/product_tag?post=7102"}],"curies":[{"name":"wp","href":"https:\/\/api.w.org\/{rel}","templated":true}]}}