{"id":7092,"date":"2022-03-07T14:34:09","date_gmt":"2022-03-07T13:34:09","guid":{"rendered":"https:\/\/www.visionix.com\/produit\/visionix-vx75\/"},"modified":"2022-07-26T16:06:13","modified_gmt":"2022-07-26T14:06:13","slug":"lampadas-da-fenda-exame-visionix-vx75","status":"publish","type":"product","link":"https:\/\/www.visionix.com\/pt\/product\/lampadas-da-fenda-exame-visionix-vx75\/","title":{"rendered":"Visionix VX 75"},"content":{"rendered":"<p>Excelente \u00f3ptica e imagem brilhante distinguem a L\u00e2mpada de Fenda Visionix VX 75 dos modelos da concorr\u00eancia. \u00d3ptica e tecnologia de luz fi\u00e1veis asseguram uma qualidade de imagem superior. Experimente imagens de alto contraste e brilhantes com lentes \u00f3pticas de AR multi-revestidas.<\/p>\n","protected":false},"excerpt":{"rendered":"<p><strong>Visionix VX 75 L\u00e2mpada de Fenda para Exame VX 75<\/strong><\/p>\n<p>Excelente \u00f3ptica e imagem brilhante distinguem a l\u00e2mpada de fenda Visionix VX 75 dos modelos concorrentes. \u00d3ptica fi\u00e1vel e tecnologia de luz asseguram uma qualidade de imagem superior. Experimente imagens de alto contraste e brilhantes com lentes \u00f3pticas AR multi-revestidas.<\/p>\n","protected":false},"featured_media":9920,"template":"","meta":{"_acf_changed":false,"content-type":"","footnotes":""},"pwb-brand":[507],"product_brand":[],"product_cat":[171,195,196],"product_tag":[],"class_list":{"0":"post-7092","1":"product","2":"type-product","3":"status-publish","4":"has-post-thumbnail","6":"pwb-brand-visionix-pt","7":"product_cat-oftalmologia-instrumentos","8":"product_cat-equipamento-optico","9":"product_cat-optometria-instrumentos","10":"pa_product-family-diagnosticos-pt","11":"pa_product-type-lampadas-da-fenda-pt-2","13":"first","14":"instock","15":"product-type-simple"},"acf":[],"brands":[{"id":507,"name":"Visionix","slug":"visionix-pt"}],"_links":{"self":[{"href":"https:\/\/www.visionix.com\/pt\/wp-json\/wp\/v2\/product\/7092","targetHints":{"allow":["GET"]}}],"collection":[{"href":"https:\/\/www.visionix.com\/pt\/wp-json\/wp\/v2\/product"}],"about":[{"href":"https:\/\/www.visionix.com\/pt\/wp-json\/wp\/v2\/types\/product"}],"version-history":[{"count":6,"href":"https:\/\/www.visionix.com\/pt\/wp-json\/wp\/v2\/product\/7092\/revisions"}],"predecessor-version":[{"id":30454,"href":"https:\/\/www.visionix.com\/pt\/wp-json\/wp\/v2\/product\/7092\/revisions\/30454"}],"wp:featuredmedia":[{"embeddable":true,"href":"https:\/\/www.visionix.com\/pt\/wp-json\/wp\/v2\/media\/9920"}],"wp:attachment":[{"href":"https:\/\/www.visionix.com\/pt\/wp-json\/wp\/v2\/media?parent=7092"}],"wp:term":[{"taxonomy":"pwb-brand","embeddable":true,"href":"https:\/\/www.visionix.com\/pt\/wp-json\/wp\/v2\/pwb-brand?post=7092"},{"taxonomy":"product_brand","embeddable":true,"href":"https:\/\/www.visionix.com\/pt\/wp-json\/wp\/v2\/product_brand?post=7092"},{"taxonomy":"product_cat","embeddable":true,"href":"https:\/\/www.visionix.com\/pt\/wp-json\/wp\/v2\/product_cat?post=7092"},{"taxonomy":"product_tag","embeddable":true,"href":"https:\/\/www.visionix.com\/pt\/wp-json\/wp\/v2\/product_tag?post=7092"}],"curies":[{"name":"wp","href":"https:\/\/api.w.org\/{rel}","templated":true}]}}