{"id":7069,"date":"2022-03-07T14:34:09","date_gmt":"2022-03-07T13:34:09","guid":{"rendered":"https:\/\/www.visionix.com\/produit\/visionix-vx90\/"},"modified":"2024-04-03T12:05:31","modified_gmt":"2024-04-03T10:05:31","slug":"lampadas-da-fenda-exame-visionix-vx90","status":"publish","type":"product","link":"https:\/\/www.visionix.com\/pt\/product\/lampadas-da-fenda-exame-visionix-vx90\/","title":{"rendered":"Visionix VX 90"},"content":{"rendered":"<p>O VX 90 \u00e9 um dispositivo de diagn\u00f3stico com funcionalidades de refrac\u00e7\u00e3o e queratometria, bem como de cataratas precisas. Um alvo de fixa\u00e7\u00e3o m\u00f3vel com nevoeiro autom\u00e1tico permite ao paciente desacomodar-se completamente para obter a refrac\u00e7\u00e3o do paciente em quaisquer condi\u00e7\u00f5es.<\/p>\n","protected":false},"excerpt":{"rendered":"<p><strong>ARK com sistema de nevoeiro autom\u00e1tico<\/strong><\/p>\n<p>O VX 90 \u00e9 um dispositivo de diagn\u00f3stico com funcionalidades de refrac\u00e7\u00e3o e queratometria, bem como de cataratas precisas. Um alvo de fixa\u00e7\u00e3o m\u00f3vel com nevoeiro autom\u00e1tico permite ao paciente desacomodar-se completamente para obter a refrac\u00e7\u00e3o do paciente em quaisquer condi\u00e7\u00f5es.<\/p>\n","protected":false},"featured_media":55714,"template":"","meta":{"_acf_changed":false,"content-type":"","footnotes":""},"pwb-brand":[507],"product_brand":[],"product_cat":[171,195,196],"product_tag":[],"class_list":{"0":"post-7069","1":"product","2":"type-product","3":"status-publish","4":"has-post-thumbnail","6":"pwb-brand-visionix-pt","7":"product_cat-oftalmologia-instrumentos","8":"product_cat-equipamento-optico","9":"product_cat-optometria-instrumentos","10":"pa_product-family-refracao-pt","11":"pa_product-type-ark-pt","13":"first","14":"instock","15":"product-type-simple"},"acf":[],"brands":[{"id":507,"name":"Visionix","slug":"visionix-pt"}],"_links":{"self":[{"href":"https:\/\/www.visionix.com\/pt\/wp-json\/wp\/v2\/product\/7069","targetHints":{"allow":["GET"]}}],"collection":[{"href":"https:\/\/www.visionix.com\/pt\/wp-json\/wp\/v2\/product"}],"about":[{"href":"https:\/\/www.visionix.com\/pt\/wp-json\/wp\/v2\/types\/product"}],"version-history":[{"count":6,"href":"https:\/\/www.visionix.com\/pt\/wp-json\/wp\/v2\/product\/7069\/revisions"}],"predecessor-version":[{"id":54338,"href":"https:\/\/www.visionix.com\/pt\/wp-json\/wp\/v2\/product\/7069\/revisions\/54338"}],"wp:featuredmedia":[{"embeddable":true,"href":"https:\/\/www.visionix.com\/pt\/wp-json\/wp\/v2\/media\/55714"}],"wp:attachment":[{"href":"https:\/\/www.visionix.com\/pt\/wp-json\/wp\/v2\/media?parent=7069"}],"wp:term":[{"taxonomy":"pwb-brand","embeddable":true,"href":"https:\/\/www.visionix.com\/pt\/wp-json\/wp\/v2\/pwb-brand?post=7069"},{"taxonomy":"product_brand","embeddable":true,"href":"https:\/\/www.visionix.com\/pt\/wp-json\/wp\/v2\/product_brand?post=7069"},{"taxonomy":"product_cat","embeddable":true,"href":"https:\/\/www.visionix.com\/pt\/wp-json\/wp\/v2\/product_cat?post=7069"},{"taxonomy":"product_tag","embeddable":true,"href":"https:\/\/www.visionix.com\/pt\/wp-json\/wp\/v2\/product_tag?post=7069"}],"curies":[{"name":"wp","href":"https:\/\/api.w.org\/{rel}","templated":true}]}}