{"id":70590,"date":"2024-04-05T11:01:45","date_gmt":"2024-04-05T09:01:45","guid":{"rendered":"https:\/\/www.visionix.com\/product\/vx-210\/"},"modified":"2024-04-05T11:01:45","modified_gmt":"2024-04-05T09:01:45","slug":"vx-210","status":"publish","type":"product","link":"https:\/\/www.visionix.com\/pt\/product\/vx-210\/","title":{"rendered":"VX 210"},"content":{"rendered":"<p>El VX 210 es un dispositivo de an\u00e1lisis del segmento anterior que combina la tomograf\u00eda de Scheimpflug con la topograf\u00eda de discos de Pl\u00e1cido.<\/p>\n","protected":false},"excerpt":{"rendered":"<p>El VX 210 es un dispositivo de an\u00e1lisis del segmento anterior que combina la tomograf\u00eda de Scheimpflug con la topograf\u00eda de discos de Pl\u00e1cido.<\/p>\n","protected":false},"featured_media":54797,"template":"","meta":{"_acf_changed":false,"content-type":"","footnotes":""},"pwb-brand":[],"product_brand":[],"product_cat":[171],"product_tag":[],"class_list":{"0":"post-70590","1":"product","2":"type-product","3":"status-publish","4":"has-post-thumbnail","6":"product_cat-oftalmologia-instrumentos","8":"first","9":"instock","10":"shipping-taxable","11":"product-type-simple"},"acf":[],"brands":[],"_links":{"self":[{"href":"https:\/\/www.visionix.com\/pt\/wp-json\/wp\/v2\/product\/70590","targetHints":{"allow":["GET"]}}],"collection":[{"href":"https:\/\/www.visionix.com\/pt\/wp-json\/wp\/v2\/product"}],"about":[{"href":"https:\/\/www.visionix.com\/pt\/wp-json\/wp\/v2\/types\/product"}],"version-history":[{"count":0,"href":"https:\/\/www.visionix.com\/pt\/wp-json\/wp\/v2\/product\/70590\/revisions"}],"wp:featuredmedia":[{"embeddable":true,"href":"https:\/\/www.visionix.com\/pt\/wp-json\/wp\/v2\/media\/54797"}],"wp:attachment":[{"href":"https:\/\/www.visionix.com\/pt\/wp-json\/wp\/v2\/media?parent=70590"}],"wp:term":[{"taxonomy":"pwb-brand","embeddable":true,"href":"https:\/\/www.visionix.com\/pt\/wp-json\/wp\/v2\/pwb-brand?post=70590"},{"taxonomy":"product_brand","embeddable":true,"href":"https:\/\/www.visionix.com\/pt\/wp-json\/wp\/v2\/product_brand?post=70590"},{"taxonomy":"product_cat","embeddable":true,"href":"https:\/\/www.visionix.com\/pt\/wp-json\/wp\/v2\/product_cat?post=70590"},{"taxonomy":"product_tag","embeddable":true,"href":"https:\/\/www.visionix.com\/pt\/wp-json\/wp\/v2\/product_tag?post=70590"}],"curies":[{"name":"wp","href":"https:\/\/api.w.org\/{rel}","templated":true}]}}