{"id":7046,"date":"2022-03-07T14:34:09","date_gmt":"2022-03-07T13:34:09","guid":{"rendered":"https:\/\/www.visionix.com\/produit\/weco-e-12\/"},"modified":"2023-02-03T10:07:04","modified_gmt":"2023-02-03T09:07:04","slug":"acabamento-de-lentes-weco-e12","status":"publish","type":"product","link":"https:\/\/www.visionix.com\/pt\/product\/acabamento-de-lentes-weco-e12\/","title":{"rendered":"Weco E12"},"content":{"rendered":"<p>Para aqueles que procuram um sistema n\u00edvel de entrada perfeito com perfura\u00e7\u00e3o para a sua oficina, simplesmente n\u00e3o podem fazer melhor do que com a Weco E12<\/p>\n","protected":false},"excerpt":{"rendered":"<p><strong>Quebrar novamente as regras<\/strong><\/p>\n<p>Para quem procura o n\u00edvel de entrada perfeito com perfura\u00e7\u00e3o para a sua oficina, simplesmente n\u00e3o pode fazer melhor do que o Weco E12.<\/p>\n","protected":false},"featured_media":42410,"template":"","meta":{"_acf_changed":false,"content-type":"","footnotes":""},"pwb-brand":[514],"product_brand":[],"product_cat":[195,196],"product_tag":[],"class_list":{"0":"post-7046","1":"product","2":"type-product","3":"status-publish","4":"has-post-thumbnail","6":"pwb-brand-weco-pt","7":"product_cat-equipamento-optico","8":"product_cat-optometria-instrumentos","9":"pa_product-family-biselado-pt","10":"pa_product-type-sistemas-de-biselado-pt","12":"first","13":"instock","14":"product-type-simple"},"acf":[],"brands":[{"id":514,"name":"Weco","slug":"weco-pt"}],"_links":{"self":[{"href":"https:\/\/www.visionix.com\/pt\/wp-json\/wp\/v2\/product\/7046","targetHints":{"allow":["GET"]}}],"collection":[{"href":"https:\/\/www.visionix.com\/pt\/wp-json\/wp\/v2\/product"}],"about":[{"href":"https:\/\/www.visionix.com\/pt\/wp-json\/wp\/v2\/types\/product"}],"version-history":[{"count":8,"href":"https:\/\/www.visionix.com\/pt\/wp-json\/wp\/v2\/product\/7046\/revisions"}],"predecessor-version":[{"id":36392,"href":"https:\/\/www.visionix.com\/pt\/wp-json\/wp\/v2\/product\/7046\/revisions\/36392"}],"wp:featuredmedia":[{"embeddable":true,"href":"https:\/\/www.visionix.com\/pt\/wp-json\/wp\/v2\/media\/42410"}],"wp:attachment":[{"href":"https:\/\/www.visionix.com\/pt\/wp-json\/wp\/v2\/media?parent=7046"}],"wp:term":[{"taxonomy":"pwb-brand","embeddable":true,"href":"https:\/\/www.visionix.com\/pt\/wp-json\/wp\/v2\/pwb-brand?post=7046"},{"taxonomy":"product_brand","embeddable":true,"href":"https:\/\/www.visionix.com\/pt\/wp-json\/wp\/v2\/product_brand?post=7046"},{"taxonomy":"product_cat","embeddable":true,"href":"https:\/\/www.visionix.com\/pt\/wp-json\/wp\/v2\/product_cat?post=7046"},{"taxonomy":"product_tag","embeddable":true,"href":"https:\/\/www.visionix.com\/pt\/wp-json\/wp\/v2\/product_tag?post=7046"}],"curies":[{"name":"wp","href":"https:\/\/api.w.org\/{rel}","templated":true}]}}