{"id":7042,"date":"2022-03-07T14:34:09","date_gmt":"2022-03-07T13:34:09","guid":{"rendered":"https:\/\/www.visionix.com\/produit\/weco-e-32\/"},"modified":"2023-02-03T10:31:08","modified_gmt":"2023-02-03T09:31:08","slug":"acabamento-de-lentes-weco-e32","status":"publish","type":"product","link":"https:\/\/www.visionix.com\/pt\/product\/acabamento-de-lentes-weco-e32\/","title":{"rendered":"Weco E32"},"content":{"rendered":"<p>O Weco E32 \u00e9 um sistema de biselar tudo-em-um que integra a tra\u00e7agem, o bloqueio, a biselagem e a perfura\u00e7\u00e3o, tornando-o ideal para oficinas com espa\u00e7o limitado e para aqueles que procuram uma solu\u00e7\u00e3o de biselar simples.<\/p>\n<p>&nbsp;<\/p>\n","protected":false},"excerpt":{"rendered":"<p><strong>biselar com facilidade<br \/>\n<\/strong><\/p>\n<p>O Weco E32 \u00e9 um sistema de borda tudo-em-um que integrou tra\u00e7agem, bloqueio, borda e perfura\u00e7\u00e3o, tornando-o ideal para ambientes de laborat\u00f3rio com espa\u00e7o limitado e para aqueles que procuram uma solu\u00e7\u00e3o de borda simples que seja totalmente caracterizada.<\/p>\n","protected":false},"featured_media":42393,"template":"","meta":{"_acf_changed":false,"content-type":"","footnotes":""},"pwb-brand":[514],"product_brand":[],"product_cat":[195,196],"product_tag":[],"class_list":{"0":"post-7042","1":"product","2":"type-product","3":"status-publish","4":"has-post-thumbnail","6":"pwb-brand-weco-pt","7":"product_cat-equipamento-optico","8":"product_cat-optometria-instrumentos","9":"pa_product-family-biselado-pt","10":"pa_product-type-sistemas-de-biselado-pt","12":"first","13":"instock","14":"product-type-simple"},"acf":[],"brands":[{"id":514,"name":"Weco","slug":"weco-pt"}],"_links":{"self":[{"href":"https:\/\/www.visionix.com\/pt\/wp-json\/wp\/v2\/product\/7042","targetHints":{"allow":["GET"]}}],"collection":[{"href":"https:\/\/www.visionix.com\/pt\/wp-json\/wp\/v2\/product"}],"about":[{"href":"https:\/\/www.visionix.com\/pt\/wp-json\/wp\/v2\/types\/product"}],"version-history":[{"count":8,"href":"https:\/\/www.visionix.com\/pt\/wp-json\/wp\/v2\/product\/7042\/revisions"}],"predecessor-version":[{"id":36445,"href":"https:\/\/www.visionix.com\/pt\/wp-json\/wp\/v2\/product\/7042\/revisions\/36445"}],"wp:featuredmedia":[{"embeddable":true,"href":"https:\/\/www.visionix.com\/pt\/wp-json\/wp\/v2\/media\/42393"}],"wp:attachment":[{"href":"https:\/\/www.visionix.com\/pt\/wp-json\/wp\/v2\/media?parent=7042"}],"wp:term":[{"taxonomy":"pwb-brand","embeddable":true,"href":"https:\/\/www.visionix.com\/pt\/wp-json\/wp\/v2\/pwb-brand?post=7042"},{"taxonomy":"product_brand","embeddable":true,"href":"https:\/\/www.visionix.com\/pt\/wp-json\/wp\/v2\/product_brand?post=7042"},{"taxonomy":"product_cat","embeddable":true,"href":"https:\/\/www.visionix.com\/pt\/wp-json\/wp\/v2\/product_cat?post=7042"},{"taxonomy":"product_tag","embeddable":true,"href":"https:\/\/www.visionix.com\/pt\/wp-json\/wp\/v2\/product_tag?post=7042"}],"curies":[{"name":"wp","href":"https:\/\/api.w.org\/{rel}","templated":true}]}}