{"id":60128,"date":"2024-12-23T17:09:37","date_gmt":"2024-12-23T16:09:37","guid":{"rendered":"https:\/\/www.visionix.com\/?post_type=product&#038;p=60128"},"modified":"2025-02-13T10:30:09","modified_gmt":"2025-02-13T09:30:09","slug":"weco-e13","status":"publish","type":"product","link":"https:\/\/www.visionix.com\/pt\/product\/weco-e13\/","title":{"rendered":"Weco E13"},"content":{"rendered":"<p>A Visionix apresenta os sistemas de biselagem multifuncionais de \u00faltima gera\u00e7\u00e3o: A Weco E13 , que oferece resultados excecionais para oficinas de acabamento, combinando fiabilidade e acessibilidade. Tamb\u00e9m dispon\u00edvel numa vers\u00e3o com ranhuras<\/p>\n","protected":false},"excerpt":{"rendered":"<p><strong>Simplesidade poderosa<\/strong><\/p>\n<p>A Weco E13 \u00e9 um sistema de biselar tudo-em-um que inclui a tra\u00e7agem, bloqueio, biselagem, ranhuramento e perfura\u00e7\u00e3o numa \u00fanica unidade. Com a Weco E13 \u00e9 poss\u00edvel o encaixe perfeito.<\/p>\n","protected":false},"featured_media":60141,"template":"","meta":{"_acf_changed":false,"content-type":"","footnotes":""},"pwb-brand":[496],"product_brand":[],"product_cat":[195,196],"product_tag":[],"class_list":{"0":"post-60128","1":"product","2":"type-product","3":"status-publish","4":"has-post-thumbnail","6":"pwb-brand-briot-pt","7":"product_cat-equipamento-optico","8":"product_cat-optometria-instrumentos","9":"pa_product-family-biselado-pt","10":"pa_product-type-sistemas-de-biselado-pt","12":"first","13":"instock","14":"product-type-simple"},"acf":[],"brands":[{"id":496,"name":"Briot","slug":"briot-pt"}],"_links":{"self":[{"href":"https:\/\/www.visionix.com\/pt\/wp-json\/wp\/v2\/product\/60128","targetHints":{"allow":["GET"]}}],"collection":[{"href":"https:\/\/www.visionix.com\/pt\/wp-json\/wp\/v2\/product"}],"about":[{"href":"https:\/\/www.visionix.com\/pt\/wp-json\/wp\/v2\/types\/product"}],"version-history":[{"count":1,"href":"https:\/\/www.visionix.com\/pt\/wp-json\/wp\/v2\/product\/60128\/revisions"}],"predecessor-version":[{"id":60900,"href":"https:\/\/www.visionix.com\/pt\/wp-json\/wp\/v2\/product\/60128\/revisions\/60900"}],"wp:featuredmedia":[{"embeddable":true,"href":"https:\/\/www.visionix.com\/pt\/wp-json\/wp\/v2\/media\/60141"}],"wp:attachment":[{"href":"https:\/\/www.visionix.com\/pt\/wp-json\/wp\/v2\/media?parent=60128"}],"wp:term":[{"taxonomy":"pwb-brand","embeddable":true,"href":"https:\/\/www.visionix.com\/pt\/wp-json\/wp\/v2\/pwb-brand?post=60128"},{"taxonomy":"product_brand","embeddable":true,"href":"https:\/\/www.visionix.com\/pt\/wp-json\/wp\/v2\/product_brand?post=60128"},{"taxonomy":"product_cat","embeddable":true,"href":"https:\/\/www.visionix.com\/pt\/wp-json\/wp\/v2\/product_cat?post=60128"},{"taxonomy":"product_tag","embeddable":true,"href":"https:\/\/www.visionix.com\/pt\/wp-json\/wp\/v2\/product_tag?post=60128"}],"curies":[{"name":"wp","href":"https:\/\/api.w.org\/{rel}","templated":true}]}}