{"id":60109,"date":"2024-12-23T16:53:52","date_gmt":"2024-12-23T15:53:52","guid":{"rendered":"https:\/\/www.visionix.com\/?post_type=product&#038;p=60109"},"modified":"2025-02-13T11:02:18","modified_gmt":"2025-02-13T10:02:18","slug":"weco-e33","status":"publish","type":"product","link":"https:\/\/www.visionix.com\/pt\/product\/weco-e33\/","title":{"rendered":"Weco E33"},"content":{"rendered":"<p>Desde o seu lan\u00e7amento em 2012, o moinho Weco E33 tornou-se um \u00edcone na ind\u00fastria \u00f3tica, conhecido pela sua facilidade de utiliza\u00e7\u00e3o e design intuitivo. Ao longo dos anos, evoluiu com tecnologias de ponta, como a Gravitech em 2018, proporcionando um desempenho excecional. Hoje, a Weco E33 \u00e9 a personifica\u00e7\u00e3o do controlo, tornando-se indispens\u00e1vel para as oficinas \u00f3pticas.<\/p>\n<p>A Visionix apresenta os sistemas de biselagem multifuncionais de \u00faltima gera\u00e7\u00e3o: A, que oferece resultados excecionais para oficinas de acabamento, combinando fiabilidade e acessibilidade.<\/p>\n","protected":false},"excerpt":{"rendered":"<p><strong>Simplesidade poderosa<\/strong><\/p>\n<p>A Briot Weco E33 \u00e9 um sistema de biselar tudo-em-um que inclui a tra\u00e7agem, bloqueio, biselagem, ranhuramento e perfura\u00e7\u00e3o numa \u00fanica unidade. Com a Weco E33 \u00e9 poss\u00edvel o encaixe perfeito.<\/p>\n","protected":false},"featured_media":60117,"template":"","meta":{"_acf_changed":false,"content-type":"","footnotes":""},"pwb-brand":[496],"product_brand":[],"product_cat":[195,196],"product_tag":[],"class_list":{"0":"post-60109","1":"product","2":"type-product","3":"status-publish","4":"has-post-thumbnail","6":"pwb-brand-briot-pt","7":"product_cat-equipamento-optico","8":"product_cat-optometria-instrumentos","9":"pa_product-family-biselado-pt","10":"pa_product-type-sistemas-de-biselado-pt","12":"first","13":"instock","14":"product-type-simple"},"acf":[],"brands":[{"id":496,"name":"Briot","slug":"briot-pt"}],"_links":{"self":[{"href":"https:\/\/www.visionix.com\/pt\/wp-json\/wp\/v2\/product\/60109","targetHints":{"allow":["GET"]}}],"collection":[{"href":"https:\/\/www.visionix.com\/pt\/wp-json\/wp\/v2\/product"}],"about":[{"href":"https:\/\/www.visionix.com\/pt\/wp-json\/wp\/v2\/types\/product"}],"version-history":[{"count":1,"href":"https:\/\/www.visionix.com\/pt\/wp-json\/wp\/v2\/product\/60109\/revisions"}],"predecessor-version":[{"id":60901,"href":"https:\/\/www.visionix.com\/pt\/wp-json\/wp\/v2\/product\/60109\/revisions\/60901"}],"wp:featuredmedia":[{"embeddable":true,"href":"https:\/\/www.visionix.com\/pt\/wp-json\/wp\/v2\/media\/60117"}],"wp:attachment":[{"href":"https:\/\/www.visionix.com\/pt\/wp-json\/wp\/v2\/media?parent=60109"}],"wp:term":[{"taxonomy":"pwb-brand","embeddable":true,"href":"https:\/\/www.visionix.com\/pt\/wp-json\/wp\/v2\/pwb-brand?post=60109"},{"taxonomy":"product_brand","embeddable":true,"href":"https:\/\/www.visionix.com\/pt\/wp-json\/wp\/v2\/product_brand?post=60109"},{"taxonomy":"product_cat","embeddable":true,"href":"https:\/\/www.visionix.com\/pt\/wp-json\/wp\/v2\/product_cat?post=60109"},{"taxonomy":"product_tag","embeddable":true,"href":"https:\/\/www.visionix.com\/pt\/wp-json\/wp\/v2\/product_tag?post=60109"}],"curies":[{"name":"wp","href":"https:\/\/api.w.org\/{rel}","templated":true}]}}