{"id":52278,"date":"2024-01-29T13:47:18","date_gmt":"2024-01-29T12:47:18","guid":{"rendered":"https:\/\/www.visionix.com\/?post_type=product&#038;p=52278"},"modified":"2024-01-29T14:22:22","modified_gmt":"2024-01-29T13:22:22","slug":"weco-t6","status":"publish","type":"product","link":"https:\/\/www.visionix.com\/pt\/product\/weco-t6\/","title":{"rendered":"Weco T6"},"content":{"rendered":"<p>O Weco T6 \u00e9 o tra\u00e7ador mec\u00e2nico mais avan\u00e7ado do mercado. Apresentando o nosso apalpador angular patenteado TrueScan\u00ae, o Weco T6 pode rastrear sem esfor\u00e7o at\u00e9 mesmo as arma\u00e7\u00f5es de massa de bases de curvatura elevadas. A suave press\u00e3o do apalpador assegura que a sonda n\u00e3o distorcer\u00e1 as arma\u00e7\u00f5es met\u00e1licas finas. A sua interface t\u00e1ctil intuitiva torna-o um dos rastreadores mais f\u00e1ceis de usar, tornando-o o tra\u00e7ador ideal para o seu laborat\u00f3rio.<\/p>\n","protected":false},"excerpt":{"rendered":"<p><strong>Executar as suas expectativas<\/strong><\/p>\n<p>O Weco T6 \u00e9 o tra\u00e7ador mec\u00e2nico mais avan\u00e7ado do mercado. Apresentando o nosso apalpador angular patenteado TrueScan\u00ae, o Weco T6 pode rastrear sem esfor\u00e7o at\u00e9 mesmo arma\u00e7\u00f5es de massa de bases de curvatura elevadas. A suave press\u00e3o do apalpador assegura que a sonda n\u00e3o distorcer\u00e1 as arma\u00e7\u00f5es met\u00e1licas finas. A sua interface t\u00e1ctil intuitiva torna-o um dos tra\u00e7adores mais f\u00e1ceis de utilizar, tornando-o o tra\u00e7ador ideal para o seu laborat\u00f3rio.<\/p>\n","protected":false},"featured_media":52342,"template":"","meta":{"_acf_changed":false,"content-type":"","footnotes":""},"pwb-brand":[514],"product_brand":[],"product_cat":[195,196],"product_tag":[],"class_list":{"0":"post-52278","1":"product","2":"type-product","3":"status-publish","4":"has-post-thumbnail","6":"pwb-brand-weco-pt","7":"product_cat-equipamento-optico","8":"product_cat-optometria-instrumentos","9":"pa_product-family-biselado-pt","10":"pa_product-type-sistemas-de-biselado-pt","12":"first","13":"instock","14":"product-type-simple"},"acf":[],"brands":[{"id":514,"name":"Weco","slug":"weco-pt"}],"_links":{"self":[{"href":"https:\/\/www.visionix.com\/pt\/wp-json\/wp\/v2\/product\/52278","targetHints":{"allow":["GET"]}}],"collection":[{"href":"https:\/\/www.visionix.com\/pt\/wp-json\/wp\/v2\/product"}],"about":[{"href":"https:\/\/www.visionix.com\/pt\/wp-json\/wp\/v2\/types\/product"}],"version-history":[{"count":2,"href":"https:\/\/www.visionix.com\/pt\/wp-json\/wp\/v2\/product\/52278\/revisions"}],"predecessor-version":[{"id":52396,"href":"https:\/\/www.visionix.com\/pt\/wp-json\/wp\/v2\/product\/52278\/revisions\/52396"}],"wp:featuredmedia":[{"embeddable":true,"href":"https:\/\/www.visionix.com\/pt\/wp-json\/wp\/v2\/media\/52342"}],"wp:attachment":[{"href":"https:\/\/www.visionix.com\/pt\/wp-json\/wp\/v2\/media?parent=52278"}],"wp:term":[{"taxonomy":"pwb-brand","embeddable":true,"href":"https:\/\/www.visionix.com\/pt\/wp-json\/wp\/v2\/pwb-brand?post=52278"},{"taxonomy":"product_brand","embeddable":true,"href":"https:\/\/www.visionix.com\/pt\/wp-json\/wp\/v2\/product_brand?post=52278"},{"taxonomy":"product_cat","embeddable":true,"href":"https:\/\/www.visionix.com\/pt\/wp-json\/wp\/v2\/product_cat?post=52278"},{"taxonomy":"product_tag","embeddable":true,"href":"https:\/\/www.visionix.com\/pt\/wp-json\/wp\/v2\/product_tag?post=52278"}],"curies":[{"name":"wp","href":"https:\/\/api.w.org\/{rel}","templated":true}]}}