{"id":45502,"date":"2023-06-29T12:57:14","date_gmt":"2023-06-29T10:57:14","guid":{"rendered":"https:\/\/www.visionix.com\/?post_type=product&#038;p=45502"},"modified":"2025-04-25T16:04:50","modified_gmt":"2025-04-25T14:04:50","slug":"wecoe52","status":"publish","type":"product","link":"https:\/\/www.visionix.com\/pt\/product\/wecoe52\/","title":{"rendered":"Weco E52"},"content":{"rendered":"<p><strong>M\u00e1xima flexibilidade para o seu laborat\u00f3rio<\/strong><\/p>\n<p>Weco E52 fornece-lhe todas as ferramentas de que necessita para alcan\u00e7ar os melhores<br \/>\nresultados em artesanato \u00f3ptico. Desde diferentes tipos de bisel e funcionalidade de ranhura<br \/>\ne prefura\u00e7\u00e3o, at\u00e9 perfura\u00e7\u00e3o angular, a e52 \u00e9 a principal resposta para as modernas<br \/>\narma\u00e7\u00f5es e a m\u00e1xima flexibilidade para o seu laborat\u00f3rio.<\/p>\n","protected":false},"excerpt":{"rendered":"<p>M\u00e1xima flexibilidade para o seu laborat\u00f3rio<\/p>\n<p>Weco E52 fornece-lhe todas as ferramentas de que necessita para alcan\u00e7ar os melhores resultados em artesanato \u00f3ptico. Desde diferentes tipos de bisel e funcionalidade de ranhura e prefura\u00e7\u00e3o, at\u00e9 perfura\u00e7\u00e3o angular, a e52 \u00e9 a principal resposta para as modernas arma\u00e7\u00f5es e a m\u00e1xima flexibilidade para o seu laborat\u00f3rio.<\/p>\n","protected":false},"featured_media":46778,"template":"","meta":{"_acf_changed":false,"content-type":"","footnotes":""},"pwb-brand":[514],"product_brand":[],"product_cat":[261,195,196],"product_tag":[],"class_list":{"0":"post-45502","1":"product","2":"type-product","3":"status-publish","4":"has-post-thumbnail","6":"pwb-brand-weco-pt","7":"product_cat-new-products-pt","8":"product_cat-equipamento-optico","9":"product_cat-optometria-instrumentos","10":"pa_product-family-biselado-pt","12":"first","13":"instock","14":"shipping-taxable","15":"product-type-simple"},"acf":[],"brands":[{"id":514,"name":"Weco","slug":"weco-pt"}],"_links":{"self":[{"href":"https:\/\/www.visionix.com\/pt\/wp-json\/wp\/v2\/product\/45502","targetHints":{"allow":["GET"]}}],"collection":[{"href":"https:\/\/www.visionix.com\/pt\/wp-json\/wp\/v2\/product"}],"about":[{"href":"https:\/\/www.visionix.com\/pt\/wp-json\/wp\/v2\/types\/product"}],"version-history":[{"count":12,"href":"https:\/\/www.visionix.com\/pt\/wp-json\/wp\/v2\/product\/45502\/revisions"}],"predecessor-version":[{"id":67490,"href":"https:\/\/www.visionix.com\/pt\/wp-json\/wp\/v2\/product\/45502\/revisions\/67490"}],"wp:featuredmedia":[{"embeddable":true,"href":"https:\/\/www.visionix.com\/pt\/wp-json\/wp\/v2\/media\/46778"}],"wp:attachment":[{"href":"https:\/\/www.visionix.com\/pt\/wp-json\/wp\/v2\/media?parent=45502"}],"wp:term":[{"taxonomy":"pwb-brand","embeddable":true,"href":"https:\/\/www.visionix.com\/pt\/wp-json\/wp\/v2\/pwb-brand?post=45502"},{"taxonomy":"product_brand","embeddable":true,"href":"https:\/\/www.visionix.com\/pt\/wp-json\/wp\/v2\/product_brand?post=45502"},{"taxonomy":"product_cat","embeddable":true,"href":"https:\/\/www.visionix.com\/pt\/wp-json\/wp\/v2\/product_cat?post=45502"},{"taxonomy":"product_tag","embeddable":true,"href":"https:\/\/www.visionix.com\/pt\/wp-json\/wp\/v2\/product_tag?post=45502"}],"curies":[{"name":"wp","href":"https:\/\/api.w.org\/{rel}","templated":true}]}}