{"id":45273,"date":"2023-05-22T12:48:30","date_gmt":"2023-05-22T10:48:30","guid":{"rendered":"https:\/\/www.visionix.com\/product\/briot-attitude-3\/"},"modified":"2024-01-29T10:31:19","modified_gmt":"2024-01-29T09:31:19","slug":"briot-attitude-3","status":"publish","type":"product","link":"https:\/\/www.visionix.com\/pt\/product\/briot-attitude-3\/","title":{"rendered":"Briot Attitude 3"},"content":{"rendered":"<p><strong>Affrontare qualsiasi lavoro con Briot Attitude 3<br \/>\n<\/strong><\/p>\n<p>A Briot Attitude eleva a fasquia para o que \u00e9 poss\u00edvel no laborat\u00f3rio interno de acabamento. Como um dos sistemas de biselar lentes mais r\u00e1pidos do mercado, a Attitude utiliza uma precis\u00e3o e velocidade incr\u00edveis para se posicionar como a solu\u00e7\u00e3o perfeita de processamento de lentes para qualquer pr\u00e1tica \u00f3tica moderna ou laborat\u00f3rio centralizado.<\/p>\n","protected":false},"excerpt":{"rendered":"<p><strong>Migliora la tua produttivit\u00e0 con la molatura intelligente<\/strong><\/p>\n<p>Il sistema di molatura Attitude 3 di Briot alza l\u2019asticella di ci\u00f2 che \u00e8 possibile fare nel laboratorio di finitura interno ed offre un\u2019esperienza di occhialeria completamente personalizzata. L\u2019incredibile precisione e velocit\u00e0 di Attitude 3 la rendono la soluzione perfetta per la lavorazione delle lenti per qualsiasi laboratorio ottico moderno.<\/p>\n","protected":false},"featured_media":46668,"template":"","meta":{"_acf_changed":false,"content-type":"","footnotes":""},"pwb-brand":[496],"product_brand":[],"product_cat":[261,195,196],"product_tag":[],"class_list":{"0":"post-45273","1":"product","2":"type-product","3":"status-publish","4":"has-post-thumbnail","6":"pwb-brand-briot-pt","7":"product_cat-new-products-pt","8":"product_cat-equipamento-optico","9":"product_cat-optometria-instrumentos","10":"pa_product-family-biselado-pt","12":"first","13":"instock","14":"shipping-taxable","15":"product-type-simple"},"acf":[],"brands":[{"id":496,"name":"Briot","slug":"briot-pt"}],"_links":{"self":[{"href":"https:\/\/www.visionix.com\/pt\/wp-json\/wp\/v2\/product\/45273","targetHints":{"allow":["GET"]}}],"collection":[{"href":"https:\/\/www.visionix.com\/pt\/wp-json\/wp\/v2\/product"}],"about":[{"href":"https:\/\/www.visionix.com\/pt\/wp-json\/wp\/v2\/types\/product"}],"version-history":[{"count":9,"href":"https:\/\/www.visionix.com\/pt\/wp-json\/wp\/v2\/product\/45273\/revisions"}],"predecessor-version":[{"id":51949,"href":"https:\/\/www.visionix.com\/pt\/wp-json\/wp\/v2\/product\/45273\/revisions\/51949"}],"wp:featuredmedia":[{"embeddable":true,"href":"https:\/\/www.visionix.com\/pt\/wp-json\/wp\/v2\/media\/46668"}],"wp:attachment":[{"href":"https:\/\/www.visionix.com\/pt\/wp-json\/wp\/v2\/media?parent=45273"}],"wp:term":[{"taxonomy":"pwb-brand","embeddable":true,"href":"https:\/\/www.visionix.com\/pt\/wp-json\/wp\/v2\/pwb-brand?post=45273"},{"taxonomy":"product_brand","embeddable":true,"href":"https:\/\/www.visionix.com\/pt\/wp-json\/wp\/v2\/product_brand?post=45273"},{"taxonomy":"product_cat","embeddable":true,"href":"https:\/\/www.visionix.com\/pt\/wp-json\/wp\/v2\/product_cat?post=45273"},{"taxonomy":"product_tag","embeddable":true,"href":"https:\/\/www.visionix.com\/pt\/wp-json\/wp\/v2\/product_tag?post=45273"}],"curies":[{"name":"wp","href":"https:\/\/api.w.org\/{rel}","templated":true}]}}