{"id":44008,"date":"2023-06-19T21:55:26","date_gmt":"2023-06-19T19:55:26","guid":{"rendered":"https:\/\/www.visionix.com\/?post_type=product&#038;p=44008"},"modified":"2024-09-26T12:29:35","modified_gmt":"2024-09-26T10:29:35","slug":"briot-attitude-evolution","status":"publish","type":"product","link":"https:\/\/www.visionix.com\/pt\/product\/briot-attitude-evolution\/","title":{"rendered":"Briot Attitude Evolution"},"content":{"rendered":"<p><strong>A dupla central para a sua oficina<\/strong><\/p>\n<p>Utilizando os melhores processos de reprodu\u00e7\u00e3o de formas dispon\u00edveis &#8211; TrueScan e GraviTech, obtemos assim a dimens\u00e3o perfeita da ocular para um bloqueio autom\u00e1tico perfeito. O conjunto Briot Attitude Evolution \u00e9 uma liga\u00e7\u00e3o decisiva em a linha de montagem da \u00f3ptica, servindo para fazero processo r\u00e1pido e extremamente fi\u00e1vel. O Sistema de Gest\u00e3o de Torque otimiza o tempo do ciclo de biselar sem o risco de escorregamento da lente<\/p>\n","protected":false},"excerpt":{"rendered":"<p><strong>A dupla central para a sua oficina<\/strong><\/p>\n<p>Utilizando os melhores processos de reprodu\u00e7\u00e3o de formas dispon\u00edveis &#8211; TrueScan e GraviTech, obtemos assim a dimens\u00e3o perfeita da ocular para um bloqueio autom\u00e1tico perfeito. O conjunto Briot Attitude Evolution \u00e9 uma liga\u00e7\u00e3o decisiva em a linha de montagem da \u00f3ptica, servindo para fazero processo r\u00e1pido e extremamente fi\u00e1vel. O Sistema de Gest\u00e3o de Torque otimiza o tempo do ciclo de biselar sem o risco de escorregamento da lente<\/p>\n","protected":false},"featured_media":44028,"template":"","meta":{"_acf_changed":false,"content-type":"","footnotes":""},"pwb-brand":[496],"product_brand":[],"product_cat":[195,196],"product_tag":[],"class_list":{"0":"post-44008","1":"product","2":"type-product","3":"status-publish","4":"has-post-thumbnail","6":"pwb-brand-briot-pt","7":"product_cat-equipamento-optico","8":"product_cat-optometria-instrumentos","9":"pa_product-family-biselado-pt","10":"pa_product-type-sistemas-de-biselado-pt","12":"first","13":"instock","14":"product-type-simple"},"acf":[],"brands":[{"id":496,"name":"Briot","slug":"briot-pt"}],"_links":{"self":[{"href":"https:\/\/www.visionix.com\/pt\/wp-json\/wp\/v2\/product\/44008","targetHints":{"allow":["GET"]}}],"collection":[{"href":"https:\/\/www.visionix.com\/pt\/wp-json\/wp\/v2\/product"}],"about":[{"href":"https:\/\/www.visionix.com\/pt\/wp-json\/wp\/v2\/types\/product"}],"version-history":[{"count":6,"href":"https:\/\/www.visionix.com\/pt\/wp-json\/wp\/v2\/product\/44008\/revisions"}],"predecessor-version":[{"id":59022,"href":"https:\/\/www.visionix.com\/pt\/wp-json\/wp\/v2\/product\/44008\/revisions\/59022"}],"wp:featuredmedia":[{"embeddable":true,"href":"https:\/\/www.visionix.com\/pt\/wp-json\/wp\/v2\/media\/44028"}],"wp:attachment":[{"href":"https:\/\/www.visionix.com\/pt\/wp-json\/wp\/v2\/media?parent=44008"}],"wp:term":[{"taxonomy":"pwb-brand","embeddable":true,"href":"https:\/\/www.visionix.com\/pt\/wp-json\/wp\/v2\/pwb-brand?post=44008"},{"taxonomy":"product_brand","embeddable":true,"href":"https:\/\/www.visionix.com\/pt\/wp-json\/wp\/v2\/product_brand?post=44008"},{"taxonomy":"product_cat","embeddable":true,"href":"https:\/\/www.visionix.com\/pt\/wp-json\/wp\/v2\/product_cat?post=44008"},{"taxonomy":"product_tag","embeddable":true,"href":"https:\/\/www.visionix.com\/pt\/wp-json\/wp\/v2\/product_tag?post=44008"}],"curies":[{"name":"wp","href":"https:\/\/api.w.org\/{rel}","templated":true}]}}