{"id":43980,"date":"2023-06-19T21:38:45","date_gmt":"2023-06-19T19:38:45","guid":{"rendered":"https:\/\/www.visionix.com\/?post_type=product&#038;p=43980"},"modified":"2025-04-25T15:53:33","modified_gmt":"2025-04-25T13:53:33","slug":"briot-evolution","status":"publish","type":"product","link":"https:\/\/www.visionix.com\/pt\/product\/briot-evolution\/","title":{"rendered":"Briot Evolution"},"content":{"rendered":"<p>A Briot desenvolveu o primeiro sistema de tra\u00e7agem \u00f3ptica capaz de utilizar apenas um ponto de refer\u00eancia para recriar uma forma 3D impec\u00e1vel em apenas 4 segundos. Com a nossa tecnologia patenteada GraviTech\u00ae, os utilizadores conseguem uma perfeita reprodu\u00e7\u00e3o e dimensionamento da forma com resultados superiores aos dos tra\u00e7adores mec\u00e2nicos.<\/p>\n","protected":false},"excerpt":{"rendered":"<p><strong>O sistema de biselar que se adapta as suas necessidades<\/strong><\/p>\n<p>Briot desenvolveu o primeiro sistema de tra\u00e7agem \u00f3ptica capaz de utilizar apenas um ponto de refer\u00eancia para recriar uma forma 3D impec\u00e1vel em apenas 4 segundos. Com a nossa tecnologia patenteada GraviTech\u00ae, os utilizadores conseguem uma perfeita reprodu\u00e7\u00e3o e dimensionamento da forma com resultados superiores aos dos tra\u00e7adores mec\u00e2nicos.<\/p>\n","protected":false},"featured_media":50744,"template":"","meta":{"_acf_changed":false,"content-type":"","footnotes":""},"pwb-brand":[496],"product_brand":[],"product_cat":[195,196],"product_tag":[],"class_list":{"0":"post-43980","1":"product","2":"type-product","3":"status-publish","4":"has-post-thumbnail","6":"pwb-brand-briot-pt","7":"product_cat-equipamento-optico","8":"product_cat-optometria-instrumentos","9":"pa_product-family-biselado-pt","10":"pa_product-type-sistemas-de-biselado-pt","12":"first","13":"instock","14":"product-type-simple"},"acf":[],"brands":[{"id":496,"name":"Briot","slug":"briot-pt"}],"_links":{"self":[{"href":"https:\/\/www.visionix.com\/pt\/wp-json\/wp\/v2\/product\/43980","targetHints":{"allow":["GET"]}}],"collection":[{"href":"https:\/\/www.visionix.com\/pt\/wp-json\/wp\/v2\/product"}],"about":[{"href":"https:\/\/www.visionix.com\/pt\/wp-json\/wp\/v2\/types\/product"}],"version-history":[{"count":8,"href":"https:\/\/www.visionix.com\/pt\/wp-json\/wp\/v2\/product\/43980\/revisions"}],"predecessor-version":[{"id":67489,"href":"https:\/\/www.visionix.com\/pt\/wp-json\/wp\/v2\/product\/43980\/revisions\/67489"}],"wp:featuredmedia":[{"embeddable":true,"href":"https:\/\/www.visionix.com\/pt\/wp-json\/wp\/v2\/media\/50744"}],"wp:attachment":[{"href":"https:\/\/www.visionix.com\/pt\/wp-json\/wp\/v2\/media?parent=43980"}],"wp:term":[{"taxonomy":"pwb-brand","embeddable":true,"href":"https:\/\/www.visionix.com\/pt\/wp-json\/wp\/v2\/pwb-brand?post=43980"},{"taxonomy":"product_brand","embeddable":true,"href":"https:\/\/www.visionix.com\/pt\/wp-json\/wp\/v2\/product_brand?post=43980"},{"taxonomy":"product_cat","embeddable":true,"href":"https:\/\/www.visionix.com\/pt\/wp-json\/wp\/v2\/product_cat?post=43980"},{"taxonomy":"product_tag","embeddable":true,"href":"https:\/\/www.visionix.com\/pt\/wp-json\/wp\/v2\/product_tag?post=43980"}],"curies":[{"name":"wp","href":"https:\/\/api.w.org\/{rel}","templated":true}]}}