{"id":37945,"date":"2023-05-04T14:08:32","date_gmt":"2023-05-04T12:08:32","guid":{"rendered":"https:\/\/www.visionix.com\/?post_type=product&#038;p=37945"},"modified":"2023-05-04T14:16:00","modified_gmt":"2023-05-04T12:16:00","slug":"vx-2200","status":"publish","type":"product","link":"https:\/\/www.visionix.com\/pt\/product\/vx-2200\/","title":{"rendered":"VX 2200"},"content":{"rendered":"<p><strong>A vers\u00e1til unidade de refra\u00e7\u00e3o equipada com uma tecnologia de movimento exclusivo<\/strong><\/p>\n<p>A unidade de refra\u00e7\u00e3o VX 2200 est\u00e1 equipada com uma tecnologia de movimento exclusiva que oferece uma combina\u00e7\u00e3o \u00fanica de mecanismo de transla\u00e7\u00e3o e rota\u00e7\u00e3o, resultando em um sinal altamente compacto e economizador de espa\u00e7o.<\/p>\n<p>&nbsp;<\/p>\n","protected":false},"excerpt":{"rendered":"<p><strong>A vers\u00e1til unidade de refra\u00e7\u00e3o equipada com uma tecnologia de movimento exclusivo<\/strong><\/p>\n<p>A unidade de refra\u00e7\u00e3o VX 2200 est\u00e1 equipada com uma tecnologia de movimento exclusiva que oferece uma combina\u00e7\u00e3o \u00fanica de mecanismo de transla\u00e7\u00e3o e rota\u00e7\u00e3o, resultando em um sinal altamente compacto e economizador de espa\u00e7o.<\/p>\n","protected":false},"featured_media":37750,"template":"","meta":{"_acf_changed":false,"content-type":"","footnotes":""},"pwb-brand":[507],"product_brand":[],"product_cat":[261,171,195,196],"product_tag":[],"class_list":{"0":"post-37945","1":"product","2":"type-product","3":"status-publish","4":"has-post-thumbnail","6":"pwb-brand-visionix-pt","7":"product_cat-new-products-pt","8":"product_cat-oftalmologia-instrumentos","9":"product_cat-equipamento-optico","10":"product_cat-optometria-instrumentos","12":"first","13":"instock","14":"shipping-taxable","15":"product-type-simple"},"acf":[],"brands":[{"id":507,"name":"Visionix","slug":"visionix-pt"}],"_links":{"self":[{"href":"https:\/\/www.visionix.com\/pt\/wp-json\/wp\/v2\/product\/37945","targetHints":{"allow":["GET"]}}],"collection":[{"href":"https:\/\/www.visionix.com\/pt\/wp-json\/wp\/v2\/product"}],"about":[{"href":"https:\/\/www.visionix.com\/pt\/wp-json\/wp\/v2\/types\/product"}],"version-history":[{"count":5,"href":"https:\/\/www.visionix.com\/pt\/wp-json\/wp\/v2\/product\/37945\/revisions"}],"predecessor-version":[{"id":39237,"href":"https:\/\/www.visionix.com\/pt\/wp-json\/wp\/v2\/product\/37945\/revisions\/39237"}],"wp:featuredmedia":[{"embeddable":true,"href":"https:\/\/www.visionix.com\/pt\/wp-json\/wp\/v2\/media\/37750"}],"wp:attachment":[{"href":"https:\/\/www.visionix.com\/pt\/wp-json\/wp\/v2\/media?parent=37945"}],"wp:term":[{"taxonomy":"pwb-brand","embeddable":true,"href":"https:\/\/www.visionix.com\/pt\/wp-json\/wp\/v2\/pwb-brand?post=37945"},{"taxonomy":"product_brand","embeddable":true,"href":"https:\/\/www.visionix.com\/pt\/wp-json\/wp\/v2\/product_brand?post=37945"},{"taxonomy":"product_cat","embeddable":true,"href":"https:\/\/www.visionix.com\/pt\/wp-json\/wp\/v2\/product_cat?post=37945"},{"taxonomy":"product_tag","embeddable":true,"href":"https:\/\/www.visionix.com\/pt\/wp-json\/wp\/v2\/product_tag?post=37945"}],"curies":[{"name":"wp","href":"https:\/\/api.w.org\/{rel}","templated":true}]}}