{"id":34832,"date":"2022-11-16T10:05:53","date_gmt":"2022-11-16T09:05:53","guid":{"rendered":"https:\/\/www.visionix.com\/?post_type=product&#038;p=34832"},"modified":"2025-12-16T12:07:55","modified_gmt":"2025-12-16T11:07:55","slug":"mw-50d-clinical","status":"publish","type":"product","link":"https:\/\/www.visionix.com\/pt\/product\/mw-50d-clinical\/","title":{"rendered":"MW 50D Clinical"},"content":{"rendered":"<p>Nova l\u00e2mpada de fenda MW 50D: uma revolu\u00e7\u00e3o em dire\u00e7\u00e3o \u00e0 \u00f3ptica de precis\u00e3o com amplia\u00e7\u00e3o super alargada<\/p>\n","protected":false},"excerpt":{"rendered":"<p><strong>Nova l\u00e2mpada de fenda MW 50D<\/strong><\/p>\n<p>Uma revolu\u00e7\u00e3o em dire\u00e7\u00e3o \u00e0 \u00f3ptica de precis\u00e3o com amplia\u00e7\u00e3o super alargada<\/p>\n","protected":false},"featured_media":34840,"template":"","meta":{"_acf_changed":false,"content-type":"","footnotes":""},"pwb-brand":[507],"product_brand":[],"product_cat":[171,195,196],"product_tag":[],"class_list":{"0":"post-34832","1":"product","2":"type-product","3":"status-publish","4":"has-post-thumbnail","6":"pwb-brand-visionix-pt","7":"product_cat-oftalmologia-instrumentos","8":"product_cat-equipamento-optico","9":"product_cat-optometria-instrumentos","11":"first","12":"instock","13":"product-type-simple"},"acf":[],"brands":[{"id":507,"name":"Visionix","slug":"visionix-pt"}],"_links":{"self":[{"href":"https:\/\/www.visionix.com\/pt\/wp-json\/wp\/v2\/product\/34832","targetHints":{"allow":["GET"]}}],"collection":[{"href":"https:\/\/www.visionix.com\/pt\/wp-json\/wp\/v2\/product"}],"about":[{"href":"https:\/\/www.visionix.com\/pt\/wp-json\/wp\/v2\/types\/product"}],"version-history":[{"count":8,"href":"https:\/\/www.visionix.com\/pt\/wp-json\/wp\/v2\/product\/34832\/revisions"}],"predecessor-version":[{"id":76707,"href":"https:\/\/www.visionix.com\/pt\/wp-json\/wp\/v2\/product\/34832\/revisions\/76707"}],"wp:featuredmedia":[{"embeddable":true,"href":"https:\/\/www.visionix.com\/pt\/wp-json\/wp\/v2\/media\/34840"}],"wp:attachment":[{"href":"https:\/\/www.visionix.com\/pt\/wp-json\/wp\/v2\/media?parent=34832"}],"wp:term":[{"taxonomy":"pwb-brand","embeddable":true,"href":"https:\/\/www.visionix.com\/pt\/wp-json\/wp\/v2\/pwb-brand?post=34832"},{"taxonomy":"product_brand","embeddable":true,"href":"https:\/\/www.visionix.com\/pt\/wp-json\/wp\/v2\/product_brand?post=34832"},{"taxonomy":"product_cat","embeddable":true,"href":"https:\/\/www.visionix.com\/pt\/wp-json\/wp\/v2\/product_cat?post=34832"},{"taxonomy":"product_tag","embeddable":true,"href":"https:\/\/www.visionix.com\/pt\/wp-json\/wp\/v2\/product_tag?post=34832"}],"curies":[{"name":"wp","href":"https:\/\/api.w.org\/{rel}","templated":true}]}}