{"id":34790,"date":"2022-11-10T16:29:12","date_gmt":"2022-11-10T15:29:12","guid":{"rendered":"https:\/\/www.visionix.com\/?post_type=product&#038;p=34790"},"modified":"2023-01-02T10:05:17","modified_gmt":"2023-01-02T09:05:17","slug":"speedy-k2","status":"publish","type":"product","link":"https:\/\/www.visionix.com\/pt\/product\/speedy-k2\/","title":{"rendered":"Speedy K2"},"content":{"rendered":"<p>Auto-refratometria e queratometria r\u00e1pidas<\/p>\n","protected":false},"excerpt":{"rendered":"<p><strong>Auto-refratometria e queratometria r\u00e1pidas<\/strong><\/p>\n<p>O Autorefrat\u00f3metro Querat\u00f3metro Speedy K2 oferece medi\u00e7\u00f5es precisas de refra\u00e7\u00e3o e queratometria num design compacto gra\u00e7as<br \/>\nao princ\u00edpio de medi\u00e7\u00e3o por retinoscopia.<\/p>\n","protected":false},"featured_media":34808,"template":"","meta":{"_acf_changed":false,"content-type":"","footnotes":""},"pwb-brand":[507],"product_brand":[],"product_cat":[171,195,196],"product_tag":[],"class_list":{"0":"post-34790","1":"product","2":"type-product","3":"status-publish","4":"has-post-thumbnail","6":"pwb-brand-visionix-pt","7":"product_cat-oftalmologia-instrumentos","8":"product_cat-equipamento-optico","9":"product_cat-optometria-instrumentos","10":"pa_product-family-refracao-pt","11":"pa_product-type-ark-pt","13":"first","14":"instock","15":"product-type-simple"},"acf":[],"brands":[{"id":507,"name":"Visionix","slug":"visionix-pt"}],"_links":{"self":[{"href":"https:\/\/www.visionix.com\/pt\/wp-json\/wp\/v2\/product\/34790","targetHints":{"allow":["GET"]}}],"collection":[{"href":"https:\/\/www.visionix.com\/pt\/wp-json\/wp\/v2\/product"}],"about":[{"href":"https:\/\/www.visionix.com\/pt\/wp-json\/wp\/v2\/types\/product"}],"version-history":[{"count":4,"href":"https:\/\/www.visionix.com\/pt\/wp-json\/wp\/v2\/product\/34790\/revisions"}],"predecessor-version":[{"id":35508,"href":"https:\/\/www.visionix.com\/pt\/wp-json\/wp\/v2\/product\/34790\/revisions\/35508"}],"wp:featuredmedia":[{"embeddable":true,"href":"https:\/\/www.visionix.com\/pt\/wp-json\/wp\/v2\/media\/34808"}],"wp:attachment":[{"href":"https:\/\/www.visionix.com\/pt\/wp-json\/wp\/v2\/media?parent=34790"}],"wp:term":[{"taxonomy":"pwb-brand","embeddable":true,"href":"https:\/\/www.visionix.com\/pt\/wp-json\/wp\/v2\/pwb-brand?post=34790"},{"taxonomy":"product_brand","embeddable":true,"href":"https:\/\/www.visionix.com\/pt\/wp-json\/wp\/v2\/product_brand?post=34790"},{"taxonomy":"product_cat","embeddable":true,"href":"https:\/\/www.visionix.com\/pt\/wp-json\/wp\/v2\/product_cat?post=34790"},{"taxonomy":"product_tag","embeddable":true,"href":"https:\/\/www.visionix.com\/pt\/wp-json\/wp\/v2\/product_tag?post=34790"}],"curies":[{"name":"wp","href":"https:\/\/api.w.org\/{rel}","templated":true}]}}