{"id":34584,"date":"2022-11-10T14:47:09","date_gmt":"2022-11-10T13:47:09","guid":{"rendered":"https:\/\/www.visionix.com\/?post_type=product&#038;p=34584"},"modified":"2023-01-02T10:06:45","modified_gmt":"2023-01-02T09:06:45","slug":"retinomax-5","status":"publish","type":"product","link":"https:\/\/www.visionix.com\/pt\/product\/retinomax-5\/","title":{"rendered":"Retinomax 5"},"content":{"rendered":"<p>Os produtos Retinomax oferecem uma vasta gama de medi\u00e7\u00f5es de refra\u00e7\u00e3o e queratometria com alta mobilidade, estabilidade e precis\u00e3o que t\u00eam sido reconhecidas mundialmente h\u00e1 anos.<\/p>\n","protected":false},"excerpt":{"rendered":"<p><strong>A excel\u00eancia em refra\u00e7\u00e3o<\/strong><\/p>\n<p>Os produtos Retinomax oferecem uma vasta gama de medi\u00e7\u00f5es de refra\u00e7\u00e3o e queratometria com alta mobilidade, estabilidade e precis\u00e3o que t\u00eam sido reconhecidas mundialmente h\u00e1 anos.<\/p>\n","protected":false},"featured_media":34592,"template":"","meta":{"_acf_changed":false,"content-type":"","footnotes":""},"pwb-brand":[507],"product_brand":[],"product_cat":[171,195,196],"product_tag":[],"class_list":{"0":"post-34584","1":"product","2":"type-product","3":"status-publish","4":"has-post-thumbnail","6":"pwb-brand-visionix-pt","7":"product_cat-oftalmologia-instrumentos","8":"product_cat-equipamento-optico","9":"product_cat-optometria-instrumentos","10":"pa_product-family-refracao-pt","11":"pa_product-type-ark-pt","13":"first","14":"instock","15":"product-type-simple"},"acf":[],"brands":[{"id":507,"name":"Visionix","slug":"visionix-pt"}],"_links":{"self":[{"href":"https:\/\/www.visionix.com\/pt\/wp-json\/wp\/v2\/product\/34584","targetHints":{"allow":["GET"]}}],"collection":[{"href":"https:\/\/www.visionix.com\/pt\/wp-json\/wp\/v2\/product"}],"about":[{"href":"https:\/\/www.visionix.com\/pt\/wp-json\/wp\/v2\/types\/product"}],"version-history":[{"count":4,"href":"https:\/\/www.visionix.com\/pt\/wp-json\/wp\/v2\/product\/34584\/revisions"}],"predecessor-version":[{"id":35620,"href":"https:\/\/www.visionix.com\/pt\/wp-json\/wp\/v2\/product\/34584\/revisions\/35620"}],"wp:featuredmedia":[{"embeddable":true,"href":"https:\/\/www.visionix.com\/pt\/wp-json\/wp\/v2\/media\/34592"}],"wp:attachment":[{"href":"https:\/\/www.visionix.com\/pt\/wp-json\/wp\/v2\/media?parent=34584"}],"wp:term":[{"taxonomy":"pwb-brand","embeddable":true,"href":"https:\/\/www.visionix.com\/pt\/wp-json\/wp\/v2\/pwb-brand?post=34584"},{"taxonomy":"product_brand","embeddable":true,"href":"https:\/\/www.visionix.com\/pt\/wp-json\/wp\/v2\/product_brand?post=34584"},{"taxonomy":"product_cat","embeddable":true,"href":"https:\/\/www.visionix.com\/pt\/wp-json\/wp\/v2\/product_cat?post=34584"},{"taxonomy":"product_tag","embeddable":true,"href":"https:\/\/www.visionix.com\/pt\/wp-json\/wp\/v2\/product_tag?post=34584"}],"curies":[{"name":"wp","href":"https:\/\/api.w.org\/{rel}","templated":true}]}}