{"id":33874,"date":"2022-10-14T15:36:59","date_gmt":"2022-10-14T13:36:59","guid":{"rendered":"https:\/\/www.visionix.com\/?post_type=product&#038;p=33874"},"modified":"2024-10-23T16:10:17","modified_gmt":"2024-10-23T14:10:17","slug":"optovue-solix-copy","status":"publish","type":"product","link":"https:\/\/www.visionix.com\/pt\/product\/optovue-solix-copy\/","title":{"rendered":"Optovue Solix Essential"},"content":{"rendered":"<p>A Optovue Solix Essential \u00e9 uma tecnologia que assenta numa base comprovada de OCT de dom\u00ednio espetral de alta velocidade. O Optovue Solix Essential proporciona imagens de vanguarda, da c\u00f3rnea \u00e0 coroide, com tecnologia exclusiva que ir\u00e1 mudar a sua abordagem ao diagn\u00f3stico e gest\u00e3o das doen\u00e7as.<\/p>\n","protected":false},"excerpt":{"rendered":"<p><strong>Imagens da pr\u00f3xima gera\u00e7\u00e3o da c\u00f3rnea \u00e0 coroide<\/strong><\/p>\n<p>A Optovue Solix Essential \u00e9 uma tecnologia que assenta numa base comprovada de OCT de dom\u00ednio espetral de alta velocidade. O Optovue Solix Essential proporciona imagens de vanguarda, da c\u00f3rnea \u00e0 coroide, com tecnologia exclusiva que ir\u00e1 mudar a sua abordagem ao diagn\u00f3stico e gest\u00e3o das doen\u00e7as.<\/p>\n","protected":false},"featured_media":56396,"template":"","meta":{"_acf_changed":false,"content-type":"","footnotes":""},"pwb-brand":[501],"product_brand":[],"product_cat":[261,171,196],"product_tag":[],"class_list":{"0":"post-33874","1":"product","2":"type-product","3":"status-publish","4":"has-post-thumbnail","6":"pwb-brand-optovue-pt","7":"product_cat-new-products-pt","8":"product_cat-oftalmologia-instrumentos","9":"product_cat-optometria-instrumentos","10":"pa_product-family-diagnosticos-pt","11":"pa_product-type-oct-pt","13":"first","14":"instock","15":"featured","16":"product-type-simple"},"acf":[],"brands":[{"id":501,"name":"Optovue","slug":"optovue-pt"}],"_links":{"self":[{"href":"https:\/\/www.visionix.com\/pt\/wp-json\/wp\/v2\/product\/33874","targetHints":{"allow":["GET"]}}],"collection":[{"href":"https:\/\/www.visionix.com\/pt\/wp-json\/wp\/v2\/product"}],"about":[{"href":"https:\/\/www.visionix.com\/pt\/wp-json\/wp\/v2\/types\/product"}],"version-history":[{"count":9,"href":"https:\/\/www.visionix.com\/pt\/wp-json\/wp\/v2\/product\/33874\/revisions"}],"predecessor-version":[{"id":59563,"href":"https:\/\/www.visionix.com\/pt\/wp-json\/wp\/v2\/product\/33874\/revisions\/59563"}],"wp:featuredmedia":[{"embeddable":true,"href":"https:\/\/www.visionix.com\/pt\/wp-json\/wp\/v2\/media\/56396"}],"wp:attachment":[{"href":"https:\/\/www.visionix.com\/pt\/wp-json\/wp\/v2\/media?parent=33874"}],"wp:term":[{"taxonomy":"pwb-brand","embeddable":true,"href":"https:\/\/www.visionix.com\/pt\/wp-json\/wp\/v2\/pwb-brand?post=33874"},{"taxonomy":"product_brand","embeddable":true,"href":"https:\/\/www.visionix.com\/pt\/wp-json\/wp\/v2\/product_brand?post=33874"},{"taxonomy":"product_cat","embeddable":true,"href":"https:\/\/www.visionix.com\/pt\/wp-json\/wp\/v2\/product_cat?post=33874"},{"taxonomy":"product_tag","embeddable":true,"href":"https:\/\/www.visionix.com\/pt\/wp-json\/wp\/v2\/product_tag?post=33874"}],"curies":[{"name":"wp","href":"https:\/\/api.w.org\/{rel}","templated":true}]}}