{"id":26857,"date":"2022-05-13T12:01:56","date_gmt":"2022-05-13T10:01:56","guid":{"rendered":"https:\/\/www.visionix.com\/?post_type=product&#038;p=26857"},"modified":"2024-01-23T15:48:53","modified_gmt":"2024-01-23T14:48:53","slug":"visionix-vx-1200","status":"publish","type":"product","link":"https:\/\/www.visionix.com\/pt\/product\/visionix-vx-1200\/","title":{"rendered":"Visionix VX 1200"},"content":{"rendered":"<p><strong>Unidade de 2 instrumentos Visionix com mesa deslizante<\/strong><\/p>\n<p>Unidade de refra\u00e7\u00e3o compacta e completa, a VX 1200 permite que os oftalmologistas realizem uma refra\u00e7\u00e3o em um tempo m\u00ednimo e disponibiliza o conjunto de instrumentos necess\u00e1rios para sua pr\u00e1tica gra\u00e7as \u00e0 sua mesa deslizante.<\/p>\n","protected":false},"excerpt":{"rendered":"<p><strong>Unidade de 2 instrumentos Visionix com mesa deslizante<br \/>\n<\/strong>Unidade de refra\u00e7\u00e3o compacta e completa, a VX 1200 permite que os oftalmologistas realizem uma refra\u00e7\u00e3o em um tempo m\u00ednimo e disponibiliza o conjunto de instrumentos necess\u00e1rios para sua pr\u00e1tica gra\u00e7as \u00e0 sua mesa deslizante.<\/p>\n","protected":false},"featured_media":28155,"template":"","meta":{"_acf_changed":false,"content-type":"","footnotes":""},"pwb-brand":[507],"product_brand":[],"product_cat":[171,195,196],"product_tag":[],"class_list":{"0":"post-26857","1":"product","2":"type-product","3":"status-publish","4":"has-post-thumbnail","6":"pwb-brand-visionix-pt","7":"product_cat-oftalmologia-instrumentos","8":"product_cat-equipamento-optico","9":"product_cat-optometria-instrumentos","10":"pa_product-family-diagnosticos-pt","11":"pa_product-family-refracao-pt","12":"pa_product-type-analisador-de-frente-de-onda-binocular-pt","13":"pa_product-type-foroptero-pt","14":"pa_product-type-telemedicina-pt","16":"first","17":"instock","18":"product-type-simple"},"acf":[],"brands":[{"id":507,"name":"Visionix","slug":"visionix-pt"}],"_links":{"self":[{"href":"https:\/\/www.visionix.com\/pt\/wp-json\/wp\/v2\/product\/26857","targetHints":{"allow":["GET"]}}],"collection":[{"href":"https:\/\/www.visionix.com\/pt\/wp-json\/wp\/v2\/product"}],"about":[{"href":"https:\/\/www.visionix.com\/pt\/wp-json\/wp\/v2\/types\/product"}],"version-history":[{"count":5,"href":"https:\/\/www.visionix.com\/pt\/wp-json\/wp\/v2\/product\/26857\/revisions"}],"predecessor-version":[{"id":32532,"href":"https:\/\/www.visionix.com\/pt\/wp-json\/wp\/v2\/product\/26857\/revisions\/32532"}],"wp:featuredmedia":[{"embeddable":true,"href":"https:\/\/www.visionix.com\/pt\/wp-json\/wp\/v2\/media\/28155"}],"wp:attachment":[{"href":"https:\/\/www.visionix.com\/pt\/wp-json\/wp\/v2\/media?parent=26857"}],"wp:term":[{"taxonomy":"pwb-brand","embeddable":true,"href":"https:\/\/www.visionix.com\/pt\/wp-json\/wp\/v2\/pwb-brand?post=26857"},{"taxonomy":"product_brand","embeddable":true,"href":"https:\/\/www.visionix.com\/pt\/wp-json\/wp\/v2\/product_brand?post=26857"},{"taxonomy":"product_cat","embeddable":true,"href":"https:\/\/www.visionix.com\/pt\/wp-json\/wp\/v2\/product_cat?post=26857"},{"taxonomy":"product_tag","embeddable":true,"href":"https:\/\/www.visionix.com\/pt\/wp-json\/wp\/v2\/product_tag?post=26857"}],"curies":[{"name":"wp","href":"https:\/\/api.w.org\/{rel}","templated":true}]}}