{"id":26836,"date":"2022-05-13T11:42:23","date_gmt":"2022-05-13T09:42:23","guid":{"rendered":"https:\/\/www.visionix.com\/?post_type=product&#038;p=26836"},"modified":"2024-01-23T15:36:52","modified_gmt":"2024-01-23T14:36:52","slug":"visionix-vx-1000","status":"publish","type":"product","link":"https:\/\/www.visionix.com\/pt\/product\/visionix-vx-1000\/","title":{"rendered":"Visionix VX 1000"},"content":{"rendered":"<p><span data-contrast=\"none\">Unidade de refra\u00e7\u00e3o confort\u00e1vel e compacta, a VX 1000 adapta-se a todos os espa\u00e7os, mesmo os mais pequenos. \u00c9 a solu\u00e7\u00e3o ideal para a pr\u00e1tica di\u00e1ria de refra\u00e7\u00e3o.<\/span><\/p>\n","protected":false},"excerpt":{"rendered":"<p><strong>Unidade de refra\u00e7\u00e3o confort\u00e1vel e compacta,<\/strong><br \/>\na VX 1000 adapta-se a todos os espa\u00e7os, mesmo os mais pequenos. \u00c9 a solu\u00e7\u00e3o ideal para a pr\u00e1tica di\u00e1ria de refra\u00e7\u00e3o.<\/p>\n","protected":false},"featured_media":26849,"template":"","meta":{"_acf_changed":false,"content-type":"","footnotes":""},"pwb-brand":[507],"product_brand":[],"product_cat":[171,195,196],"product_tag":[],"class_list":{"0":"post-26836","1":"product","2":"type-product","3":"status-publish","4":"has-post-thumbnail","6":"pwb-brand-visionix-pt","7":"product_cat-oftalmologia-instrumentos","8":"product_cat-equipamento-optico","9":"product_cat-optometria-instrumentos","10":"pa_product-family-diagnosticos-pt","11":"pa_product-family-refracao-pt","12":"pa_product-type-analisador-de-frente-de-onda-binocular-pt","13":"pa_product-type-foroptero-pt","14":"pa_product-type-telemedicina-pt","16":"first","17":"instock","18":"product-type-simple"},"acf":[],"brands":[{"id":507,"name":"Visionix","slug":"visionix-pt"}],"_links":{"self":[{"href":"https:\/\/www.visionix.com\/pt\/wp-json\/wp\/v2\/product\/26836","targetHints":{"allow":["GET"]}}],"collection":[{"href":"https:\/\/www.visionix.com\/pt\/wp-json\/wp\/v2\/product"}],"about":[{"href":"https:\/\/www.visionix.com\/pt\/wp-json\/wp\/v2\/types\/product"}],"version-history":[{"count":7,"href":"https:\/\/www.visionix.com\/pt\/wp-json\/wp\/v2\/product\/26836\/revisions"}],"predecessor-version":[{"id":30319,"href":"https:\/\/www.visionix.com\/pt\/wp-json\/wp\/v2\/product\/26836\/revisions\/30319"}],"wp:featuredmedia":[{"embeddable":true,"href":"https:\/\/www.visionix.com\/pt\/wp-json\/wp\/v2\/media\/26849"}],"wp:attachment":[{"href":"https:\/\/www.visionix.com\/pt\/wp-json\/wp\/v2\/media?parent=26836"}],"wp:term":[{"taxonomy":"pwb-brand","embeddable":true,"href":"https:\/\/www.visionix.com\/pt\/wp-json\/wp\/v2\/pwb-brand?post=26836"},{"taxonomy":"product_brand","embeddable":true,"href":"https:\/\/www.visionix.com\/pt\/wp-json\/wp\/v2\/product_brand?post=26836"},{"taxonomy":"product_cat","embeddable":true,"href":"https:\/\/www.visionix.com\/pt\/wp-json\/wp\/v2\/product_cat?post=26836"},{"taxonomy":"product_tag","embeddable":true,"href":"https:\/\/www.visionix.com\/pt\/wp-json\/wp\/v2\/product_tag?post=26836"}],"curies":[{"name":"wp","href":"https:\/\/api.w.org\/{rel}","templated":true}]}}