{"id":26813,"date":"2022-05-13T11:03:47","date_gmt":"2022-05-13T09:03:47","guid":{"rendered":"https:\/\/www.visionix.com\/?post_type=product&#038;p=26813"},"modified":"2024-01-23T15:48:56","modified_gmt":"2024-01-23T14:48:56","slug":"visionix-vx-2000-2000h","status":"publish","type":"product","link":"https:\/\/www.visionix.com\/pt\/product\/visionix-vx-2000-2000h\/","title":{"rendered":"Visionix VX 2000 &#8211; 2000H"},"content":{"rendered":"<p><strong>Unidade de dois instrumentos Visionix<br \/>\n<\/strong>Confort\u00e1vel criador de tend\u00eancias: dois instrumentos consolidados numa unidade que gira para facilitar o acesso. Dispon\u00edvel em orienta\u00e7\u00f5es para destros ou canhotos com uma superf\u00edcie de mesa que pode ser levantada eletronicamente.<\/p>\n","protected":false},"excerpt":{"rendered":"<p><strong>Unidade de dois instrumentos Visionix<br \/>\n<\/strong>Confort\u00e1vel criador de tend\u00eancias: dois instrumentos consolidados numa unidade que gira para facilitar o acesso. Dispon\u00edvel em orienta\u00e7\u00f5es para destros ou canhotos com uma superf\u00edcie de mesa que pode ser levantada eletronicamente.<\/p>\n","protected":false},"featured_media":28163,"template":"","meta":{"_acf_changed":false,"content-type":"","footnotes":""},"pwb-brand":[507],"product_brand":[],"product_cat":[171,195,196],"product_tag":[],"class_list":{"0":"post-26813","1":"product","2":"type-product","3":"status-publish","4":"has-post-thumbnail","6":"pwb-brand-visionix-pt","7":"product_cat-oftalmologia-instrumentos","8":"product_cat-equipamento-optico","9":"product_cat-optometria-instrumentos","10":"pa_product-family-diagnosticos-pt","11":"pa_product-family-refracao-pt","12":"pa_product-type-analisador-de-frente-de-onda-binocular-pt","13":"pa_product-type-foroptero-pt","14":"pa_product-type-telemedicina-pt","16":"first","17":"instock","18":"product-type-simple"},"acf":[],"brands":[{"id":507,"name":"Visionix","slug":"visionix-pt"}],"_links":{"self":[{"href":"https:\/\/www.visionix.com\/pt\/wp-json\/wp\/v2\/product\/26813","targetHints":{"allow":["GET"]}}],"collection":[{"href":"https:\/\/www.visionix.com\/pt\/wp-json\/wp\/v2\/product"}],"about":[{"href":"https:\/\/www.visionix.com\/pt\/wp-json\/wp\/v2\/types\/product"}],"version-history":[{"count":6,"href":"https:\/\/www.visionix.com\/pt\/wp-json\/wp\/v2\/product\/26813\/revisions"}],"predecessor-version":[{"id":32543,"href":"https:\/\/www.visionix.com\/pt\/wp-json\/wp\/v2\/product\/26813\/revisions\/32543"}],"wp:featuredmedia":[{"embeddable":true,"href":"https:\/\/www.visionix.com\/pt\/wp-json\/wp\/v2\/media\/28163"}],"wp:attachment":[{"href":"https:\/\/www.visionix.com\/pt\/wp-json\/wp\/v2\/media?parent=26813"}],"wp:term":[{"taxonomy":"pwb-brand","embeddable":true,"href":"https:\/\/www.visionix.com\/pt\/wp-json\/wp\/v2\/pwb-brand?post=26813"},{"taxonomy":"product_brand","embeddable":true,"href":"https:\/\/www.visionix.com\/pt\/wp-json\/wp\/v2\/product_brand?post=26813"},{"taxonomy":"product_cat","embeddable":true,"href":"https:\/\/www.visionix.com\/pt\/wp-json\/wp\/v2\/product_cat?post=26813"},{"taxonomy":"product_tag","embeddable":true,"href":"https:\/\/www.visionix.com\/pt\/wp-json\/wp\/v2\/product_tag?post=26813"}],"curies":[{"name":"wp","href":"https:\/\/api.w.org\/{rel}","templated":true}]}}