{"id":26778,"date":"2022-05-13T10:22:50","date_gmt":"2022-05-13T08:22:50","guid":{"rendered":"https:\/\/www.visionix.com\/?post_type=product&#038;p=26778"},"modified":"2024-01-23T15:48:59","modified_gmt":"2024-01-23T14:48:59","slug":"visionix-vx-3000-vx-3000h","status":"publish","type":"product","link":"https:\/\/www.visionix.com\/pt\/product\/visionix-vx-3000-vx-3000h\/","title":{"rendered":"Visionix VX 3000 &#8211; VX 3000H"},"content":{"rendered":"<p><strong>Unidades de tr\u00eas instrumentos Visionix\u00ae<br \/>\n<\/strong>Tr\u00eas instrumentos consolidados numa unidade. Cada dispositivo \u00e9 montado numa superf\u00edcie que pode ser girada manualmente, tornando-o mais acess\u00edvel para pacientes em cadeira de rodas.<strong><br \/>\n<\/strong><\/p>\n","protected":false},"excerpt":{"rendered":"<p><strong>Unidades de tr\u00eas instrumentos Visionix\u00ae<br \/>\n<\/strong>Tr\u00eas instrumentos consolidados numa unidade. Cada dispositivo \u00e9 montado numa superf\u00edcie que pode ser girada manualmente, tornando-o mais acess\u00edvel para pacientes em cadeira de rodas.<\/p>\n","protected":false},"featured_media":26803,"template":"","meta":{"_acf_changed":false,"content-type":"","footnotes":""},"pwb-brand":[507],"product_brand":[],"product_cat":[171,195,196],"product_tag":[],"class_list":{"0":"post-26778","1":"product","2":"type-product","3":"status-publish","4":"has-post-thumbnail","6":"pwb-brand-visionix-pt","7":"product_cat-oftalmologia-instrumentos","8":"product_cat-equipamento-optico","9":"product_cat-optometria-instrumentos","10":"pa_product-family-diagnosticos-pt","11":"pa_product-family-refracao-pt","12":"pa_product-type-analisador-de-frente-de-onda-binocular-pt","13":"pa_product-type-foroptero-pt","14":"pa_product-type-telemedicina-pt","16":"first","17":"instock","18":"product-type-simple"},"acf":[],"brands":[{"id":507,"name":"Visionix","slug":"visionix-pt"}],"_links":{"self":[{"href":"https:\/\/www.visionix.com\/pt\/wp-json\/wp\/v2\/product\/26778","targetHints":{"allow":["GET"]}}],"collection":[{"href":"https:\/\/www.visionix.com\/pt\/wp-json\/wp\/v2\/product"}],"about":[{"href":"https:\/\/www.visionix.com\/pt\/wp-json\/wp\/v2\/types\/product"}],"version-history":[{"count":5,"href":"https:\/\/www.visionix.com\/pt\/wp-json\/wp\/v2\/product\/26778\/revisions"}],"predecessor-version":[{"id":32546,"href":"https:\/\/www.visionix.com\/pt\/wp-json\/wp\/v2\/product\/26778\/revisions\/32546"}],"wp:featuredmedia":[{"embeddable":true,"href":"https:\/\/www.visionix.com\/pt\/wp-json\/wp\/v2\/media\/26803"}],"wp:attachment":[{"href":"https:\/\/www.visionix.com\/pt\/wp-json\/wp\/v2\/media?parent=26778"}],"wp:term":[{"taxonomy":"pwb-brand","embeddable":true,"href":"https:\/\/www.visionix.com\/pt\/wp-json\/wp\/v2\/pwb-brand?post=26778"},{"taxonomy":"product_brand","embeddable":true,"href":"https:\/\/www.visionix.com\/pt\/wp-json\/wp\/v2\/product_brand?post=26778"},{"taxonomy":"product_cat","embeddable":true,"href":"https:\/\/www.visionix.com\/pt\/wp-json\/wp\/v2\/product_cat?post=26778"},{"taxonomy":"product_tag","embeddable":true,"href":"https:\/\/www.visionix.com\/pt\/wp-json\/wp\/v2\/product_tag?post=26778"}],"curies":[{"name":"wp","href":"https:\/\/api.w.org\/{rel}","templated":true}]}}