{"id":28515,"date":"2022-02-08T11:14:31","date_gmt":"2022-02-08T10:14:31","guid":{"rendered":"https:\/\/www.visionix.com\/optical-retail\/technician\/"},"modified":"2022-06-14T14:18:04","modified_gmt":"2022-06-14T12:18:04","slug":"technician","status":"publish","type":"page","link":"https:\/\/www.visionix.com\/pt\/optical-retail\/technician\/","title":{"rendered":"Technician"},"content":{"rendered":"\t\t<div data-elementor-type=\"wp-page\" data-elementor-id=\"28515\" class=\"elementor elementor-28515 elementor-84\" data-elementor-post-type=\"page\">\n\t\t\t\t\t\t<section class=\"elementor-section elementor-top-section elementor-element elementor-element-9a880e5 elementor-section-boxed elementor-section-height-default elementor-section-height-default\" data-id=\"9a880e5\" data-element_type=\"section\" data-e-type=\"section\">\n\t\t\t\t\t\t<div class=\"elementor-container elementor-column-gap-default\">\n\t\t\t\t\t<div class=\"elementor-column elementor-col-50 elementor-top-column elementor-element elementor-element-ea62f6a\" data-id=\"ea62f6a\" data-element_type=\"column\" data-e-type=\"column\">\n\t\t\t<div class=\"elementor-widget-wrap elementor-element-populated\">\n\t\t\t\t\t\t<div class=\"elementor-element elementor-element-3ebf5ba elementor-widget elementor-widget-heading\" data-id=\"3ebf5ba\" data-element_type=\"widget\" data-e-type=\"widget\" data-widget_type=\"heading.default\">\n\t\t\t\t<div class=\"elementor-widget-container\">\n\t\t\t\t\t<h3 class=\"elementor-heading-title elementor-size-default\">T\u00e9cnico<\/h3>\t\t\t\t<\/div>\n\t\t\t\t<\/div>\n\t\t\t\t<div class=\"elementor-element elementor-element-815dee3 elementor-widget elementor-widget-heading\" data-id=\"815dee3\" data-element_type=\"widget\" data-e-type=\"widget\" data-widget_type=\"heading.default\">\n\t\t\t\t<div class=\"elementor-widget-container\">\n\t\t\t\t\t<h1 class=\"elementor-heading-title elementor-size-default\">O equipamento certo para refra\u00e7\u00f5es precisas<\/h1>\t\t\t\t<\/div>\n\t\t\t\t<\/div>\n\t\t\t\t<div class=\"elementor-element elementor-element-2ab8b92 elementor-widget elementor-widget-text-editor\" data-id=\"2ab8b92\" data-element_type=\"widget\" data-e-type=\"widget\" data-widget_type=\"text-editor.default\">\n\t\t\t\t<div class=\"elementor-widget-container\">\n\t\t\t\t\t\t\t\t\tOs t\u00e9cnicos podem assumir a refra\u00e7\u00e3o em 80% dos casos, uma vez que s\u00e3o orientados pela nossa intuitiva interface sem fios.\t\t\t\t\t\t\t\t<\/div>\n\t\t\t\t<\/div>\n\t\t\t\t\t<\/div>\n\t\t<\/div>\n\t\t\t\t<div class=\"elementor-column elementor-col-50 elementor-top-column elementor-element elementor-element-cca289e\" data-id=\"cca289e\" data-element_type=\"column\" data-e-type=\"column\">\n\t\t\t<div class=\"elementor-widget-wrap elementor-element-populated\">\n\t\t\t\t\t\t<div class=\"elementor-element elementor-element-861fb9b elementor-widget elementor-widget-image\" data-id=\"861fb9b\" data-element_type=\"widget\" data-e-type=\"widget\" data-widget_type=\"image.default\">\n\t\t\t\t<div class=\"elementor-widget-container\">\n\t\t\t\t\t\t\t\t\t\t\t\t\t\t\t<img fetchpriority=\"high\" decoding=\"async\" width=\"768\" height=\"513\" src=\"https:\/\/www.visionix.com\/wp-content\/uploads\/2022\/03\/EyeRefract-configuration-chart-display-Visionix-28-768x513-1.jpg\" class=\"attachment-large size-large wp-image-1767\" alt=\"\" srcset=\"https:\/\/www.visionix.com\/wp-content\/uploads\/2022\/03\/EyeRefract-configuration-chart-display-Visionix-28-768x513-1.jpg 768w, https:\/\/www.visionix.com\/wp-content\/uploads\/2022\/03\/EyeRefract-configuration-chart-display-Visionix-28-768x513-1-300x200.jpg 300w, https:\/\/www.visionix.com\/wp-content\/uploads\/2022\/03\/EyeRefract-configuration-chart-display-Visionix-28-768x513-1-600x401.jpg 600w\" sizes=\"(max-width: 768px) 100vw, 768px\" \/>\t\t\t\t\t\t\t\t\t\t\t\t\t\t\t<\/div>\n\t\t\t\t<\/div>\n\t\t\t\t\t<\/div>\n\t\t<\/div>\n\t\t\t\t\t<\/div>\n\t\t<\/section>\n\t\t\t\t<section class=\"elementor-section elementor-top-section elementor-element elementor-element-bb8c0f3 elementor-section-boxed elementor-section-height-default elementor-section-height-default\" data-id=\"bb8c0f3\" data-element_type=\"section\" data-e-type=\"section\">\n\t\t\t\t\t\t<div class=\"elementor-container elementor-column-gap-default\">\n\t\t\t\t\t<div class=\"elementor-column elementor-col-50 elementor-top-column elementor-element elementor-element-0bda18c\" data-id=\"0bda18c\" data-element_type=\"column\" data-e-type=\"column\">\n\t\t\t<div class=\"elementor-widget-wrap elementor-element-populated\">\n\t\t\t\t\t\t<div class=\"elementor-element elementor-element-a96fcd3 elementor-widget elementor-widget-image\" data-id=\"a96fcd3\" data-element_type=\"widget\" data-e-type=\"widget\" data-widget_type=\"image.default\">\n\t\t\t\t<div class=\"elementor-widget-container\">\n\t\t\t\t\t\t\t\t\t\t\t\t\t\t\t<img decoding=\"async\" width=\"800\" height=\"534\" src=\"https:\/\/www.visionix.com\/wp-content\/uploads\/2022\/05\/eye-refract-patient-1024x683.png\" class=\"attachment-large size-large wp-image-27836\" alt=\"\" srcset=\"https:\/\/www.visionix.com\/wp-content\/uploads\/2022\/05\/eye-refract-patient-1024x683.png 1024w, https:\/\/www.visionix.com\/wp-content\/uploads\/2022\/05\/eye-refract-patient-300x200.png 300w, https:\/\/www.visionix.com\/wp-content\/uploads\/2022\/05\/eye-refract-patient-768x512.png 768w, https:\/\/www.visionix.com\/wp-content\/uploads\/2022\/05\/eye-refract-patient-600x400.png 600w, https:\/\/www.visionix.com\/wp-content\/uploads\/2022\/05\/eye-refract-patient.png 1250w\" sizes=\"(max-width: 800px) 100vw, 800px\" \/>\t\t\t\t\t\t\t\t\t\t\t\t\t\t\t<\/div>\n\t\t\t\t<\/div>\n\t\t\t\t\t<\/div>\n\t\t<\/div>\n\t\t\t\t<div class=\"elementor-column elementor-col-50 elementor-top-column elementor-element elementor-element-0834910\" data-id=\"0834910\" data-element_type=\"column\" data-e-type=\"column\">\n\t\t\t<div class=\"elementor-widget-wrap elementor-element-populated\">\n\t\t\t\t\t\t<div class=\"elementor-element elementor-element-b80e41c elementor-widget elementor-widget-text-editor\" data-id=\"b80e41c\" data-element_type=\"widget\" data-e-type=\"widget\" data-widget_type=\"text-editor.default\">\n\t\t\t\t<div class=\"elementor-widget-container\">\n\t\t\t\t\t\t\t\t\tOs nossos sistemas s\u00e3o f\u00e1ceis de usar, economicamente acess\u00edveis e compactos. Para qualquer diagn\u00f3stico, temos o equipamento adequado desde a sala de pr\u00e9-exame aos dispositivos multimodais. O Eye Refract da Visionix permite que os m\u00e9dicos deleguem a refra\u00e7\u00e3o nos t\u00e9cnicos.\t\t\t\t\t\t\t\t<\/div>\n\t\t\t\t<\/div>\n\t\t\t\t<div class=\"elementor-element elementor-element-3ae31f4 elementor-widget elementor-widget-button\" data-id=\"3ae31f4\" data-element_type=\"widget\" data-e-type=\"widget\" data-widget_type=\"button.default\">\n\t\t\t\t<div class=\"elementor-widget-container\">\n\t\t\t\t\t\t\t\t\t<div class=\"elementor-button-wrapper\">\n\t\t\t\t\t<a class=\"elementor-button elementor-button-link elementor-size-sm\" href=\"https:\/\/www.visionix.com\/pt\/contact\/\">\n\t\t\t\t\t\t<span class=\"elementor-button-content-wrapper\">\n\t\t\t\t\t\t\t\t\t<span class=\"elementor-button-text\">Fale com um especialista<\/span>\n\t\t\t\t\t<\/span>\n\t\t\t\t\t<\/a>\n\t\t\t\t<\/div>\n\t\t\t\t\t\t\t\t<\/div>\n\t\t\t\t<\/div>\n\t\t\t\t\t<\/div>\n\t\t<\/div>\n\t\t\t\t\t<\/div>\n\t\t<\/section>\n\t\t\t\t<section class=\"elementor-section elementor-top-section elementor-element elementor-element-55e7ee4 elementor-section-boxed elementor-section-height-default elementor-section-height-default\" data-id=\"55e7ee4\" data-element_type=\"section\" data-e-type=\"section\">\n\t\t\t\t\t\t<div class=\"elementor-container elementor-column-gap-default\">\n\t\t\t\t\t<div class=\"elementor-column elementor-col-50 elementor-top-column elementor-element elementor-element-6152a1d\" data-id=\"6152a1d\" data-element_type=\"column\" data-e-type=\"column\">\n\t\t\t<div class=\"elementor-widget-wrap elementor-element-populated\">\n\t\t\t\t\t\t<div class=\"elementor-element elementor-element-ade573c elementor-widget elementor-widget-text-editor\" data-id=\"ade573c\" data-element_type=\"widget\" data-e-type=\"widget\" data-widget_type=\"text-editor.default\">\n\t\t\t\t<div class=\"elementor-widget-container\">\n\t\t\t\t\t\t\t\t\tUm t\u00e9cnico que efetua a recolha de dados com o Eye Refract da Visionix n\u00e3o necessita de ter forma\u00e7\u00e3o em refra\u00e7\u00e3o; s\u00f3 precisa de compreender a mec\u00e2nica para seguir a interface orientada por um algoritmo no tablet Samsung. A opera\u00e7\u00e3o com tablet sem fios permite que qualquer utilizador com forma\u00e7\u00e3o efetue a refra\u00e7\u00e3o \u00e0 dist\u00e2ncia, noutra sala ou mesmo a partir de outra localiza\u00e7\u00e3o. Num processo passo a passo, um t\u00e9cnico pode efetuar uma recolha de dados precisa e repet\u00edvel.\t\t\t\t\t\t\t\t<\/div>\n\t\t\t\t<\/div>\n\t\t\t\t<div class=\"elementor-element elementor-element-99542f2 elementor-widget elementor-widget-button\" data-id=\"99542f2\" data-element_type=\"widget\" data-e-type=\"widget\" data-widget_type=\"button.default\">\n\t\t\t\t<div class=\"elementor-widget-container\">\n\t\t\t\t\t\t\t\t\t<div class=\"elementor-button-wrapper\">\n\t\t\t\t\t<a class=\"elementor-button elementor-button-link elementor-size-sm\" href=\"https:\/\/www.visionix.com\/pt\/contact\/\">\n\t\t\t\t\t\t<span class=\"elementor-button-content-wrapper\">\n\t\t\t\t\t\t\t\t\t<span class=\"elementor-button-text\">Fale com um especialista<\/span>\n\t\t\t\t\t<\/span>\n\t\t\t\t\t<\/a>\n\t\t\t\t<\/div>\n\t\t\t\t\t\t\t\t<\/div>\n\t\t\t\t<\/div>\n\t\t\t\t\t<\/div>\n\t\t<\/div>\n\t\t\t\t<div class=\"elementor-column elementor-col-50 elementor-top-column elementor-element elementor-element-6700cec\" data-id=\"6700cec\" data-element_type=\"column\" data-e-type=\"column\">\n\t\t\t<div class=\"elementor-widget-wrap elementor-element-populated\">\n\t\t\t\t\t\t<div class=\"elementor-element elementor-element-60aa8ef elementor-widget elementor-widget-image\" data-id=\"60aa8ef\" data-element_type=\"widget\" data-e-type=\"widget\" data-widget_type=\"image.default\">\n\t\t\t\t<div class=\"elementor-widget-container\">\n\t\t\t\t\t\t\t\t\t\t\t\t\t\t\t<img decoding=\"async\" width=\"800\" height=\"588\" src=\"https:\/\/www.visionix.com\/wp-content\/uploads\/2022\/05\/eye-refract-tablet-1024x752.png\" class=\"attachment-large size-large wp-image-27844\" alt=\"eye refract tablet\" srcset=\"https:\/\/www.visionix.com\/wp-content\/uploads\/2022\/05\/eye-refract-tablet-1024x752.png 1024w, https:\/\/www.visionix.com\/wp-content\/uploads\/2022\/05\/eye-refract-tablet-300x220.png 300w, https:\/\/www.visionix.com\/wp-content\/uploads\/2022\/05\/eye-refract-tablet-768x564.png 768w, https:\/\/www.visionix.com\/wp-content\/uploads\/2022\/05\/eye-refract-tablet-600x440.png 600w, https:\/\/www.visionix.com\/wp-content\/uploads\/2022\/05\/eye-refract-tablet.png 1139w\" sizes=\"(max-width: 800px) 100vw, 800px\" \/>\t\t\t\t\t\t\t\t\t\t\t\t\t\t\t<\/div>\n\t\t\t\t<\/div>\n\t\t\t\t\t<\/div>\n\t\t<\/div>\n\t\t\t\t\t<\/div>\n\t\t<\/section>\n\t\t\t\t<section class=\"elementor-section elementor-top-section elementor-element elementor-element-5107d67 elementor-section-boxed elementor-section-height-default elementor-section-height-default\" data-id=\"5107d67\" data-element_type=\"section\" data-e-type=\"section\">\n\t\t\t\t\t\t<div class=\"elementor-container elementor-column-gap-default\">\n\t\t\t\t\t<div class=\"elementor-column elementor-col-50 elementor-top-column elementor-element elementor-element-94296f4\" data-id=\"94296f4\" data-element_type=\"column\" data-e-type=\"column\">\n\t\t\t<div class=\"elementor-widget-wrap elementor-element-populated\">\n\t\t\t\t\t\t<div class=\"elementor-element elementor-element-845b127 elementor-widget elementor-widget-image\" data-id=\"845b127\" data-element_type=\"widget\" data-e-type=\"widget\" data-widget_type=\"image.default\">\n\t\t\t\t<div class=\"elementor-widget-container\">\n\t\t\t\t\t\t\t\t\t\t\t\t\t\t\t<img loading=\"lazy\" decoding=\"async\" width=\"800\" height=\"533\" src=\"https:\/\/www.visionix.com\/wp-content\/uploads\/2022\/05\/Fotolia_91502345_XL-1024x682.jpg\" class=\"attachment-large size-large wp-image-27852\" alt=\"Male Patient Having Consultation With Doctor In Office\" srcset=\"https:\/\/www.visionix.com\/wp-content\/uploads\/2022\/05\/Fotolia_91502345_XL-1024x682.jpg 1024w, https:\/\/www.visionix.com\/wp-content\/uploads\/2022\/05\/Fotolia_91502345_XL-300x200.jpg 300w, https:\/\/www.visionix.com\/wp-content\/uploads\/2022\/05\/Fotolia_91502345_XL-768x512.jpg 768w, https:\/\/www.visionix.com\/wp-content\/uploads\/2022\/05\/Fotolia_91502345_XL-1536x1023.jpg 1536w, https:\/\/www.visionix.com\/wp-content\/uploads\/2022\/05\/Fotolia_91502345_XL-2048x1365.jpg 2048w, https:\/\/www.visionix.com\/wp-content\/uploads\/2022\/05\/Fotolia_91502345_XL-600x400.jpg 600w\" sizes=\"(max-width: 800px) 100vw, 800px\" \/>\t\t\t\t\t\t\t\t\t\t\t\t\t\t\t<\/div>\n\t\t\t\t<\/div>\n\t\t\t\t\t<\/div>\n\t\t<\/div>\n\t\t\t\t<div class=\"elementor-column elementor-col-50 elementor-top-column elementor-element elementor-element-4e53a95\" data-id=\"4e53a95\" data-element_type=\"column\" data-e-type=\"column\">\n\t\t\t<div class=\"elementor-widget-wrap elementor-element-populated\">\n\t\t\t\t\t\t<div class=\"elementor-element elementor-element-f1c122e elementor-widget elementor-widget-text-editor\" data-id=\"f1c122e\" data-element_type=\"widget\" data-e-type=\"widget\" data-widget_type=\"text-editor.default\">\n\t\t\t\t<div class=\"elementor-widget-container\">\n\t\t\t\t\t\t\t\t\tPara trabalhar de forma eficaz com o Visionix Eye Refract, apenas necessita de uma liga\u00e7\u00e3o \u00e0 Internet de alta velocidade e de uma zona de pequenas dimens\u00f5es. No que respeita ao fluxo de exame: o t\u00e9cnico recolhe os dados, o m\u00e9dico recebe os dados por via eletr\u00f3nica, analisa-os e consulta o doente. .\t\t\t\t\t\t\t\t<\/div>\n\t\t\t\t<\/div>\n\t\t\t\t<div class=\"elementor-element elementor-element-02e57d6 elementor-widget elementor-widget-button\" data-id=\"02e57d6\" data-element_type=\"widget\" data-e-type=\"widget\" data-widget_type=\"button.default\">\n\t\t\t\t<div class=\"elementor-widget-container\">\n\t\t\t\t\t\t\t\t\t<div class=\"elementor-button-wrapper\">\n\t\t\t\t\t<a class=\"elementor-button elementor-button-link elementor-size-sm\" href=\"https:\/\/www.visionix.com\/pt\/contact\/\">\n\t\t\t\t\t\t<span class=\"elementor-button-content-wrapper\">\n\t\t\t\t\t\t\t\t\t<span class=\"elementor-button-text\">Fale com um especialista<\/span>\n\t\t\t\t\t<\/span>\n\t\t\t\t\t<\/a>\n\t\t\t\t<\/div>\n\t\t\t\t\t\t\t\t<\/div>\n\t\t\t\t<\/div>\n\t\t\t\t\t<\/div>\n\t\t<\/div>\n\t\t\t\t\t<\/div>\n\t\t<\/section>\n\t\t\t\t<section class=\"elementor-section elementor-top-section elementor-element elementor-element-3a9c98f elementor-section-boxed elementor-section-height-default elementor-section-height-default\" data-id=\"3a9c98f\" data-element_type=\"section\" data-e-type=\"section\">\n\t\t\t\t\t\t<div class=\"elementor-container elementor-column-gap-default\">\n\t\t\t\t\t<div class=\"elementor-column elementor-col-50 elementor-top-column elementor-element elementor-element-5afd7ba\" data-id=\"5afd7ba\" data-element_type=\"column\" data-e-type=\"column\">\n\t\t\t<div class=\"elementor-widget-wrap elementor-element-populated\">\n\t\t\t\t\t\t<div class=\"elementor-element elementor-element-9922631 elementor-widget elementor-widget-text-editor\" data-id=\"9922631\" data-element_type=\"widget\" data-e-type=\"widget\" data-widget_type=\"text-editor.default\">\n\t\t\t\t<div class=\"elementor-widget-container\">\n\t\t\t\t\t\t\t\t\tOs atuais utilizadores do Eye Refract referem um aumento da satisfa\u00e7\u00e3o dos clientes e taxas reduzidas de repeti\u00e7\u00e3o do trabalho, o que permite ao pessoal vender lentes com confian\u00e7a. As cl\u00ednicas com esta tecnologia partilham que a configura\u00e7\u00e3o compacta e moderna do exame com o Eye Refract e o processo de refra\u00e7\u00e3o guiado pelo tablet impressionam os seus doentes e inspiram cr\u00edticas online positivas.  \t\t\t\t\t\t\t\t<\/div>\n\t\t\t\t<\/div>\n\t\t\t\t<div class=\"elementor-element elementor-element-d1ef49c elementor-widget elementor-widget-button\" data-id=\"d1ef49c\" data-element_type=\"widget\" data-e-type=\"widget\" data-widget_type=\"button.default\">\n\t\t\t\t<div class=\"elementor-widget-container\">\n\t\t\t\t\t\t\t\t\t<div class=\"elementor-button-wrapper\">\n\t\t\t\t\t<a class=\"elementor-button elementor-button-link elementor-size-sm\" href=\"https:\/\/www.visionix.com\/pt\/contact\/\">\n\t\t\t\t\t\t<span class=\"elementor-button-content-wrapper\">\n\t\t\t\t\t\t\t\t\t<span class=\"elementor-button-text\">Fale com um especialista<\/span>\n\t\t\t\t\t<\/span>\n\t\t\t\t\t<\/a>\n\t\t\t\t<\/div>\n\t\t\t\t\t\t\t\t<\/div>\n\t\t\t\t<\/div>\n\t\t\t\t\t<\/div>\n\t\t<\/div>\n\t\t\t\t<div class=\"elementor-column elementor-col-50 elementor-top-column elementor-element elementor-element-b46c6b8\" data-id=\"b46c6b8\" data-element_type=\"column\" data-e-type=\"column\">\n\t\t\t<div class=\"elementor-widget-wrap elementor-element-populated\">\n\t\t\t\t\t\t<div class=\"elementor-element elementor-element-ea23c9d elementor-widget elementor-widget-image\" data-id=\"ea23c9d\" data-element_type=\"widget\" data-e-type=\"widget\" data-widget_type=\"image.default\">\n\t\t\t\t<div class=\"elementor-widget-container\">\n\t\t\t\t\t\t\t\t\t\t\t\t\t\t\t<img loading=\"lazy\" decoding=\"async\" width=\"300\" height=\"230\" src=\"https:\/\/www.visionix.com\/wp-content\/uploads\/2022\/05\/feedback-2824577-300x230.png\" class=\"attachment-medium size-medium wp-image-27860\" alt=\"reviews\" srcset=\"https:\/\/www.visionix.com\/wp-content\/uploads\/2022\/05\/feedback-2824577-300x230.png 300w, https:\/\/www.visionix.com\/wp-content\/uploads\/2022\/05\/feedback-2824577-1024x786.png 1024w, https:\/\/www.visionix.com\/wp-content\/uploads\/2022\/05\/feedback-2824577-768x590.png 768w, https:\/\/www.visionix.com\/wp-content\/uploads\/2022\/05\/feedback-2824577-600x461.png 600w, https:\/\/www.visionix.com\/wp-content\/uploads\/2022\/05\/feedback-2824577.png 1249w\" sizes=\"(max-width: 300px) 100vw, 300px\" \/>\t\t\t\t\t\t\t\t\t\t\t\t\t\t\t<\/div>\n\t\t\t\t<\/div>\n\t\t\t\t\t<\/div>\n\t\t<\/div>\n\t\t\t\t\t<\/div>\n\t\t<\/section>\n\t\t\t\t<section class=\"elementor-section elementor-top-section elementor-element elementor-element-4020886 elementor-section-boxed elementor-section-height-default elementor-section-height-default\" data-id=\"4020886\" data-element_type=\"section\" data-e-type=\"section\">\n\t\t\t\t\t\t<div class=\"elementor-container elementor-column-gap-default\">\n\t\t\t\t\t<div class=\"elementor-column elementor-col-50 elementor-top-column elementor-element elementor-element-bca314e\" data-id=\"bca314e\" data-element_type=\"column\" data-e-type=\"column\">\n\t\t\t<div class=\"elementor-widget-wrap elementor-element-populated\">\n\t\t\t\t\t\t<div class=\"elementor-element elementor-element-c3a0100 elementor-widget elementor-widget-image\" data-id=\"c3a0100\" data-element_type=\"widget\" data-e-type=\"widget\" data-widget_type=\"image.default\">\n\t\t\t\t<div class=\"elementor-widget-container\">\n\t\t\t\t\t\t\t\t\t\t\t\t\t\t\t<img loading=\"lazy\" decoding=\"async\" width=\"763\" height=\"610\" src=\"https:\/\/www.visionix.com\/wp-content\/uploads\/2022\/05\/eye-refract-patient-2.png\" class=\"attachment-large size-large wp-image-27868\" alt=\"\" srcset=\"https:\/\/www.visionix.com\/wp-content\/uploads\/2022\/05\/eye-refract-patient-2.png 763w, https:\/\/www.visionix.com\/wp-content\/uploads\/2022\/05\/eye-refract-patient-2-300x240.png 300w, https:\/\/www.visionix.com\/wp-content\/uploads\/2022\/05\/eye-refract-patient-2-600x480.png 600w\" sizes=\"(max-width: 763px) 100vw, 763px\" \/>\t\t\t\t\t\t\t\t\t\t\t\t\t\t\t<\/div>\n\t\t\t\t<\/div>\n\t\t\t\t\t<\/div>\n\t\t<\/div>\n\t\t\t\t<div class=\"elementor-column elementor-col-50 elementor-top-column elementor-element elementor-element-78d6288\" data-id=\"78d6288\" data-element_type=\"column\" data-e-type=\"column\">\n\t\t\t<div class=\"elementor-widget-wrap elementor-element-populated\">\n\t\t\t\t\t\t<div class=\"elementor-element elementor-element-b5e0821 elementor-widget elementor-widget-text-editor\" data-id=\"b5e0821\" data-element_type=\"widget\" data-e-type=\"widget\" data-widget_type=\"text-editor.default\">\n\t\t\t\t<div class=\"elementor-widget-container\">\n\t\t\t\t\t\t\t\t\tCom a forma\u00e7\u00e3o adequada, os t\u00e9cnicos podem assumir a refra\u00e7\u00e3o em 80% dos casos, enquanto os optometristas se podem focar nos restantes 10 a 20% dos doentes com sintomas mais avan\u00e7ados. A refra\u00e7\u00e3o guiada por algoritmos e este n\u00edvel de precis\u00e3o de dados podem maximizar o tempo precioso dos colaboradores e permitir que os m\u00e9dicos continuem a controlar a totalidade do processo de refra\u00e7\u00e3o.\t\t\t\t\t\t\t\t<\/div>\n\t\t\t\t<\/div>\n\t\t\t\t<div class=\"elementor-element elementor-element-6412ca3 elementor-widget elementor-widget-button\" data-id=\"6412ca3\" data-element_type=\"widget\" data-e-type=\"widget\" data-widget_type=\"button.default\">\n\t\t\t\t<div class=\"elementor-widget-container\">\n\t\t\t\t\t\t\t\t\t<div class=\"elementor-button-wrapper\">\n\t\t\t\t\t<a class=\"elementor-button elementor-button-link elementor-size-sm\" href=\"https:\/\/www.visionix.com\/pt\/contact\/\">\n\t\t\t\t\t\t<span class=\"elementor-button-content-wrapper\">\n\t\t\t\t\t\t\t\t\t<span class=\"elementor-button-text\">Fale com um especialista<\/span>\n\t\t\t\t\t<\/span>\n\t\t\t\t\t<\/a>\n\t\t\t\t<\/div>\n\t\t\t\t\t\t\t\t<\/div>\n\t\t\t\t<\/div>\n\t\t\t\t\t<\/div>\n\t\t<\/div>\n\t\t\t\t\t<\/div>\n\t\t<\/section>\n\t\t\t\t<\/div>\n\t\t","protected":false},"excerpt":{"rendered":"<p>T\u00e9cnico O equipamento certo para refra\u00e7\u00f5es precisas Os t\u00e9cnicos podem assumir a refra\u00e7\u00e3o em 80% dos casos, uma vez que s\u00e3o orientados pela nossa intuitiva interface sem fios. Os nossos sistemas s\u00e3o f\u00e1ceis de usar, economicamente acess\u00edveis e compactos. Para qualquer diagn\u00f3stico, temos o equipamento adequado desde a sala de pr\u00e9-exame aos dispositivos multimodais. O [&hellip;]<\/p>\n","protected":false},"author":1,"featured_media":0,"parent":28477,"menu_order":0,"comment_status":"closed","ping_status":"closed","template":"","meta":{"_acf_changed":false,"content-type":"","footnotes":""},"class_list":["post-28515","page","type-page","status-publish","hentry"],"acf":[],"_links":{"self":[{"href":"https:\/\/www.visionix.com\/pt\/wp-json\/wp\/v2\/pages\/28515","targetHints":{"allow":["GET"]}}],"collection":[{"href":"https:\/\/www.visionix.com\/pt\/wp-json\/wp\/v2\/pages"}],"about":[{"href":"https:\/\/www.visionix.com\/pt\/wp-json\/wp\/v2\/types\/page"}],"author":[{"embeddable":true,"href":"https:\/\/www.visionix.com\/pt\/wp-json\/wp\/v2\/users\/1"}],"replies":[{"embeddable":true,"href":"https:\/\/www.visionix.com\/pt\/wp-json\/wp\/v2\/comments?post=28515"}],"version-history":[{"count":7,"href":"https:\/\/www.visionix.com\/pt\/wp-json\/wp\/v2\/pages\/28515\/revisions"}],"predecessor-version":[{"id":28574,"href":"https:\/\/www.visionix.com\/pt\/wp-json\/wp\/v2\/pages\/28515\/revisions\/28574"}],"up":[{"embeddable":true,"href":"https:\/\/www.visionix.com\/pt\/wp-json\/wp\/v2\/pages\/28477"}],"wp:attachment":[{"href":"https:\/\/www.visionix.com\/pt\/wp-json\/wp\/v2\/media?parent=28515"}],"curies":[{"name":"wp","href":"https:\/\/api.w.org\/{rel}","templated":true}]}}