{"id":28510,"date":"2022-02-08T11:14:00","date_gmt":"2022-02-08T10:14:00","guid":{"rendered":"https:\/\/www.visionix.com\/optical-retail\/retail-optometrist\/"},"modified":"2023-08-01T15:13:37","modified_gmt":"2023-08-01T13:13:37","slug":"retail-optometrist","status":"publish","type":"page","link":"https:\/\/www.visionix.com\/pt\/optical-retail\/retail-optometrist\/","title":{"rendered":"Retail Optometrist"},"content":{"rendered":"\t\t<div data-elementor-type=\"wp-page\" data-elementor-id=\"28510\" class=\"elementor elementor-28510 elementor-82\" data-elementor-post-type=\"page\">\n\t\t\t\t\t\t<section class=\"elementor-section elementor-top-section elementor-element elementor-element-168bfd5 elementor-section-boxed elementor-section-height-default elementor-section-height-default\" data-id=\"168bfd5\" data-element_type=\"section\" data-e-type=\"section\">\n\t\t\t\t\t\t<div class=\"elementor-container elementor-column-gap-default\">\n\t\t\t\t\t<div class=\"elementor-column elementor-col-50 elementor-top-column elementor-element elementor-element-0ec23a2\" data-id=\"0ec23a2\" data-element_type=\"column\" data-e-type=\"column\">\n\t\t\t<div class=\"elementor-widget-wrap elementor-element-populated\">\n\t\t\t\t\t\t<div class=\"elementor-element elementor-element-2baa72a elementor-widget elementor-widget-heading\" data-id=\"2baa72a\" data-element_type=\"widget\" data-e-type=\"widget\" data-widget_type=\"heading.default\">\n\t\t\t\t<div class=\"elementor-widget-container\">\n\t\t\t\t\t<h3 class=\"elementor-heading-title elementor-size-default\">Optometrista <\/h3>\t\t\t\t<\/div>\n\t\t\t\t<\/div>\n\t\t\t\t<div class=\"elementor-element elementor-element-76ee8af elementor-widget elementor-widget-heading\" data-id=\"76ee8af\" data-element_type=\"widget\" data-e-type=\"widget\" data-widget_type=\"heading.default\">\n\t\t\t\t<div class=\"elementor-widget-container\">\n\t\t\t\t\t<h1 class=\"elementor-heading-title elementor-size-default\">Diferencie a sua cl\u00ednica com nova tecnologia<\/h1>\t\t\t\t<\/div>\n\t\t\t\t<\/div>\n\t\t\t\t<div class=\"elementor-element elementor-element-541da0c elementor-widget elementor-widget-text-editor\" data-id=\"541da0c\" data-element_type=\"widget\" data-e-type=\"widget\" data-widget_type=\"text-editor.default\">\n\t\t\t\t<div class=\"elementor-widget-container\">\n\t\t\t\t\t\t\t\t\tOs optometristas podem oferecer aos seus pacientes exames oculares abrangentes utilizando equipamento inovador que se integra com a maioria dos sistemas de EMR.\t\t\t\t\t\t\t\t<\/div>\n\t\t\t\t<\/div>\n\t\t\t\t\t<\/div>\n\t\t<\/div>\n\t\t\t\t<div class=\"elementor-column elementor-col-50 elementor-top-column elementor-element elementor-element-e13e4f7\" data-id=\"e13e4f7\" data-element_type=\"column\" data-e-type=\"column\">\n\t\t\t<div class=\"elementor-widget-wrap elementor-element-populated\">\n\t\t\t\t\t\t<div class=\"elementor-element elementor-element-9d23e0a elementor-widget elementor-widget-image\" data-id=\"9d23e0a\" data-element_type=\"widget\" data-e-type=\"widget\" data-widget_type=\"image.default\">\n\t\t\t\t<div class=\"elementor-widget-container\">\n\t\t\t\t\t\t\t\t\t\t\t\t\t\t\t<img fetchpriority=\"high\" decoding=\"async\" width=\"800\" height=\"538\" src=\"https:\/\/www.visionix.com\/wp-content\/uploads\/2022\/05\/connectivity-1024x688.png\" class=\"attachment-large size-large wp-image-27791\" alt=\"\" srcset=\"https:\/\/www.visionix.com\/wp-content\/uploads\/2022\/05\/connectivity-1024x688.png 1024w, https:\/\/www.visionix.com\/wp-content\/uploads\/2022\/05\/connectivity-300x202.png 300w, https:\/\/www.visionix.com\/wp-content\/uploads\/2022\/05\/connectivity-768x516.png 768w, https:\/\/www.visionix.com\/wp-content\/uploads\/2022\/05\/connectivity-600x403.png 600w, https:\/\/www.visionix.com\/wp-content\/uploads\/2022\/05\/connectivity.png 1236w\" sizes=\"(max-width: 800px) 100vw, 800px\" \/>\t\t\t\t\t\t\t\t\t\t\t\t\t\t\t<\/div>\n\t\t\t\t<\/div>\n\t\t\t\t\t<\/div>\n\t\t<\/div>\n\t\t\t\t\t<\/div>\n\t\t<\/section>\n\t\t\t\t<section class=\"elementor-section elementor-top-section elementor-element elementor-element-0253282 elementor-section-boxed elementor-section-height-default elementor-section-height-default\" data-id=\"0253282\" data-element_type=\"section\" data-e-type=\"section\">\n\t\t\t\t\t\t<div class=\"elementor-container elementor-column-gap-default\">\n\t\t\t\t\t<div class=\"elementor-column elementor-col-50 elementor-top-column elementor-element elementor-element-f9ca234\" data-id=\"f9ca234\" data-element_type=\"column\" data-e-type=\"column\">\n\t\t\t<div class=\"elementor-widget-wrap elementor-element-populated\">\n\t\t\t\t\t\t<div class=\"elementor-element elementor-element-dd4a0b0 elementor-widget elementor-widget-image\" data-id=\"dd4a0b0\" data-element_type=\"widget\" data-e-type=\"widget\" data-widget_type=\"image.default\">\n\t\t\t\t<div class=\"elementor-widget-container\">\n\t\t\t\t\t\t\t\t\t\t\t\t\t\t\t<img decoding=\"async\" width=\"800\" height=\"560\" src=\"https:\/\/www.visionix.com\/wp-content\/uploads\/2022\/05\/DSC7414-2.jpg\" class=\"attachment-large size-large wp-image-27816\" alt=\"exam with patient vx120\" srcset=\"https:\/\/www.visionix.com\/wp-content\/uploads\/2022\/05\/DSC7414-2.jpg 1000w, https:\/\/www.visionix.com\/wp-content\/uploads\/2022\/05\/DSC7414-2-300x210.jpg 300w, https:\/\/www.visionix.com\/wp-content\/uploads\/2022\/05\/DSC7414-2-768x538.jpg 768w, https:\/\/www.visionix.com\/wp-content\/uploads\/2022\/05\/DSC7414-2-600x420.jpg 600w\" sizes=\"(max-width: 800px) 100vw, 800px\" \/>\t\t\t\t\t\t\t\t\t\t\t\t\t\t\t<\/div>\n\t\t\t\t<\/div>\n\t\t\t\t\t<\/div>\n\t\t<\/div>\n\t\t\t\t<div class=\"elementor-column elementor-col-50 elementor-top-column elementor-element elementor-element-7c9fd55\" data-id=\"7c9fd55\" data-element_type=\"column\" data-e-type=\"column\">\n\t\t\t<div class=\"elementor-widget-wrap elementor-element-populated\">\n\t\t\t\t\t\t<div class=\"elementor-element elementor-element-1cd709c elementor-widget elementor-widget-text-editor\" data-id=\"1cd709c\" data-element_type=\"widget\" data-e-type=\"widget\" data-widget_type=\"text-editor.default\">\n\t\t\t\t<div class=\"elementor-widget-container\">\n\t\t\t\t\t\t\t\t\tA combina\u00e7\u00e3o de nova tecnologia, de uma moderna configura\u00e7\u00e3o \u00f3ptica, de um processo de exame simplificado e da co-gest\u00e3o da totalidade da experi\u00eancia do paciente podem ajudar a dar destaque \u00e0 sua marca e a diferenciar a sua cl\u00ednica.\t\t\t\t\t\t\t\t<\/div>\n\t\t\t\t<\/div>\n\t\t\t\t<div class=\"elementor-element elementor-element-df7cb91 elementor-widget elementor-widget-button\" data-id=\"df7cb91\" data-element_type=\"widget\" data-e-type=\"widget\" data-widget_type=\"button.default\">\n\t\t\t\t<div class=\"elementor-widget-container\">\n\t\t\t\t\t\t\t\t\t<div class=\"elementor-button-wrapper\">\n\t\t\t\t\t<a class=\"elementor-button elementor-button-link elementor-size-sm\" href=\"https:\/\/www.visionix.com\/pt\/contact\/\">\n\t\t\t\t\t\t<span class=\"elementor-button-content-wrapper\">\n\t\t\t\t\t\t\t\t\t<span class=\"elementor-button-text\">Fale com um especialista<\/span>\n\t\t\t\t\t<\/span>\n\t\t\t\t\t<\/a>\n\t\t\t\t<\/div>\n\t\t\t\t\t\t\t\t<\/div>\n\t\t\t\t<\/div>\n\t\t\t\t\t<\/div>\n\t\t<\/div>\n\t\t\t\t\t<\/div>\n\t\t<\/section>\n\t\t\t\t<section class=\"elementor-section elementor-top-section elementor-element elementor-element-0197a2b elementor-section-boxed elementor-section-height-default elementor-section-height-default\" data-id=\"0197a2b\" data-element_type=\"section\" data-e-type=\"section\">\n\t\t\t\t\t\t<div class=\"elementor-container elementor-column-gap-default\">\n\t\t\t\t\t<div class=\"elementor-column elementor-col-50 elementor-top-column elementor-element elementor-element-1c4890f\" data-id=\"1c4890f\" data-element_type=\"column\" data-e-type=\"column\">\n\t\t\t<div class=\"elementor-widget-wrap elementor-element-populated\">\n\t\t\t\t\t\t<div class=\"elementor-element elementor-element-7c56e18 elementor-widget elementor-widget-text-editor\" data-id=\"7c56e18\" data-element_type=\"widget\" data-e-type=\"widget\" data-widget_type=\"text-editor.default\">\n\t\t\t\t<div class=\"elementor-widget-container\">\n\t\t\t\t\t\t\t\t\tO Eye Refract da Visionix combina refra\u00e7\u00e3o objetiva total e refra\u00e7\u00e3o subjetiva para identificar a zona de conforto do doente utilizando tr\u00eas dimens\u00f5es: esfera, cilindro e eixo. Os doentes ficam impressionadas com esta tecnologia e d\u00e3o feedback positivo, dizendo que \u00e9 o exame ocular mais completo que j\u00e1 fizeram. \t\t\t\t\t\t\t\t<\/div>\n\t\t\t\t<\/div>\n\t\t\t\t<div class=\"elementor-element elementor-element-e147c9b elementor-widget elementor-widget-button\" data-id=\"e147c9b\" data-element_type=\"widget\" data-e-type=\"widget\" data-widget_type=\"button.default\">\n\t\t\t\t<div class=\"elementor-widget-container\">\n\t\t\t\t\t\t\t\t\t<div class=\"elementor-button-wrapper\">\n\t\t\t\t\t<a class=\"elementor-button elementor-button-link elementor-size-sm\" href=\"https:\/\/www.visionix.com\/pt\/contact\/\">\n\t\t\t\t\t\t<span class=\"elementor-button-content-wrapper\">\n\t\t\t\t\t\t\t\t\t<span class=\"elementor-button-text\">Fale com um especialista<\/span>\n\t\t\t\t\t<\/span>\n\t\t\t\t\t<\/a>\n\t\t\t\t<\/div>\n\t\t\t\t\t\t\t\t<\/div>\n\t\t\t\t<\/div>\n\t\t\t\t\t<\/div>\n\t\t<\/div>\n\t\t\t\t<div class=\"elementor-column elementor-col-50 elementor-top-column elementor-element elementor-element-2a0eac1\" data-id=\"2a0eac1\" data-element_type=\"column\" data-e-type=\"column\">\n\t\t\t<div class=\"elementor-widget-wrap elementor-element-populated\">\n\t\t\t\t\t\t<div class=\"elementor-element elementor-element-7ad802d elementor-widget elementor-widget-image\" data-id=\"7ad802d\" data-element_type=\"widget\" data-e-type=\"widget\" data-widget_type=\"image.default\">\n\t\t\t\t<div class=\"elementor-widget-container\">\n\t\t\t\t\t\t\t\t\t\t\t\t\t\t\t<img decoding=\"async\" width=\"800\" height=\"531\" src=\"https:\/\/www.visionix.com\/wp-content\/uploads\/2022\/05\/full-exam-1024x680.png\" class=\"attachment-large size-large wp-image-27800\" alt=\"\" srcset=\"https:\/\/www.visionix.com\/wp-content\/uploads\/2022\/05\/full-exam-1024x680.png 1024w, https:\/\/www.visionix.com\/wp-content\/uploads\/2022\/05\/full-exam-300x199.png 300w, https:\/\/www.visionix.com\/wp-content\/uploads\/2022\/05\/full-exam-768x510.png 768w, https:\/\/www.visionix.com\/wp-content\/uploads\/2022\/05\/full-exam-600x399.png 600w, https:\/\/www.visionix.com\/wp-content\/uploads\/2022\/05\/full-exam.png 1255w\" sizes=\"(max-width: 800px) 100vw, 800px\" \/>\t\t\t\t\t\t\t\t\t\t\t\t\t\t\t<\/div>\n\t\t\t\t<\/div>\n\t\t\t\t\t<\/div>\n\t\t<\/div>\n\t\t\t\t\t<\/div>\n\t\t<\/section>\n\t\t\t\t<section class=\"elementor-section elementor-top-section elementor-element elementor-element-3c66455 elementor-section-boxed elementor-section-height-default elementor-section-height-default\" data-id=\"3c66455\" data-element_type=\"section\" data-e-type=\"section\">\n\t\t\t\t\t\t<div class=\"elementor-container elementor-column-gap-default\">\n\t\t\t\t\t<div class=\"elementor-column elementor-col-50 elementor-top-column elementor-element elementor-element-50556d9\" data-id=\"50556d9\" data-element_type=\"column\" data-e-type=\"column\">\n\t\t\t<div class=\"elementor-widget-wrap elementor-element-populated\">\n\t\t\t\t\t\t<div class=\"elementor-element elementor-element-c2f6450 elementor-widget elementor-widget-image\" data-id=\"c2f6450\" data-element_type=\"widget\" data-e-type=\"widget\" data-widget_type=\"image.default\">\n\t\t\t\t<div class=\"elementor-widget-container\">\n\t\t\t\t\t\t\t\t\t\t\t\t\t\t\t<img loading=\"lazy\" decoding=\"async\" width=\"800\" height=\"527\" src=\"https:\/\/www.visionix.com\/wp-content\/uploads\/2022\/05\/vx65-phoropter-1024x675.png\" class=\"attachment-large size-large wp-image-27824\" alt=\"vx65 phoropter\" srcset=\"https:\/\/www.visionix.com\/wp-content\/uploads\/2022\/05\/vx65-phoropter-1024x675.png 1024w, https:\/\/www.visionix.com\/wp-content\/uploads\/2022\/05\/vx65-phoropter-300x198.png 300w, https:\/\/www.visionix.com\/wp-content\/uploads\/2022\/05\/vx65-phoropter-768x507.png 768w, https:\/\/www.visionix.com\/wp-content\/uploads\/2022\/05\/vx65-phoropter-600x396.png 600w, https:\/\/www.visionix.com\/wp-content\/uploads\/2022\/05\/vx65-phoropter.png 1266w\" sizes=\"(max-width: 800px) 100vw, 800px\" \/>\t\t\t\t\t\t\t\t\t\t\t\t\t\t\t<\/div>\n\t\t\t\t<\/div>\n\t\t\t\t\t<\/div>\n\t\t<\/div>\n\t\t\t\t<div class=\"elementor-column elementor-col-50 elementor-top-column elementor-element elementor-element-1fb3e7e\" data-id=\"1fb3e7e\" data-element_type=\"column\" data-e-type=\"column\">\n\t\t\t<div class=\"elementor-widget-wrap elementor-element-populated\">\n\t\t\t\t\t\t<div class=\"elementor-element elementor-element-decc9be elementor-widget elementor-widget-text-editor\" data-id=\"decc9be\" data-element_type=\"widget\" data-e-type=\"widget\" data-widget_type=\"text-editor.default\">\n\t\t\t\t<div class=\"elementor-widget-container\">\n\t\t\t\t\t\t\t\t\tA nossa integra\u00e7\u00e3o de dados permite que os m\u00e9dicos acedam e analisem a prescri\u00e7\u00e3o final recomendada e todos os dados padr\u00e3o pr\u00e9-exame antes de verem o doente no circuito de exame. Com esta abordagem modificada, os especialistas podem concentrar-se nos casos dos doentes mais dif\u00edceis &#8211; aproximadamente 10% da popula\u00e7\u00e3o total &#8211; que exigem a utiliza\u00e7\u00e3o de um for\u00f3ptero manual. As cl\u00ednicas podem beneficiar de uma economia de tempo quando a especializa\u00e7\u00e3o refrativa tradicional \u00e9 reservada para aqueles doentes mais dif\u00edceis, para os quais ela \u00e9 vantajosa.\t\t\t\t\t\t\t\t<\/div>\n\t\t\t\t<\/div>\n\t\t\t\t<div class=\"elementor-element elementor-element-51cc660 elementor-widget elementor-widget-button\" data-id=\"51cc660\" data-element_type=\"widget\" data-e-type=\"widget\" data-widget_type=\"button.default\">\n\t\t\t\t<div class=\"elementor-widget-container\">\n\t\t\t\t\t\t\t\t\t<div class=\"elementor-button-wrapper\">\n\t\t\t\t\t<a class=\"elementor-button elementor-button-link elementor-size-sm\" href=\"https:\/\/www.visionix.com\/pt\/contact\/\">\n\t\t\t\t\t\t<span class=\"elementor-button-content-wrapper\">\n\t\t\t\t\t\t\t\t\t<span class=\"elementor-button-text\">Fale com um especialista<\/span>\n\t\t\t\t\t<\/span>\n\t\t\t\t\t<\/a>\n\t\t\t\t<\/div>\n\t\t\t\t\t\t\t\t<\/div>\n\t\t\t\t<\/div>\n\t\t\t\t\t<\/div>\n\t\t<\/div>\n\t\t\t\t\t<\/div>\n\t\t<\/section>\n\t\t\t\t<section class=\"elementor-section elementor-top-section elementor-element elementor-element-131759c elementor-section-boxed elementor-section-height-default elementor-section-height-default\" data-id=\"131759c\" data-element_type=\"section\" data-e-type=\"section\">\n\t\t\t\t\t\t<div class=\"elementor-container elementor-column-gap-default\">\n\t\t\t\t\t<div class=\"elementor-column elementor-col-50 elementor-top-column elementor-element elementor-element-9f929d2\" data-id=\"9f929d2\" data-element_type=\"column\" data-e-type=\"column\">\n\t\t\t<div class=\"elementor-widget-wrap elementor-element-populated\">\n\t\t\t\t\t\t<div class=\"elementor-element elementor-element-6d078c0 elementor-widget elementor-widget-text-editor\" data-id=\"6d078c0\" data-element_type=\"widget\" data-e-type=\"widget\" data-widget_type=\"text-editor.default\">\n\t\t\t\t<div class=\"elementor-widget-container\">\n\t\t\t\t\t\t\t\t\tO Eye Refract faz leituras por wavefront que s\u00e3o agrupadas com prescri\u00e7\u00e3o do paciente para chegar \u00e0 sua zona de maior conforto visual. Oferece tamb\u00e9m leituras K precisas para que possa prescrever confortavelmente qualquer lente de contacto flex\u00edvel com resultados impressionantes \u00e0 primeira vez. \t\t\t\t\t\t\t\t<\/div>\n\t\t\t\t<\/div>\n\t\t\t\t<div class=\"elementor-element elementor-element-500960b elementor-widget elementor-widget-button\" data-id=\"500960b\" data-element_type=\"widget\" data-e-type=\"widget\" data-widget_type=\"button.default\">\n\t\t\t\t<div class=\"elementor-widget-container\">\n\t\t\t\t\t\t\t\t\t<div class=\"elementor-button-wrapper\">\n\t\t\t\t\t<a class=\"elementor-button elementor-button-link elementor-size-sm\" href=\"https:\/\/www.visionix.com\/pt\/contact\/\">\n\t\t\t\t\t\t<span class=\"elementor-button-content-wrapper\">\n\t\t\t\t\t\t\t\t\t<span class=\"elementor-button-text\">Fale com um especialista<\/span>\n\t\t\t\t\t<\/span>\n\t\t\t\t\t<\/a>\n\t\t\t\t<\/div>\n\t\t\t\t\t\t\t\t<\/div>\n\t\t\t\t<\/div>\n\t\t\t\t\t<\/div>\n\t\t<\/div>\n\t\t\t\t<div class=\"elementor-column elementor-col-50 elementor-top-column elementor-element elementor-element-7022a4f\" data-id=\"7022a4f\" data-element_type=\"column\" data-e-type=\"column\">\n\t\t\t<div class=\"elementor-widget-wrap elementor-element-populated\">\n\t\t\t\t\t\t<div class=\"elementor-element elementor-element-85b9a3a elementor-widget elementor-widget-image\" data-id=\"85b9a3a\" data-element_type=\"widget\" data-e-type=\"widget\" data-widget_type=\"image.default\">\n\t\t\t\t<div class=\"elementor-widget-container\">\n\t\t\t\t\t\t\t\t\t\t\t\t\t\t\t<img loading=\"lazy\" decoding=\"async\" width=\"600\" height=\"400\" src=\"https:\/\/www.visionix.com\/wp-content\/uploads\/2022\/03\/Eye-Refract.png\" class=\"attachment-large size-large wp-image-2873\" alt=\"\" srcset=\"https:\/\/www.visionix.com\/wp-content\/uploads\/2022\/03\/Eye-Refract.png 600w, https:\/\/www.visionix.com\/wp-content\/uploads\/2022\/03\/Eye-Refract-300x200.png 300w\" sizes=\"(max-width: 600px) 100vw, 600px\" \/>\t\t\t\t\t\t\t\t\t\t\t\t\t\t\t<\/div>\n\t\t\t\t<\/div>\n\t\t\t\t\t<\/div>\n\t\t<\/div>\n\t\t\t\t\t<\/div>\n\t\t<\/section>\n\t\t\t\t<section class=\"elementor-section elementor-top-section elementor-element elementor-element-2b159c3 elementor-section-boxed elementor-section-height-default elementor-section-height-default\" data-id=\"2b159c3\" data-element_type=\"section\" data-e-type=\"section\">\n\t\t\t\t\t\t<div class=\"elementor-container elementor-column-gap-default\">\n\t\t\t\t\t<div class=\"elementor-column elementor-col-50 elementor-top-column elementor-element elementor-element-cdd0ade\" data-id=\"cdd0ade\" data-element_type=\"column\" data-e-type=\"column\">\n\t\t\t<div class=\"elementor-widget-wrap elementor-element-populated\">\n\t\t\t\t\t\t<div class=\"elementor-element elementor-element-fea9e97 elementor-widget elementor-widget-image\" data-id=\"fea9e97\" data-element_type=\"widget\" data-e-type=\"widget\" data-widget_type=\"image.default\">\n\t\t\t\t<div class=\"elementor-widget-container\">\n\t\t\t\t\t\t\t\t\t\t\t\t\t\t\t<img loading=\"lazy\" decoding=\"async\" width=\"535\" height=\"375\" src=\"https:\/\/www.visionix.com\/wp-content\/uploads\/2022\/03\/caja-interconexion-vxbox2-visionix-3-535x375-1.jpg\" class=\"attachment-large size-large wp-image-8304\" alt=\"\" srcset=\"https:\/\/www.visionix.com\/wp-content\/uploads\/2022\/03\/caja-interconexion-vxbox2-visionix-3-535x375-1.jpg 535w, https:\/\/www.visionix.com\/wp-content\/uploads\/2022\/03\/caja-interconexion-vxbox2-visionix-3-535x375-1-300x210.jpg 300w\" sizes=\"(max-width: 535px) 100vw, 535px\" \/>\t\t\t\t\t\t\t\t\t\t\t\t\t\t\t<\/div>\n\t\t\t\t<\/div>\n\t\t\t\t\t<\/div>\n\t\t<\/div>\n\t\t\t\t<div class=\"elementor-column elementor-col-50 elementor-top-column elementor-element elementor-element-3a90407\" data-id=\"3a90407\" data-element_type=\"column\" data-e-type=\"column\">\n\t\t\t<div class=\"elementor-widget-wrap elementor-element-populated\">\n\t\t\t\t\t\t<div class=\"elementor-element elementor-element-0909f62 elementor-widget elementor-widget-text-editor\" data-id=\"0909f62\" data-element_type=\"widget\" data-e-type=\"widget\" data-widget_type=\"text-editor.default\">\n\t\t\t\t<div class=\"elementor-widget-container\">\n\t\t\t\t\t\t\t\t\tOs nossos sistemas funcionam com v\u00e1rias plataformas de EMR e enviam dados em formato XML. Isto permite que o optometrista pegue nos resultados da refra\u00e7\u00e3o e se sente com o doente para os transmitir e discutir. O doente consegue estabelecer la\u00e7os com o m\u00e9dico, o que, por sua vez, gera fidelidade. \t\t\t\t\t\t\t\t<\/div>\n\t\t\t\t<\/div>\n\t\t\t\t<div class=\"elementor-element elementor-element-93743b4 elementor-widget elementor-widget-button\" data-id=\"93743b4\" data-element_type=\"widget\" data-e-type=\"widget\" data-widget_type=\"button.default\">\n\t\t\t\t<div class=\"elementor-widget-container\">\n\t\t\t\t\t\t\t\t\t<div class=\"elementor-button-wrapper\">\n\t\t\t\t\t<a class=\"elementor-button elementor-button-link elementor-size-sm\" href=\"https:\/\/www.visionix.com\/pt\/contact\/\">\n\t\t\t\t\t\t<span class=\"elementor-button-content-wrapper\">\n\t\t\t\t\t\t\t\t\t<span class=\"elementor-button-text\">Fale com um especialista<\/span>\n\t\t\t\t\t<\/span>\n\t\t\t\t\t<\/a>\n\t\t\t\t<\/div>\n\t\t\t\t\t\t\t\t<\/div>\n\t\t\t\t<\/div>\n\t\t\t\t\t<\/div>\n\t\t<\/div>\n\t\t\t\t\t<\/div>\n\t\t<\/section>\n\t\t\t\t<\/div>\n\t\t","protected":false},"excerpt":{"rendered":"<p>Optometrista Diferencie a sua cl\u00ednica com nova tecnologia Os optometristas podem oferecer aos seus pacientes exames oculares abrangentes utilizando equipamento inovador que se integra com a maioria dos sistemas de EMR. A combina\u00e7\u00e3o de nova tecnologia, de uma moderna configura\u00e7\u00e3o \u00f3ptica, de um processo de exame simplificado e da co-gest\u00e3o da totalidade da experi\u00eancia do [&hellip;]<\/p>\n","protected":false},"author":1,"featured_media":0,"parent":28477,"menu_order":0,"comment_status":"closed","ping_status":"closed","template":"","meta":{"_acf_changed":false,"content-type":"","footnotes":""},"class_list":["post-28510","page","type-page","status-publish","hentry"],"acf":[],"_links":{"self":[{"href":"https:\/\/www.visionix.com\/pt\/wp-json\/wp\/v2\/pages\/28510","targetHints":{"allow":["GET"]}}],"collection":[{"href":"https:\/\/www.visionix.com\/pt\/wp-json\/wp\/v2\/pages"}],"about":[{"href":"https:\/\/www.visionix.com\/pt\/wp-json\/wp\/v2\/types\/page"}],"author":[{"embeddable":true,"href":"https:\/\/www.visionix.com\/pt\/wp-json\/wp\/v2\/users\/1"}],"replies":[{"embeddable":true,"href":"https:\/\/www.visionix.com\/pt\/wp-json\/wp\/v2\/comments?post=28510"}],"version-history":[{"count":10,"href":"https:\/\/www.visionix.com\/pt\/wp-json\/wp\/v2\/pages\/28510\/revisions"}],"predecessor-version":[{"id":47312,"href":"https:\/\/www.visionix.com\/pt\/wp-json\/wp\/v2\/pages\/28510\/revisions\/47312"}],"up":[{"embeddable":true,"href":"https:\/\/www.visionix.com\/pt\/wp-json\/wp\/v2\/pages\/28477"}],"wp:attachment":[{"href":"https:\/\/www.visionix.com\/pt\/wp-json\/wp\/v2\/media?parent=28510"}],"curies":[{"name":"wp","href":"https:\/\/api.w.org\/{rel}","templated":true}]}}