{"id":28467,"date":"2022-02-08T11:23:22","date_gmt":"2022-02-08T10:23:22","guid":{"rendered":"https:\/\/www.visionix.com\/ophthalmology\/medical-optometrist\/"},"modified":"2022-06-14T14:09:22","modified_gmt":"2022-06-14T12:09:22","slug":"medical-optometrist","status":"publish","type":"page","link":"https:\/\/www.visionix.com\/pt\/ophthalmology\/medical-optometrist\/","title":{"rendered":"Medical optometrist"},"content":{"rendered":"\t\t<div data-elementor-type=\"wp-page\" data-elementor-id=\"28467\" class=\"elementor elementor-28467 elementor-99\" data-elementor-post-type=\"page\">\n\t\t\t\t\t\t<section class=\"elementor-section elementor-top-section elementor-element elementor-element-f0ef0a3 elementor-section-boxed elementor-section-height-default elementor-section-height-default\" data-id=\"f0ef0a3\" data-element_type=\"section\" data-e-type=\"section\">\n\t\t\t\t\t\t<div class=\"elementor-container elementor-column-gap-default\">\n\t\t\t\t\t<div class=\"elementor-column elementor-col-50 elementor-top-column elementor-element elementor-element-ee12f6e\" data-id=\"ee12f6e\" data-element_type=\"column\" data-e-type=\"column\">\n\t\t\t<div class=\"elementor-widget-wrap elementor-element-populated\">\n\t\t\t\t\t\t<div class=\"elementor-element elementor-element-02703d0 elementor-widget elementor-widget-heading\" data-id=\"02703d0\" data-element_type=\"widget\" data-e-type=\"widget\" data-widget_type=\"heading.default\">\n\t\t\t\t<div class=\"elementor-widget-container\">\n\t\t\t\t\t<h3 class=\"elementor-heading-title elementor-size-default\">Oftalmologista<\/h3>\t\t\t\t<\/div>\n\t\t\t\t<\/div>\n\t\t\t\t<div class=\"elementor-element elementor-element-c30193c elementor-widget elementor-widget-heading\" data-id=\"c30193c\" data-element_type=\"widget\" data-e-type=\"widget\" data-widget_type=\"heading.default\">\n\t\t\t\t<div class=\"elementor-widget-container\">\n\t\t\t\t\t<h1 class=\"elementor-heading-title elementor-size-default\">Efici\u00eancia da cl\u00ednica<\/h1>\t\t\t\t<\/div>\n\t\t\t\t<\/div>\n\t\t\t\t<div class=\"elementor-element elementor-element-6b8f19b elementor-widget elementor-widget-text-editor\" data-id=\"6b8f19b\" data-element_type=\"widget\" data-e-type=\"widget\" data-widget_type=\"text-editor.default\">\n\t\t\t\t<div class=\"elementor-widget-container\">\n\t\t\t\t\t\t\t\t\tOs nossos OCT s\u00e3o t\u00e3o intuitivos que podem captar sinais precoces de doen\u00e7as oculares.\u200b\t\t\t\t\t\t\t\t<\/div>\n\t\t\t\t<\/div>\n\t\t\t\t\t<\/div>\n\t\t<\/div>\n\t\t\t\t<div class=\"elementor-column elementor-col-50 elementor-top-column elementor-element elementor-element-9682165\" data-id=\"9682165\" data-element_type=\"column\" data-e-type=\"column\">\n\t\t\t<div class=\"elementor-widget-wrap elementor-element-populated\">\n\t\t\t\t\t\t<div class=\"elementor-element elementor-element-d0c337c elementor-widget elementor-widget-image\" data-id=\"d0c337c\" data-element_type=\"widget\" data-e-type=\"widget\" data-widget_type=\"image.default\">\n\t\t\t\t<div class=\"elementor-widget-container\">\n\t\t\t\t\t\t\t\t\t\t\t\t\t\t\t<img fetchpriority=\"high\" decoding=\"async\" width=\"800\" height=\"502\" src=\"https:\/\/www.visionix.com\/wp-content\/uploads\/2022\/05\/iscan-1024x642.png\" class=\"attachment-large size-large wp-image-27977\" alt=\"\" srcset=\"https:\/\/www.visionix.com\/wp-content\/uploads\/2022\/05\/iscan-1024x642.png 1024w, https:\/\/www.visionix.com\/wp-content\/uploads\/2022\/05\/iscan-300x188.png 300w, https:\/\/www.visionix.com\/wp-content\/uploads\/2022\/05\/iscan-768x481.png 768w, https:\/\/www.visionix.com\/wp-content\/uploads\/2022\/05\/iscan-600x376.png 600w, https:\/\/www.visionix.com\/wp-content\/uploads\/2022\/05\/iscan.png 1336w\" sizes=\"(max-width: 800px) 100vw, 800px\" \/>\t\t\t\t\t\t\t\t\t\t\t\t\t\t\t<\/div>\n\t\t\t\t<\/div>\n\t\t\t\t\t<\/div>\n\t\t<\/div>\n\t\t\t\t\t<\/div>\n\t\t<\/section>\n\t\t\t\t<section class=\"elementor-section elementor-top-section elementor-element elementor-element-b37daf4 elementor-section-boxed elementor-section-height-default elementor-section-height-default\" data-id=\"b37daf4\" data-element_type=\"section\" data-e-type=\"section\">\n\t\t\t\t\t\t<div class=\"elementor-container elementor-column-gap-default\">\n\t\t\t\t\t<div class=\"elementor-column elementor-col-50 elementor-top-column elementor-element elementor-element-1c97e86\" data-id=\"1c97e86\" data-element_type=\"column\" data-e-type=\"column\">\n\t\t\t<div class=\"elementor-widget-wrap elementor-element-populated\">\n\t\t\t\t\t\t<div class=\"elementor-element elementor-element-8910c48 elementor-widget elementor-widget-image\" data-id=\"8910c48\" data-element_type=\"widget\" data-e-type=\"widget\" data-widget_type=\"image.default\">\n\t\t\t\t<div class=\"elementor-widget-container\">\n\t\t\t\t\t\t\t\t\t\t\t\t\t\t\t<img decoding=\"async\" width=\"800\" height=\"800\" src=\"https:\/\/www.visionix.com\/wp-content\/uploads\/2022\/03\/Telehealth-Datacloud-square-1024x1024.png\" class=\"attachment-large size-large wp-image-10209\" alt=\"\" srcset=\"https:\/\/www.visionix.com\/wp-content\/uploads\/2022\/03\/Telehealth-Datacloud-square-1024x1024.png 1024w, https:\/\/www.visionix.com\/wp-content\/uploads\/2022\/03\/Telehealth-Datacloud-square-300x300.png 300w, https:\/\/www.visionix.com\/wp-content\/uploads\/2022\/03\/Telehealth-Datacloud-square-150x150.png 150w, https:\/\/www.visionix.com\/wp-content\/uploads\/2022\/03\/Telehealth-Datacloud-square-768x768.png 768w, https:\/\/www.visionix.com\/wp-content\/uploads\/2022\/03\/Telehealth-Datacloud-square-1536x1536.png 1536w, https:\/\/www.visionix.com\/wp-content\/uploads\/2022\/03\/Telehealth-Datacloud-square-32x32.png 32w, https:\/\/www.visionix.com\/wp-content\/uploads\/2022\/03\/Telehealth-Datacloud-square-600x600.png 600w, https:\/\/www.visionix.com\/wp-content\/uploads\/2022\/03\/Telehealth-Datacloud-square-100x100.png 100w, https:\/\/www.visionix.com\/wp-content\/uploads\/2022\/03\/Telehealth-Datacloud-square.png 1875w\" sizes=\"(max-width: 800px) 100vw, 800px\" \/>\t\t\t\t\t\t\t\t\t\t\t\t\t\t\t<\/div>\n\t\t\t\t<\/div>\n\t\t\t\t\t<\/div>\n\t\t<\/div>\n\t\t\t\t<div class=\"elementor-column elementor-col-50 elementor-top-column elementor-element elementor-element-3c44e17\" data-id=\"3c44e17\" data-element_type=\"column\" data-e-type=\"column\">\n\t\t\t<div class=\"elementor-widget-wrap elementor-element-populated\">\n\t\t\t\t\t\t<div class=\"elementor-element elementor-element-f1a68fb elementor-widget elementor-widget-text-editor\" data-id=\"f1a68fb\" data-element_type=\"widget\" data-e-type=\"widget\" data-widget_type=\"text-editor.default\">\n\t\t\t\t<div class=\"elementor-widget-container\">\n\t\t\t\t\t\t\t\t\tFabricamos tecnologia inovadora que melhora o OCT e os processos refrativos. Os t\u00e9cnicos t\u00eam liberdade de aprender diferentes conjuntos de especialidades adicionais e, com o toque de um bot\u00e3o, conseguem gerar dados oculares que se integram na perfei\u00e7\u00e3o com a maioria dos sistemas de EMR. \t\t\t\t\t\t\t\t<\/div>\n\t\t\t\t<\/div>\n\t\t\t\t<div class=\"elementor-element elementor-element-fc549a1 elementor-widget elementor-widget-button\" data-id=\"fc549a1\" data-element_type=\"widget\" data-e-type=\"widget\" data-widget_type=\"button.default\">\n\t\t\t\t<div class=\"elementor-widget-container\">\n\t\t\t\t\t\t\t\t\t<div class=\"elementor-button-wrapper\">\n\t\t\t\t\t<a class=\"elementor-button elementor-button-link elementor-size-sm\" href=\"https:\/\/www.visionix.com\/all-products\/\">\n\t\t\t\t\t\t<span class=\"elementor-button-content-wrapper\">\n\t\t\t\t\t\t\t\t\t<span class=\"elementor-button-text\">Saber mais<\/span>\n\t\t\t\t\t<\/span>\n\t\t\t\t\t<\/a>\n\t\t\t\t<\/div>\n\t\t\t\t\t\t\t\t<\/div>\n\t\t\t\t<\/div>\n\t\t\t\t\t<\/div>\n\t\t<\/div>\n\t\t\t\t\t<\/div>\n\t\t<\/section>\n\t\t\t\t<section class=\"elementor-section elementor-top-section elementor-element elementor-element-3e4bda3 elementor-section-boxed elementor-section-height-default elementor-section-height-default\" data-id=\"3e4bda3\" data-element_type=\"section\" data-e-type=\"section\">\n\t\t\t\t\t\t<div class=\"elementor-container elementor-column-gap-default\">\n\t\t\t\t\t<div class=\"elementor-column elementor-col-50 elementor-top-column elementor-element elementor-element-53d5154\" data-id=\"53d5154\" data-element_type=\"column\" data-e-type=\"column\">\n\t\t\t<div class=\"elementor-widget-wrap elementor-element-populated\">\n\t\t\t\t\t\t<div class=\"elementor-element elementor-element-0f76d25 elementor-widget elementor-widget-text-editor\" data-id=\"0f76d25\" data-element_type=\"widget\" data-e-type=\"widget\" data-widget_type=\"text-editor.default\">\n\t\t\t\t<div class=\"elementor-widget-container\">\n\t\t\t\t\t\t\t\t\tPode fazer mais exames oculares e gerar mais receitas se oferecer o \u201dPacote Welness (Bem-estar) a cada doente que vier fazer um exame abrangente. Este pacote oferece uma avalia\u00e7\u00e3o m\u00e9dica e outra de bem-estar.\t\t\t\t\t\t\t\t<\/div>\n\t\t\t\t<\/div>\n\t\t\t\t<div class=\"elementor-element elementor-element-5aa7e41 elementor-widget elementor-widget-button\" data-id=\"5aa7e41\" data-element_type=\"widget\" data-e-type=\"widget\" data-widget_type=\"button.default\">\n\t\t\t\t<div class=\"elementor-widget-container\">\n\t\t\t\t\t\t\t\t\t<div class=\"elementor-button-wrapper\">\n\t\t\t\t\t<a class=\"elementor-button elementor-button-link elementor-size-sm\" href=\"https:\/\/www.visionix.com\/pt\/contact\/\">\n\t\t\t\t\t\t<span class=\"elementor-button-content-wrapper\">\n\t\t\t\t\t\t\t\t\t<span class=\"elementor-button-text\">Fale com um especialista<\/span>\n\t\t\t\t\t<\/span>\n\t\t\t\t\t<\/a>\n\t\t\t\t<\/div>\n\t\t\t\t\t\t\t\t<\/div>\n\t\t\t\t<\/div>\n\t\t\t\t\t<\/div>\n\t\t<\/div>\n\t\t\t\t<div class=\"elementor-column elementor-col-50 elementor-top-column elementor-element elementor-element-73be3f1\" data-id=\"73be3f1\" data-element_type=\"column\" data-e-type=\"column\">\n\t\t\t<div class=\"elementor-widget-wrap elementor-element-populated\">\n\t\t\t\t\t\t<div class=\"elementor-element elementor-element-f0c60e8 elementor-widget elementor-widget-image\" data-id=\"f0c60e8\" data-element_type=\"widget\" data-e-type=\"widget\" data-widget_type=\"image.default\">\n\t\t\t\t<div class=\"elementor-widget-container\">\n\t\t\t\t\t\t\t\t\t\t\t\t\t\t\t<img decoding=\"async\" width=\"800\" height=\"495\" src=\"https:\/\/www.visionix.com\/wp-content\/uploads\/2022\/03\/wellness-report.jpg\" class=\"attachment-large size-large wp-image-2277\" alt=\"\" srcset=\"https:\/\/www.visionix.com\/wp-content\/uploads\/2022\/03\/wellness-report.jpg 800w, https:\/\/www.visionix.com\/wp-content\/uploads\/2022\/03\/wellness-report-300x186.jpg 300w, https:\/\/www.visionix.com\/wp-content\/uploads\/2022\/03\/wellness-report-768x475.jpg 768w, https:\/\/www.visionix.com\/wp-content\/uploads\/2022\/03\/wellness-report-600x371.jpg 600w\" sizes=\"(max-width: 800px) 100vw, 800px\" \/>\t\t\t\t\t\t\t\t\t\t\t\t\t\t\t<\/div>\n\t\t\t\t<\/div>\n\t\t\t\t\t<\/div>\n\t\t<\/div>\n\t\t\t\t\t<\/div>\n\t\t<\/section>\n\t\t\t\t<section class=\"elementor-section elementor-top-section elementor-element elementor-element-3b42f60 elementor-section-boxed elementor-section-height-default elementor-section-height-default\" data-id=\"3b42f60\" data-element_type=\"section\" data-e-type=\"section\">\n\t\t\t\t\t\t<div class=\"elementor-container elementor-column-gap-default\">\n\t\t\t\t\t<div class=\"elementor-column elementor-col-50 elementor-top-column elementor-element elementor-element-62762fa\" data-id=\"62762fa\" data-element_type=\"column\" data-e-type=\"column\">\n\t\t\t<div class=\"elementor-widget-wrap elementor-element-populated\">\n\t\t\t\t\t\t<div class=\"elementor-element elementor-element-2610670 elementor-widget elementor-widget-image\" data-id=\"2610670\" data-element_type=\"widget\" data-e-type=\"widget\" data-widget_type=\"image.default\">\n\t\t\t\t<div class=\"elementor-widget-container\">\n\t\t\t\t\t\t\t\t\t\t\t\t\t\t\t<img loading=\"lazy\" decoding=\"async\" width=\"513\" height=\"257\" src=\"https:\/\/www.visionix.com\/wp-content\/uploads\/2022\/03\/angiovue-avanti_back.png\" class=\"attachment-large size-large wp-image-2096\" alt=\"\" srcset=\"https:\/\/www.visionix.com\/wp-content\/uploads\/2022\/03\/angiovue-avanti_back.png 513w, https:\/\/www.visionix.com\/wp-content\/uploads\/2022\/03\/angiovue-avanti_back-300x150.png 300w\" sizes=\"(max-width: 513px) 100vw, 513px\" \/>\t\t\t\t\t\t\t\t\t\t\t\t\t\t\t<\/div>\n\t\t\t\t<\/div>\n\t\t\t\t\t<\/div>\n\t\t<\/div>\n\t\t\t\t<div class=\"elementor-column elementor-col-50 elementor-top-column elementor-element elementor-element-9e6e778\" data-id=\"9e6e778\" data-element_type=\"column\" data-e-type=\"column\">\n\t\t\t<div class=\"elementor-widget-wrap elementor-element-populated\">\n\t\t\t\t\t\t<div class=\"elementor-element elementor-element-f8b40db elementor-widget elementor-widget-text-editor\" data-id=\"f8b40db\" data-element_type=\"widget\" data-e-type=\"widget\" data-widget_type=\"text-editor.default\">\n\t\t\t\t<div class=\"elementor-widget-container\">\n\t\t\t\t\t\t\t\t\tAo utilizar a nossa angiografia com OCT AngioVue poder\u00e1 ver os ressaltos e a densidade dos vasos nos olhos dos doentes e explorar as camadas da retina em detalhe. \t\t\t\t\t\t\t\t<\/div>\n\t\t\t\t<\/div>\n\t\t\t\t<div class=\"elementor-element elementor-element-9a73e01 elementor-widget elementor-widget-button\" data-id=\"9a73e01\" data-element_type=\"widget\" data-e-type=\"widget\" data-widget_type=\"button.default\">\n\t\t\t\t<div class=\"elementor-widget-container\">\n\t\t\t\t\t\t\t\t\t<div class=\"elementor-button-wrapper\">\n\t\t\t\t\t<a class=\"elementor-button elementor-button-link elementor-size-sm\" href=\"https:\/\/www.visionix.com\/pt\/contact\/\">\n\t\t\t\t\t\t<span class=\"elementor-button-content-wrapper\">\n\t\t\t\t\t\t\t\t\t<span class=\"elementor-button-text\">Fale com um especialista<\/span>\n\t\t\t\t\t<\/span>\n\t\t\t\t\t<\/a>\n\t\t\t\t<\/div>\n\t\t\t\t\t\t\t\t<\/div>\n\t\t\t\t<\/div>\n\t\t\t\t\t<\/div>\n\t\t<\/div>\n\t\t\t\t\t<\/div>\n\t\t<\/section>\n\t\t\t\t<section class=\"elementor-section elementor-top-section elementor-element elementor-element-6657fe8 elementor-section-boxed elementor-section-height-default elementor-section-height-default\" data-id=\"6657fe8\" data-element_type=\"section\" data-e-type=\"section\">\n\t\t\t\t\t\t<div class=\"elementor-container elementor-column-gap-default\">\n\t\t\t\t\t<div class=\"elementor-column elementor-col-50 elementor-top-column elementor-element elementor-element-de65570\" data-id=\"de65570\" data-element_type=\"column\" data-e-type=\"column\">\n\t\t\t<div class=\"elementor-widget-wrap elementor-element-populated\">\n\t\t\t\t\t\t<div class=\"elementor-element elementor-element-b4e33e6 elementor-widget elementor-widget-text-editor\" data-id=\"b4e33e6\" data-element_type=\"widget\" data-e-type=\"widget\" data-widget_type=\"text-editor.default\">\n\t\t\t\t<div class=\"elementor-widget-container\">\n\t\t\t\t\t\t\t\t\tO AngioVue pode detetar o in\u00edcio precoce da diabetes e do galucoma e 1dentificar altera\u00e7\u00f5es vasculares ao mais alto n\u00edvel. \t\t\t\t\t\t\t\t<\/div>\n\t\t\t\t<\/div>\n\t\t\t\t<div class=\"elementor-element elementor-element-56c9afd elementor-widget elementor-widget-button\" data-id=\"56c9afd\" data-element_type=\"widget\" data-e-type=\"widget\" data-widget_type=\"button.default\">\n\t\t\t\t<div class=\"elementor-widget-container\">\n\t\t\t\t\t\t\t\t\t<div class=\"elementor-button-wrapper\">\n\t\t\t\t\t<a class=\"elementor-button elementor-button-link elementor-size-sm\" href=\"https:\/\/www.visionix.com\/pt\/contact\/\">\n\t\t\t\t\t\t<span class=\"elementor-button-content-wrapper\">\n\t\t\t\t\t\t\t\t\t<span class=\"elementor-button-text\">Fale com um especialista<\/span>\n\t\t\t\t\t<\/span>\n\t\t\t\t\t<\/a>\n\t\t\t\t<\/div>\n\t\t\t\t\t\t\t\t<\/div>\n\t\t\t\t<\/div>\n\t\t\t\t\t<\/div>\n\t\t<\/div>\n\t\t\t\t<div class=\"elementor-column elementor-col-50 elementor-top-column elementor-element elementor-element-6ca9dd3\" data-id=\"6ca9dd3\" data-element_type=\"column\" data-e-type=\"column\">\n\t\t\t<div class=\"elementor-widget-wrap elementor-element-populated\">\n\t\t\t\t\t\t<div class=\"elementor-element elementor-element-eb97eff elementor-widget elementor-widget-image\" data-id=\"eb97eff\" data-element_type=\"widget\" data-e-type=\"widget\" data-widget_type=\"image.default\">\n\t\t\t\t<div class=\"elementor-widget-container\">\n\t\t\t\t\t\t\t\t\t\t\t\t\t\t\t<img loading=\"lazy\" decoding=\"async\" width=\"800\" height=\"542\" src=\"https:\/\/www.visionix.com\/wp-content\/uploads\/2022\/03\/Type-1-CNV-AngioVue-3D-Maftouhi.jpg\" class=\"attachment-large size-large wp-image-6271\" alt=\"\" srcset=\"https:\/\/www.visionix.com\/wp-content\/uploads\/2022\/03\/Type-1-CNV-AngioVue-3D-Maftouhi.jpg 1003w, https:\/\/www.visionix.com\/wp-content\/uploads\/2022\/03\/Type-1-CNV-AngioVue-3D-Maftouhi-300x203.jpg 300w, https:\/\/www.visionix.com\/wp-content\/uploads\/2022\/03\/Type-1-CNV-AngioVue-3D-Maftouhi-768x521.jpg 768w, https:\/\/www.visionix.com\/wp-content\/uploads\/2022\/03\/Type-1-CNV-AngioVue-3D-Maftouhi-600x407.jpg 600w\" sizes=\"(max-width: 800px) 100vw, 800px\" \/>\t\t\t\t\t\t\t\t\t\t\t\t\t\t\t<\/div>\n\t\t\t\t<\/div>\n\t\t\t\t\t<\/div>\n\t\t<\/div>\n\t\t\t\t\t<\/div>\n\t\t<\/section>\n\t\t\t\t<section class=\"elementor-section elementor-top-section elementor-element elementor-element-aba44aa elementor-section-boxed elementor-section-height-default elementor-section-height-default\" data-id=\"aba44aa\" data-element_type=\"section\" data-e-type=\"section\">\n\t\t\t\t\t\t<div class=\"elementor-container elementor-column-gap-default\">\n\t\t\t\t\t<div class=\"elementor-column elementor-col-50 elementor-top-column elementor-element elementor-element-2dfdf9e\" data-id=\"2dfdf9e\" data-element_type=\"column\" data-e-type=\"column\">\n\t\t\t<div class=\"elementor-widget-wrap elementor-element-populated\">\n\t\t\t\t\t\t<div class=\"elementor-element elementor-element-a48332f elementor-widget elementor-widget-image\" data-id=\"a48332f\" data-element_type=\"widget\" data-e-type=\"widget\" data-widget_type=\"image.default\">\n\t\t\t\t<div class=\"elementor-widget-container\">\n\t\t\t\t\t\t\t\t\t\t\t\t\t\t\t<img loading=\"lazy\" decoding=\"async\" width=\"800\" height=\"534\" src=\"https:\/\/www.visionix.com\/wp-content\/uploads\/2022\/05\/pexels-michael-morse-1486641-1024x683.jpg\" class=\"attachment-large size-large wp-image-27687\" alt=\"eye\" srcset=\"https:\/\/www.visionix.com\/wp-content\/uploads\/2022\/05\/pexels-michael-morse-1486641-1024x683.jpg 1024w, https:\/\/www.visionix.com\/wp-content\/uploads\/2022\/05\/pexels-michael-morse-1486641-300x200.jpg 300w, https:\/\/www.visionix.com\/wp-content\/uploads\/2022\/05\/pexels-michael-morse-1486641-768x512.jpg 768w, https:\/\/www.visionix.com\/wp-content\/uploads\/2022\/05\/pexels-michael-morse-1486641-1536x1024.jpg 1536w, https:\/\/www.visionix.com\/wp-content\/uploads\/2022\/05\/pexels-michael-morse-1486641-2048x1365.jpg 2048w, https:\/\/www.visionix.com\/wp-content\/uploads\/2022\/05\/pexels-michael-morse-1486641-600x400.jpg 600w\" sizes=\"(max-width: 800px) 100vw, 800px\" \/>\t\t\t\t\t\t\t\t\t\t\t\t\t\t\t<\/div>\n\t\t\t\t<\/div>\n\t\t\t\t\t<\/div>\n\t\t<\/div>\n\t\t\t\t<div class=\"elementor-column elementor-col-50 elementor-top-column elementor-element elementor-element-46ba286\" data-id=\"46ba286\" data-element_type=\"column\" data-e-type=\"column\">\n\t\t\t<div class=\"elementor-widget-wrap elementor-element-populated\">\n\t\t\t\t\t\t<div class=\"elementor-element elementor-element-bd8a275 elementor-widget elementor-widget-text-editor\" data-id=\"bd8a275\" data-element_type=\"widget\" data-e-type=\"widget\" data-widget_type=\"text-editor.default\">\n\t\t\t\t<div class=\"elementor-widget-container\">\n\t\t\t\t\t\t\t\t\tA utiliza\u00e7\u00e3o do nosso equipamento de imagiologia vascular no diagn\u00f3stico, tratamento e gest\u00e3o da doen\u00e7a ocular pode ser um grande trunfo em termos de cuidados com os doentes. \t\t\t\t\t\t\t\t<\/div>\n\t\t\t\t<\/div>\n\t\t\t\t<div class=\"elementor-element elementor-element-646ffad elementor-widget elementor-widget-button\" data-id=\"646ffad\" data-element_type=\"widget\" data-e-type=\"widget\" data-widget_type=\"button.default\">\n\t\t\t\t<div class=\"elementor-widget-container\">\n\t\t\t\t\t\t\t\t\t<div class=\"elementor-button-wrapper\">\n\t\t\t\t\t<a class=\"elementor-button elementor-button-link elementor-size-sm\" href=\"https:\/\/www.visionix.com\/pt\/contact\/\">\n\t\t\t\t\t\t<span class=\"elementor-button-content-wrapper\">\n\t\t\t\t\t\t\t\t\t<span class=\"elementor-button-text\">Fale com um especialista<\/span>\n\t\t\t\t\t<\/span>\n\t\t\t\t\t<\/a>\n\t\t\t\t<\/div>\n\t\t\t\t\t\t\t\t<\/div>\n\t\t\t\t<\/div>\n\t\t\t\t\t<\/div>\n\t\t<\/div>\n\t\t\t\t\t<\/div>\n\t\t<\/section>\n\t\t\t\t<\/div>\n\t\t","protected":false},"excerpt":{"rendered":"<p>Oftalmologista Efici\u00eancia da cl\u00ednica Os nossos OCT s\u00e3o t\u00e3o intuitivos que podem captar sinais precoces de doen\u00e7as oculares.\u200b Fabricamos tecnologia inovadora que melhora o OCT e os processos refrativos. Os t\u00e9cnicos t\u00eam liberdade de aprender diferentes conjuntos de especialidades adicionais e, com o toque de um bot\u00e3o, conseguem gerar dados oculares que se integram na [&hellip;]<\/p>\n","protected":false},"author":1,"featured_media":0,"parent":28458,"menu_order":0,"comment_status":"closed","ping_status":"closed","template":"","meta":{"_acf_changed":false,"content-type":"","footnotes":""},"class_list":["post-28467","page","type-page","status-publish","hentry"],"acf":[],"_links":{"self":[{"href":"https:\/\/www.visionix.com\/pt\/wp-json\/wp\/v2\/pages\/28467","targetHints":{"allow":["GET"]}}],"collection":[{"href":"https:\/\/www.visionix.com\/pt\/wp-json\/wp\/v2\/pages"}],"about":[{"href":"https:\/\/www.visionix.com\/pt\/wp-json\/wp\/v2\/types\/page"}],"author":[{"embeddable":true,"href":"https:\/\/www.visionix.com\/pt\/wp-json\/wp\/v2\/users\/1"}],"replies":[{"embeddable":true,"href":"https:\/\/www.visionix.com\/pt\/wp-json\/wp\/v2\/comments?post=28467"}],"version-history":[{"count":7,"href":"https:\/\/www.visionix.com\/pt\/wp-json\/wp\/v2\/pages\/28467\/revisions"}],"predecessor-version":[{"id":28545,"href":"https:\/\/www.visionix.com\/pt\/wp-json\/wp\/v2\/pages\/28467\/revisions\/28545"}],"up":[{"embeddable":true,"href":"https:\/\/www.visionix.com\/pt\/wp-json\/wp\/v2\/pages\/28458"}],"wp:attachment":[{"href":"https:\/\/www.visionix.com\/pt\/wp-json\/wp\/v2\/media?parent=28467"}],"curies":[{"name":"wp","href":"https:\/\/api.w.org\/{rel}","templated":true}]}}