{"id":28457,"date":"2022-02-08T11:21:19","date_gmt":"2022-02-08T10:21:19","guid":{"rendered":"https:\/\/www.visionix.com\/?page_id=28457"},"modified":"2022-06-14T16:26:20","modified_gmt":"2022-06-14T14:26:20","slug":"ophthalmology-practice-owner","status":"publish","type":"page","link":"https:\/\/www.visionix.com\/pt\/ophthalmology\/ophthalmology-practice-owner\/","title":{"rendered":"ophthalmology-practice-owner"},"content":{"rendered":"\t\t<div data-elementor-type=\"wp-page\" data-elementor-id=\"28457\" class=\"elementor elementor-28457 elementor-95\" data-elementor-post-type=\"page\">\n\t\t\t\t\t\t<section class=\"elementor-section elementor-top-section elementor-element elementor-element-4193596 elementor-section-boxed elementor-section-height-default elementor-section-height-default\" data-id=\"4193596\" data-element_type=\"section\" data-e-type=\"section\">\n\t\t\t\t\t\t<div class=\"elementor-container elementor-column-gap-default\">\n\t\t\t\t\t<div class=\"elementor-column elementor-col-50 elementor-top-column elementor-element elementor-element-055dfa6\" data-id=\"055dfa6\" data-element_type=\"column\" data-e-type=\"column\">\n\t\t\t<div class=\"elementor-widget-wrap elementor-element-populated\">\n\t\t\t\t\t\t<div class=\"elementor-element elementor-element-f9b4567 elementor-widget elementor-widget-heading\" data-id=\"f9b4567\" data-element_type=\"widget\" data-e-type=\"widget\" data-widget_type=\"heading.default\">\n\t\t\t\t<div class=\"elementor-widget-container\">\n\t\t\t\t\t<h3 class=\"elementor-heading-title elementor-size-default\">Propriet\u00e1rio da cl\u00ednica <\/h3>\t\t\t\t<\/div>\n\t\t\t\t<\/div>\n\t\t\t\t<div class=\"elementor-element elementor-element-bff2742 elementor-widget elementor-widget-heading\" data-id=\"bff2742\" data-element_type=\"widget\" data-e-type=\"widget\" data-widget_type=\"heading.default\">\n\t\t\t\t<div class=\"elementor-widget-container\">\n\t\t\t\t\t<h1 class=\"elementor-heading-title elementor-size-default\">Liberta mais tempo para os doentes<\/h1>\t\t\t\t<\/div>\n\t\t\t\t<\/div>\n\t\t\t\t<div class=\"elementor-element elementor-element-0d29ee2 elementor-widget elementor-widget-text-editor\" data-id=\"0d29ee2\" data-element_type=\"widget\" data-e-type=\"widget\" data-widget_type=\"text-editor.default\">\n\t\t\t\t<div class=\"elementor-widget-container\">\n\t\t\t\t\t\t\t\t\tA vantagem de ter t\u00e9cnicos a efetuar refra\u00e7\u00f5es \u00e9 que os m\u00e9dicos podem passar mais tempo a aconselhar os seus doentes.\t\t\t\t\t\t\t\t<\/div>\n\t\t\t\t<\/div>\n\t\t\t\t\t<\/div>\n\t\t<\/div>\n\t\t\t\t<div class=\"elementor-column elementor-col-50 elementor-top-column elementor-element elementor-element-1ebb093\" data-id=\"1ebb093\" data-element_type=\"column\" data-e-type=\"column\">\n\t\t\t<div class=\"elementor-widget-wrap elementor-element-populated\">\n\t\t\t\t\t\t<div class=\"elementor-element elementor-element-3a095ee elementor-widget elementor-widget-image\" data-id=\"3a095ee\" data-element_type=\"widget\" data-e-type=\"widget\" data-widget_type=\"image.default\">\n\t\t\t\t<div class=\"elementor-widget-container\">\n\t\t\t\t\t\t\t\t\t\t\t\t\t\t\t<img fetchpriority=\"high\" decoding=\"async\" width=\"800\" height=\"800\" src=\"https:\/\/www.visionix.com\/wp-content\/uploads\/2022\/03\/Request-a-quote2.png\" class=\"attachment-large size-large wp-image-10301\" alt=\"\" srcset=\"https:\/\/www.visionix.com\/wp-content\/uploads\/2022\/03\/Request-a-quote2.png 900w, https:\/\/www.visionix.com\/wp-content\/uploads\/2022\/03\/Request-a-quote2-300x300.png 300w, https:\/\/www.visionix.com\/wp-content\/uploads\/2022\/03\/Request-a-quote2-150x150.png 150w, https:\/\/www.visionix.com\/wp-content\/uploads\/2022\/03\/Request-a-quote2-768x768.png 768w, https:\/\/www.visionix.com\/wp-content\/uploads\/2022\/03\/Request-a-quote2-32x32.png 32w, https:\/\/www.visionix.com\/wp-content\/uploads\/2022\/03\/Request-a-quote2-600x600.png 600w, https:\/\/www.visionix.com\/wp-content\/uploads\/2022\/03\/Request-a-quote2-100x100.png 100w\" sizes=\"(max-width: 800px) 100vw, 800px\" \/>\t\t\t\t\t\t\t\t\t\t\t\t\t\t\t<\/div>\n\t\t\t\t<\/div>\n\t\t\t\t\t<\/div>\n\t\t<\/div>\n\t\t\t\t\t<\/div>\n\t\t<\/section>\n\t\t\t\t<section class=\"elementor-section elementor-top-section elementor-element elementor-element-a17b96f elementor-section-boxed elementor-section-height-default elementor-section-height-default\" data-id=\"a17b96f\" data-element_type=\"section\" data-e-type=\"section\">\n\t\t\t\t\t\t<div class=\"elementor-container elementor-column-gap-default\">\n\t\t\t\t\t<div class=\"elementor-column elementor-col-50 elementor-top-column elementor-element elementor-element-fa85d5b\" data-id=\"fa85d5b\" data-element_type=\"column\" data-e-type=\"column\">\n\t\t\t<div class=\"elementor-widget-wrap elementor-element-populated\">\n\t\t\t\t\t\t<div class=\"elementor-element elementor-element-d79aaf8 elementor-widget elementor-widget-image\" data-id=\"d79aaf8\" data-element_type=\"widget\" data-e-type=\"widget\" data-widget_type=\"image.default\">\n\t\t\t\t<div class=\"elementor-widget-container\">\n\t\t\t\t\t\t\t\t\t\t\t\t\t\t\t<img decoding=\"async\" width=\"800\" height=\"805\" src=\"https:\/\/www.visionix.com\/wp-content\/uploads\/2022\/03\/About-us-new-way-forward2-1-1018x1024.png\" class=\"attachment-large size-large wp-image-14783\" alt=\"Um m\u00e9dico exibe a varredura realizada com o VX650 na m\u00e1quina iScan.\" srcset=\"https:\/\/www.visionix.com\/wp-content\/uploads\/2022\/03\/About-us-new-way-forward2-1-1018x1024.png 1018w, https:\/\/www.visionix.com\/wp-content\/uploads\/2022\/03\/About-us-new-way-forward2-1-298x300.png 298w, https:\/\/www.visionix.com\/wp-content\/uploads\/2022\/03\/About-us-new-way-forward2-1-150x150.png 150w, https:\/\/www.visionix.com\/wp-content\/uploads\/2022\/03\/About-us-new-way-forward2-1-768x772.png 768w, https:\/\/www.visionix.com\/wp-content\/uploads\/2022\/03\/About-us-new-way-forward2-1-1527x1536.png 1527w, https:\/\/www.visionix.com\/wp-content\/uploads\/2022\/03\/About-us-new-way-forward2-1-32x32.png 32w, https:\/\/www.visionix.com\/wp-content\/uploads\/2022\/03\/About-us-new-way-forward2-1-600x603.png 600w, https:\/\/www.visionix.com\/wp-content\/uploads\/2022\/03\/About-us-new-way-forward2-1-100x100.png 100w, https:\/\/www.visionix.com\/wp-content\/uploads\/2022\/03\/About-us-new-way-forward2-1.png 1746w\" sizes=\"(max-width: 800px) 100vw, 800px\" \/>\t\t\t\t\t\t\t\t\t\t\t\t\t\t\t<\/div>\n\t\t\t\t<\/div>\n\t\t\t\t\t<\/div>\n\t\t<\/div>\n\t\t\t\t<div class=\"elementor-column elementor-col-50 elementor-top-column elementor-element elementor-element-f1d7c81\" data-id=\"f1d7c81\" data-element_type=\"column\" data-e-type=\"column\">\n\t\t\t<div class=\"elementor-widget-wrap elementor-element-populated\">\n\t\t\t\t\t\t<div class=\"elementor-element elementor-element-ec25eb7 elementor-widget elementor-widget-text-editor\" data-id=\"ec25eb7\" data-element_type=\"widget\" data-e-type=\"widget\" data-widget_type=\"text-editor.default\">\n\t\t\t\t<div class=\"elementor-widget-container\">\n\t\t\t\t\t\t\t\t\tQuando utiliza os nossos dispositivos, o m\u00e9dico pode delegar a recolha de dados num t\u00e9cnico. A nossa tecnologia de f\u00e1cil utiliza\u00e7\u00e3o requer pouca forma\u00e7\u00e3o e \u00e9 precisa no diagn\u00f3stico de doen\u00e7as oculares. Isto liberta o m\u00e9dico para despender mais tempo com os doentes\t\t\t\t\t\t\t\t<\/div>\n\t\t\t\t<\/div>\n\t\t\t\t<div class=\"elementor-element elementor-element-07509db elementor-widget elementor-widget-button\" data-id=\"07509db\" data-element_type=\"widget\" data-e-type=\"widget\" data-widget_type=\"button.default\">\n\t\t\t\t<div class=\"elementor-widget-container\">\n\t\t\t\t\t\t\t\t\t<div class=\"elementor-button-wrapper\">\n\t\t\t\t\t<a class=\"elementor-button elementor-button-link elementor-size-sm\" href=\"https:\/\/www.visionix.com\/pt\/contact\/\">\n\t\t\t\t\t\t<span class=\"elementor-button-content-wrapper\">\n\t\t\t\t\t\t\t\t\t<span class=\"elementor-button-text\">Fale com um especialista<\/span>\n\t\t\t\t\t<\/span>\n\t\t\t\t\t<\/a>\n\t\t\t\t<\/div>\n\t\t\t\t\t\t\t\t<\/div>\n\t\t\t\t<\/div>\n\t\t\t\t\t<\/div>\n\t\t<\/div>\n\t\t\t\t\t<\/div>\n\t\t<\/section>\n\t\t\t\t<section class=\"elementor-section elementor-top-section elementor-element elementor-element-ac58922 elementor-section-boxed elementor-section-height-default elementor-section-height-default\" data-id=\"ac58922\" data-element_type=\"section\" data-e-type=\"section\">\n\t\t\t\t\t\t<div class=\"elementor-container elementor-column-gap-default\">\n\t\t\t\t\t<div class=\"elementor-column elementor-col-50 elementor-top-column elementor-element elementor-element-eb434d8\" data-id=\"eb434d8\" data-element_type=\"column\" data-e-type=\"column\">\n\t\t\t<div class=\"elementor-widget-wrap elementor-element-populated\">\n\t\t\t\t\t\t<div class=\"elementor-element elementor-element-05b9e94 elementor-widget elementor-widget-text-editor\" data-id=\"05b9e94\" data-element_type=\"widget\" data-e-type=\"widget\" data-widget_type=\"text-editor.default\">\n\t\t\t\t<div class=\"elementor-widget-container\">\n\t\t\t\t\t\t\t\t\tOs m\u00e9dicos independentes, que desejem acelerar o processo de refra\u00e7\u00e3o, n\u00e3o precisam de mais nada sen\u00e3o do Visionix Eye Refract. Os resultados demonstram que o Eye Refract pode gerar prescri\u00e7\u00f5es precisas com resultados mais repet\u00edveis do que as refra\u00e7\u00f5es geradas por outros m\u00e9dicos. \t\t\t\t\t\t\t\t<\/div>\n\t\t\t\t<\/div>\n\t\t\t\t<div class=\"elementor-element elementor-element-dc4d2cc elementor-widget elementor-widget-button\" data-id=\"dc4d2cc\" data-element_type=\"widget\" data-e-type=\"widget\" data-widget_type=\"button.default\">\n\t\t\t\t<div class=\"elementor-widget-container\">\n\t\t\t\t\t\t\t\t\t<div class=\"elementor-button-wrapper\">\n\t\t\t\t\t<a class=\"elementor-button elementor-button-link elementor-size-sm\" href=\"https:\/\/www.visionix.com\/pt\/contact\/\">\n\t\t\t\t\t\t<span class=\"elementor-button-content-wrapper\">\n\t\t\t\t\t\t\t\t\t<span class=\"elementor-button-text\">Fale com um especialista<\/span>\n\t\t\t\t\t<\/span>\n\t\t\t\t\t<\/a>\n\t\t\t\t<\/div>\n\t\t\t\t\t\t\t\t<\/div>\n\t\t\t\t<\/div>\n\t\t\t\t\t<\/div>\n\t\t<\/div>\n\t\t\t\t<div class=\"elementor-column elementor-col-50 elementor-top-column elementor-element elementor-element-f51ed68\" data-id=\"f51ed68\" data-element_type=\"column\" data-e-type=\"column\">\n\t\t\t<div class=\"elementor-widget-wrap elementor-element-populated\">\n\t\t\t\t\t\t<div class=\"elementor-element elementor-element-7ce2e4a elementor-widget elementor-widget-image\" data-id=\"7ce2e4a\" data-element_type=\"widget\" data-e-type=\"widget\" data-widget_type=\"image.default\">\n\t\t\t\t<div class=\"elementor-widget-container\">\n\t\t\t\t\t\t\t\t\t\t\t\t\t\t\t<img decoding=\"async\" width=\"800\" height=\"501\" src=\"https:\/\/www.visionix.com\/wp-content\/uploads\/2022\/05\/Screening-device-1024x641.png\" class=\"attachment-large size-large wp-image-27632\" alt=\"Screening device\" srcset=\"https:\/\/www.visionix.com\/wp-content\/uploads\/2022\/05\/Screening-device-1024x641.png 1024w, https:\/\/www.visionix.com\/wp-content\/uploads\/2022\/05\/Screening-device-300x188.png 300w, https:\/\/www.visionix.com\/wp-content\/uploads\/2022\/05\/Screening-device-768x481.png 768w, https:\/\/www.visionix.com\/wp-content\/uploads\/2022\/05\/Screening-device-600x376.png 600w, https:\/\/www.visionix.com\/wp-content\/uploads\/2022\/05\/Screening-device.png 1333w\" sizes=\"(max-width: 800px) 100vw, 800px\" \/>\t\t\t\t\t\t\t\t\t\t\t\t\t\t\t<\/div>\n\t\t\t\t<\/div>\n\t\t\t\t\t<\/div>\n\t\t<\/div>\n\t\t\t\t\t<\/div>\n\t\t<\/section>\n\t\t\t\t<section class=\"elementor-section elementor-top-section elementor-element elementor-element-044c25b elementor-section-boxed elementor-section-height-default elementor-section-height-default\" data-id=\"044c25b\" data-element_type=\"section\" data-e-type=\"section\">\n\t\t\t\t\t\t<div class=\"elementor-container elementor-column-gap-default\">\n\t\t\t\t\t<div class=\"elementor-column elementor-col-50 elementor-top-column elementor-element elementor-element-5d8e20f\" data-id=\"5d8e20f\" data-element_type=\"column\" data-e-type=\"column\">\n\t\t\t<div class=\"elementor-widget-wrap elementor-element-populated\">\n\t\t\t\t\t\t<div class=\"elementor-element elementor-element-b624288 elementor-widget elementor-widget-image\" data-id=\"b624288\" data-element_type=\"widget\" data-e-type=\"widget\" data-widget_type=\"image.default\">\n\t\t\t\t<div class=\"elementor-widget-container\">\n\t\t\t\t\t\t\t\t\t\t\t\t\t\t\t<img loading=\"lazy\" decoding=\"async\" width=\"800\" height=\"531\" src=\"https:\/\/www.visionix.com\/wp-content\/uploads\/2022\/05\/full-exam-1024x680.png\" class=\"attachment-large size-large wp-image-27800\" alt=\"\" srcset=\"https:\/\/www.visionix.com\/wp-content\/uploads\/2022\/05\/full-exam-1024x680.png 1024w, https:\/\/www.visionix.com\/wp-content\/uploads\/2022\/05\/full-exam-300x199.png 300w, https:\/\/www.visionix.com\/wp-content\/uploads\/2022\/05\/full-exam-768x510.png 768w, https:\/\/www.visionix.com\/wp-content\/uploads\/2022\/05\/full-exam-600x399.png 600w, https:\/\/www.visionix.com\/wp-content\/uploads\/2022\/05\/full-exam.png 1255w\" sizes=\"(max-width: 800px) 100vw, 800px\" \/>\t\t\t\t\t\t\t\t\t\t\t\t\t\t\t<\/div>\n\t\t\t\t<\/div>\n\t\t\t\t\t<\/div>\n\t\t<\/div>\n\t\t\t\t<div class=\"elementor-column elementor-col-50 elementor-top-column elementor-element elementor-element-db43c99\" data-id=\"db43c99\" data-element_type=\"column\" data-e-type=\"column\">\n\t\t\t<div class=\"elementor-widget-wrap elementor-element-populated\">\n\t\t\t\t\t\t<div class=\"elementor-element elementor-element-668770b elementor-widget elementor-widget-text-editor\" data-id=\"668770b\" data-element_type=\"widget\" data-e-type=\"widget\" data-widget_type=\"text-editor.default\">\n\t\t\t\t<div class=\"elementor-widget-container\">\n\t\t\t\t\t\t\t\t\tOs doentes ficam impressionados com a efici\u00eancia e a precis\u00e3o do Eye Refract, que demora metade do tempo de um for\u00f3ptero tradicional e permite um fluxo de doentes mais r\u00e1pido.\t\t\t\t\t\t\t\t<\/div>\n\t\t\t\t<\/div>\n\t\t\t\t<div class=\"elementor-element elementor-element-47e08c5 elementor-widget elementor-widget-button\" data-id=\"47e08c5\" data-element_type=\"widget\" data-e-type=\"widget\" data-widget_type=\"button.default\">\n\t\t\t\t<div class=\"elementor-widget-container\">\n\t\t\t\t\t\t\t\t\t<div class=\"elementor-button-wrapper\">\n\t\t\t\t\t<a class=\"elementor-button elementor-button-link elementor-size-sm\" href=\"https:\/\/www.visionix.com\/pt\/contact\/\">\n\t\t\t\t\t\t<span class=\"elementor-button-content-wrapper\">\n\t\t\t\t\t\t\t\t\t<span class=\"elementor-button-text\">Fale com um especialista<\/span>\n\t\t\t\t\t<\/span>\n\t\t\t\t\t<\/a>\n\t\t\t\t<\/div>\n\t\t\t\t\t\t\t\t<\/div>\n\t\t\t\t<\/div>\n\t\t\t\t\t<\/div>\n\t\t<\/div>\n\t\t\t\t\t<\/div>\n\t\t<\/section>\n\t\t\t\t<section class=\"elementor-section elementor-top-section elementor-element elementor-element-eeee35e elementor-section-boxed elementor-section-height-default elementor-section-height-default\" data-id=\"eeee35e\" data-element_type=\"section\" data-e-type=\"section\">\n\t\t\t\t\t\t<div class=\"elementor-container elementor-column-gap-default\">\n\t\t\t\t\t<div class=\"elementor-column elementor-col-50 elementor-top-column elementor-element elementor-element-c708bba\" data-id=\"c708bba\" data-element_type=\"column\" data-e-type=\"column\">\n\t\t\t<div class=\"elementor-widget-wrap elementor-element-populated\">\n\t\t\t\t\t\t<div class=\"elementor-element elementor-element-680e700 elementor-widget elementor-widget-text-editor\" data-id=\"680e700\" data-element_type=\"widget\" data-e-type=\"widget\" data-widget_type=\"text-editor.default\">\n\t\t\t\t<div class=\"elementor-widget-container\">\n\t\t\t\t\t\t\t\t\tO Eye Refract elimina a incerteza decorrente na necessidade de encontrar t\u00e9cnicos de refra\u00e7\u00e3o com experi\u00eancia, capazes de fazer um exame de refra\u00e7\u00e3o fi\u00e1vel. A forma\u00e7\u00e3o para utilizar o sistema \u00e9 r\u00e1pida e simples. O pessoal cl\u00ednico da Visionix d\u00e1 forma\u00e7\u00e3o aos novos utilizadores para seguir um processo com instru\u00e7\u00f5es escritas, comandado por um tablet, que gera prescri\u00e7\u00f5es finais recomendadas confi\u00e1veis\t\t\t\t\t\t\t\t<\/div>\n\t\t\t\t<\/div>\n\t\t\t\t<div class=\"elementor-element elementor-element-d0434dc elementor-widget elementor-widget-button\" data-id=\"d0434dc\" data-element_type=\"widget\" data-e-type=\"widget\" data-widget_type=\"button.default\">\n\t\t\t\t<div class=\"elementor-widget-container\">\n\t\t\t\t\t\t\t\t\t<div class=\"elementor-button-wrapper\">\n\t\t\t\t\t<a class=\"elementor-button elementor-button-link elementor-size-sm\" href=\"https:\/\/www.visionix.com\/pt\/contact\/\">\n\t\t\t\t\t\t<span class=\"elementor-button-content-wrapper\">\n\t\t\t\t\t\t\t\t\t<span class=\"elementor-button-text\">Fale com um especialista<\/span>\n\t\t\t\t\t<\/span>\n\t\t\t\t\t<\/a>\n\t\t\t\t<\/div>\n\t\t\t\t\t\t\t\t<\/div>\n\t\t\t\t<\/div>\n\t\t\t\t\t<\/div>\n\t\t<\/div>\n\t\t\t\t<div class=\"elementor-column elementor-col-50 elementor-top-column elementor-element elementor-element-7eefc46\" data-id=\"7eefc46\" data-element_type=\"column\" data-e-type=\"column\">\n\t\t\t<div class=\"elementor-widget-wrap elementor-element-populated\">\n\t\t\t\t\t\t<div class=\"elementor-element elementor-element-cee283c elementor-widget elementor-widget-image\" data-id=\"cee283c\" data-element_type=\"widget\" data-e-type=\"widget\" data-widget_type=\"image.default\">\n\t\t\t\t<div class=\"elementor-widget-container\">\n\t\t\t\t\t\t\t\t\t\t\t\t\t\t\t<img loading=\"lazy\" decoding=\"async\" width=\"800\" height=\"451\" src=\"https:\/\/www.visionix.com\/wp-content\/uploads\/2022\/06\/Eye-Refract-tablet-1024x577.png\" class=\"attachment-large size-large wp-image-28192\" alt=\"\" srcset=\"https:\/\/www.visionix.com\/wp-content\/uploads\/2022\/06\/Eye-Refract-tablet-1024x577.png 1024w, https:\/\/www.visionix.com\/wp-content\/uploads\/2022\/06\/Eye-Refract-tablet-300x169.png 300w, https:\/\/www.visionix.com\/wp-content\/uploads\/2022\/06\/Eye-Refract-tablet-768x433.png 768w, https:\/\/www.visionix.com\/wp-content\/uploads\/2022\/06\/Eye-Refract-tablet-1536x866.png 1536w, https:\/\/www.visionix.com\/wp-content\/uploads\/2022\/06\/Eye-Refract-tablet-600x338.png 600w, https:\/\/www.visionix.com\/wp-content\/uploads\/2022\/06\/Eye-Refract-tablet.png 1826w\" sizes=\"(max-width: 800px) 100vw, 800px\" \/>\t\t\t\t\t\t\t\t\t\t\t\t\t\t\t<\/div>\n\t\t\t\t<\/div>\n\t\t\t\t\t<\/div>\n\t\t<\/div>\n\t\t\t\t\t<\/div>\n\t\t<\/section>\n\t\t\t\t<section class=\"elementor-section elementor-top-section elementor-element elementor-element-c82ab65 elementor-section-boxed elementor-section-height-default elementor-section-height-default\" data-id=\"c82ab65\" data-element_type=\"section\" data-e-type=\"section\">\n\t\t\t\t\t\t<div class=\"elementor-container elementor-column-gap-default\">\n\t\t\t\t\t<div class=\"elementor-column elementor-col-50 elementor-top-column elementor-element elementor-element-ce7780d\" data-id=\"ce7780d\" data-element_type=\"column\" data-e-type=\"column\">\n\t\t\t<div class=\"elementor-widget-wrap elementor-element-populated\">\n\t\t\t\t\t\t<div class=\"elementor-element elementor-element-364f6d1 elementor-widget elementor-widget-image\" data-id=\"364f6d1\" data-element_type=\"widget\" data-e-type=\"widget\" data-widget_type=\"image.default\">\n\t\t\t\t<div class=\"elementor-widget-container\">\n\t\t\t\t\t\t\t\t\t\t\t\t\t\t\t<img loading=\"lazy\" decoding=\"async\" width=\"800\" height=\"465\" src=\"https:\/\/www.visionix.com\/wp-content\/uploads\/2022\/06\/Eye-Refract-technician-1024x595.png\" class=\"attachment-large size-large wp-image-28200\" alt=\"\" srcset=\"https:\/\/www.visionix.com\/wp-content\/uploads\/2022\/06\/Eye-Refract-technician-1024x595.png 1024w, https:\/\/www.visionix.com\/wp-content\/uploads\/2022\/06\/Eye-Refract-technician-300x174.png 300w, https:\/\/www.visionix.com\/wp-content\/uploads\/2022\/06\/Eye-Refract-technician-768x446.png 768w, https:\/\/www.visionix.com\/wp-content\/uploads\/2022\/06\/Eye-Refract-technician-600x348.png 600w, https:\/\/www.visionix.com\/wp-content\/uploads\/2022\/06\/Eye-Refract-technician.png 1185w\" sizes=\"(max-width: 800px) 100vw, 800px\" \/>\t\t\t\t\t\t\t\t\t\t\t\t\t\t\t<\/div>\n\t\t\t\t<\/div>\n\t\t\t\t\t<\/div>\n\t\t<\/div>\n\t\t\t\t<div class=\"elementor-column elementor-col-50 elementor-top-column elementor-element elementor-element-d2ce34c\" data-id=\"d2ce34c\" data-element_type=\"column\" data-e-type=\"column\">\n\t\t\t<div class=\"elementor-widget-wrap elementor-element-populated\">\n\t\t\t\t\t\t<div class=\"elementor-element elementor-element-2f19432 elementor-widget elementor-widget-text-editor\" data-id=\"2f19432\" data-element_type=\"widget\" data-e-type=\"widget\" data-widget_type=\"text-editor.default\">\n\t\t\t\t<div class=\"elementor-widget-container\">\n\t\t\t\t\t\t\t\t\tUm t\u00e9cnico com forma\u00e7\u00e3o pode sentar-se com um doente para recolher dados antes de o doente chegar a falar com o m\u00e9dico. Os m\u00e9dicos podem ent\u00e3o aceder facilmente a estes dados oculares fi\u00e1veis atrav\u00e9s de um sistema eletr\u00f3nico de registos de sa\u00fade.\t\t\t\t\t\t\t\t<\/div>\n\t\t\t\t<\/div>\n\t\t\t\t<div class=\"elementor-element elementor-element-7979b2e elementor-widget elementor-widget-button\" data-id=\"7979b2e\" data-element_type=\"widget\" data-e-type=\"widget\" data-widget_type=\"button.default\">\n\t\t\t\t<div class=\"elementor-widget-container\">\n\t\t\t\t\t\t\t\t\t<div class=\"elementor-button-wrapper\">\n\t\t\t\t\t<a class=\"elementor-button elementor-button-link elementor-size-sm\" href=\"https:\/\/www.visionix.com\/pt\/contact\/\">\n\t\t\t\t\t\t<span class=\"elementor-button-content-wrapper\">\n\t\t\t\t\t\t\t\t\t<span class=\"elementor-button-text\">Fale com um especialista<\/span>\n\t\t\t\t\t<\/span>\n\t\t\t\t\t<\/a>\n\t\t\t\t<\/div>\n\t\t\t\t\t\t\t\t<\/div>\n\t\t\t\t<\/div>\n\t\t\t\t\t<\/div>\n\t\t<\/div>\n\t\t\t\t\t<\/div>\n\t\t<\/section>\n\t\t\t\t<\/div>\n\t\t","protected":false},"excerpt":{"rendered":"<p>Propriet\u00e1rio da cl\u00ednica Liberta mais tempo para os doentes A vantagem de ter t\u00e9cnicos a efetuar refra\u00e7\u00f5es \u00e9 que os m\u00e9dicos podem passar mais tempo a aconselhar os seus doentes. Quando utiliza os nossos dispositivos, o m\u00e9dico pode delegar a recolha de dados num t\u00e9cnico. A nossa tecnologia de f\u00e1cil utiliza\u00e7\u00e3o requer pouca forma\u00e7\u00e3o e [&hellip;]<\/p>\n","protected":false},"author":1,"featured_media":0,"parent":28458,"menu_order":0,"comment_status":"closed","ping_status":"closed","template":"","meta":{"_acf_changed":false,"content-type":"","footnotes":""},"class_list":["post-28457","page","type-page","status-publish","hentry"],"acf":[],"_links":{"self":[{"href":"https:\/\/www.visionix.com\/pt\/wp-json\/wp\/v2\/pages\/28457","targetHints":{"allow":["GET"]}}],"collection":[{"href":"https:\/\/www.visionix.com\/pt\/wp-json\/wp\/v2\/pages"}],"about":[{"href":"https:\/\/www.visionix.com\/pt\/wp-json\/wp\/v2\/types\/page"}],"author":[{"embeddable":true,"href":"https:\/\/www.visionix.com\/pt\/wp-json\/wp\/v2\/users\/1"}],"replies":[{"embeddable":true,"href":"https:\/\/www.visionix.com\/pt\/wp-json\/wp\/v2\/comments?post=28457"}],"version-history":[{"count":10,"href":"https:\/\/www.visionix.com\/pt\/wp-json\/wp\/v2\/pages\/28457\/revisions"}],"predecessor-version":[{"id":28684,"href":"https:\/\/www.visionix.com\/pt\/wp-json\/wp\/v2\/pages\/28457\/revisions\/28684"}],"up":[{"embeddable":true,"href":"https:\/\/www.visionix.com\/pt\/wp-json\/wp\/v2\/pages\/28458"}],"wp:attachment":[{"href":"https:\/\/www.visionix.com\/pt\/wp-json\/wp\/v2\/media?parent=28457"}],"curies":[{"name":"wp","href":"https:\/\/api.w.org\/{rel}","templated":true}]}}