{"id":12746,"date":"2022-02-04T13:52:11","date_gmt":"2022-02-04T12:52:11","guid":{"rendered":"https:\/\/www.visionix.com\/politique-de-confidentialite\/"},"modified":"2022-07-12T11:27:01","modified_gmt":"2022-07-12T09:27:01","slug":"politica-de-privacidade","status":"publish","type":"page","link":"https:\/\/www.visionix.com\/pt\/politica-de-privacidade\/","title":{"rendered":"Pol\u00edtica de privacidade"},"content":{"rendered":"\t\t<div data-elementor-type=\"wp-page\" data-elementor-id=\"12746\" class=\"elementor elementor-12746 elementor-3\" data-elementor-post-type=\"page\">\n\t\t\t\t\t\t<section class=\"elementor-section elementor-top-section elementor-element elementor-element-7d8b7e8 elementor-section-boxed elementor-section-height-default elementor-section-height-default\" data-id=\"7d8b7e8\" data-element_type=\"section\" data-e-type=\"section\">\n\t\t\t\t\t\t<div class=\"elementor-container elementor-column-gap-default\">\n\t\t\t\t\t<div class=\"elementor-column elementor-col-100 elementor-top-column elementor-element elementor-element-8a8e844\" data-id=\"8a8e844\" data-element_type=\"column\" data-e-type=\"column\">\n\t\t\t<div class=\"elementor-widget-wrap elementor-element-populated\">\n\t\t\t\t\t\t<div class=\"elementor-element elementor-element-13156a0 elementor-widget elementor-widget-heading\" data-id=\"13156a0\" data-element_type=\"widget\" data-e-type=\"widget\" data-widget_type=\"heading.default\">\n\t\t\t\t<div class=\"elementor-widget-container\">\n\t\t\t\t\t<h1 class=\"elementor-heading-title elementor-size-default\"><p>Pol\u00edtica de Privacidade<\/p><\/h1>\t\t\t\t<\/div>\n\t\t\t\t<\/div>\n\t\t\t\t\t<\/div>\n\t\t<\/div>\n\t\t\t\t\t<\/div>\n\t\t<\/section>\n\t\t\t\t<section class=\"elementor-section elementor-top-section elementor-element elementor-element-19d60fb7 elementor-section-boxed elementor-section-height-default elementor-section-height-default\" data-id=\"19d60fb7\" data-element_type=\"section\" data-e-type=\"section\">\n\t\t\t\t\t\t<div class=\"elementor-container elementor-column-gap-default\">\n\t\t\t\t\t<div class=\"elementor-column elementor-col-100 elementor-top-column elementor-element elementor-element-40e08dae\" data-id=\"40e08dae\" data-element_type=\"column\" data-e-type=\"column\">\n\t\t\t<div class=\"elementor-widget-wrap elementor-element-populated\">\n\t\t\t\t\t\t<div class=\"elementor-element elementor-element-47e9ca2b elementor-widget elementor-widget-text-editor\" data-id=\"47e9ca2b\" data-element_type=\"widget\" data-e-type=\"widget\" data-widget_type=\"text-editor.default\">\n\t\t\t\t<div class=\"elementor-widget-container\">\n\t\t\t\t\t\t\t\t\t<p><strong>Cr\u00e9ditos<\/strong><\/p><p>Design gr\u00e1fico e desenvolvimento : <a href=\"https:\/\/www.lepavillonrouge.com\/\" target=\"_blank\" rel=\"noopener\">ag\u00eancia digital Le Pavillon Rouge &#8211; lepavillonrouge.com<\/a><br \/>Desenho: <a href=\"https:\/\/www.jubyl.com\/\" target=\"_blank\" rel=\"noopener\">jubyl.com<\/a><br \/>Cr\u00e9ditos das fotografias: Fotolia, Pixabay, Eric Bienvenu, David Morganti<\/p><p><strong>GDPR (General Data Protection Regulation)<\/strong> em vigor em todos os Estados Membros da UE desde 25 de maio de 2018.<\/p><p>O site visionix.com estabelece rela\u00e7\u00f5es entre clientes atuais e\/ou potenciais com o grupo Visionix, particularmente atrav\u00e9s de pedidos de or\u00e7amentos, contactos, e chamadas telef\u00f3nicas.<\/p><p>Para obter respostas, os Clientes atuais e\/ou potenciais t\u00eam de partilhar dados pessoais que s\u00e3o recolhidos, processados e protegidos de acordo com esta Pol\u00edtica de privacidade.<\/p><p>A empresa respeita a prote\u00e7\u00e3o da vida privada dos clientes atuais e\/ou potenciais e dos seus dados pessoais e compromete-se a respeitar os regulamentos em vigor.<\/p><p><strong>I &#8211; Dados pessoais relativos a clientes atuais e\/ou potenciais<\/strong><\/p><ol><li><strong>Que dados pessoais s\u00e3o recolhidos e porqu\u00ea?<\/strong><\/li><li><strong>Cria\u00e7\u00e3o de uma conta <\/strong>O Cliente atual e\/ou potencial pode criar uma conta para ter acesso ao seu espa\u00e7o pessoal atrav\u00e9s da comunica\u00e7\u00e3o obrigat\u00f3ria do seu endere\u00e7o de correio eletr\u00f3nico e de uma palavra-passe. A palavra-passe \u00e9 encriptada e o grupo Visionix n\u00e3o tem conhecimento da mesma.<\/li><\/ol><p>Assim como: apelido, nome, empresa, cidade, n\u00famero de telefone, nome da empresa, tipo de empresa.<\/p><p>A conta permite ao cliente atual e\/ou potencial gerir os seus Dados Pessoais e ter acesso aos pedidos feitos no site da Internet.<\/p><ol><li><strong>Formul\u00e1rios:<\/strong><\/li><\/ol><ul><li><strong>Formul\u00e1rios de pedido &#8220;Para obter um or\u00e7amento&#8221;:<\/strong><\/li><li><strong>Obrigat\u00f3rio:<\/strong> as informa\u00e7\u00f5es obrigat\u00f3rias exigidas ao cliente atual e\/ou potencial no formul\u00e1rio de pedido &#8220;Para obter um or\u00e7amento&#8221; s\u00e3o as seguintes: nome, apelido, endere\u00e7o, e-mail, n\u00famero de telefone, c\u00f3digo postal, localidade, tipo de cliente atual e\/ou potencial (oftalmologista \/ optometrista \/ ortoptista \/ \u00f3tico), nome da empresa.<\/li><\/ul><p>A empresa tamb\u00e9m recolhe os seguintes dados:<\/p><ul><li>Login de Cliente atual e\/ou potencial<\/li><li>Data de cria\u00e7\u00e3o e data de transmiss\u00e3o do pedido<\/li><li>O campo de interesse<\/li><\/ul><ul><li><strong>Formul\u00e1rio &#8220;Pedido de contacto?&#8221;:<\/strong><\/li><\/ul><p>Os itens de informa\u00e7\u00e3o requeridos do Cliente atual e\/ou potencial no formul\u00e1rio de pedido de contacto s\u00e3o: Tipo de contacto, departamento, profiss\u00e3o, nome, e-mail, n\u00famero de telefone, e conte\u00fado do pedido. Esta informa\u00e7\u00e3o n\u00e3o \u00e9 armazenada nem reprocessada e \u00e9 apenas utilizada para responder ao pedido do cliente atual e\/ou potencial.<\/p><p><strong>\u00a0<\/strong><\/p><ul><li><strong>Formul\u00e1rio de pedido de chamada de retorno imediato:<\/strong><\/li><\/ul><p>Os itens de informa\u00e7\u00e3o obrigat\u00f3ria exigidos ao Cliente atual e\/ou potencial no formul\u00e1rio de pedido de retorno imediato s\u00e3o: departamento, profiss\u00e3o, apelido, n\u00famero de telefone, e mensagem. Esta informa\u00e7\u00e3o n\u00e3o \u00e9 armazenada nem reprocessada e \u00e9 apenas utilizada para responder ao pedido do cliente atual e\/ou potencial.<\/p><ul><li><strong>Utiliza\u00e7\u00f5es finais:<\/strong> o fornecimento destes dados pessoais pelo cliente atual e\/ou potencial \u00e9 obrigat\u00f3rio para que a empresa possa satisfazer os pedidos de or\u00e7amentos, conselhos t\u00e9cnicos, chamadas de retorno, ou informa\u00e7\u00f5es.<\/li><\/ul><p>Os dados pessoais de cria\u00e7\u00f5es de contas e pedidos de or\u00e7amentos tamb\u00e9m permitem \u00e0 empresa gerir o seu ficheiro de clientes atuais e\/ou potenciais, gerir a rela\u00e7\u00e3o cont\u00ednua com os seus clientes atuais e\/ou potenciais e, se necess\u00e1rio, cumprir as suas obriga\u00e7\u00f5es legais.<\/p><p>Os dados recolhidos sobre a cria\u00e7\u00e3o da conta permitem ao cliente atual e\/ou potencial criar e gerir a sua conta.<\/p><p>Um profissional que n\u00e3o deseje fornecer informa\u00e7\u00f5es obrigat\u00f3rias n\u00e3o poder\u00e1 formular qualquer pedido, ou receber informa\u00e7\u00f5es, ou criar uma conta.<\/p><p><strong>\u00a0<\/strong><\/p><ol><li><strong>Como s\u00e3o processados os dados pessoais?<\/strong><\/li><\/ol><p>Os dados pessoais est\u00e3o sujeitos a tratamento inform\u00e1tico pela empresa.<\/p><p>O Grupo Visionix compromete-se a n\u00e3o os utilizar para outro fim, ou a transmiti-los a terceiros, exceto nos casos abaixo indicados ou em conformidade com um acordo expresso do cliente atual e\/ou potencial em causa.<\/p><p><strong>Endere\u00e7os:<\/strong> para respeitar as utiliza\u00e7\u00f5es finais acima referidas, os dados pessoais do cliente atual e\/ou potencial s\u00e3o transmitidos ao agente comercial ou t\u00e9cnico qualificado para responder aos pedidos formulados e tamb\u00e9m ao servi\u00e7o administrativo que pode responder aos pedidos de or\u00e7amentos formulados.<\/p><p><strong>Contratantes:<\/strong> os dados pessoais s\u00f3 podem ser comunicados a terceiros (pessoal, empresas afiliadas ou fornecedores) se tiver havido um acordo pr\u00e9vio expresso para as utiliza\u00e7\u00f5es finais acima enumeradas e para fins informativos.\u00a0 O Grupo Visionix toma todas as medidas para exigir a estes destinat\u00e1rios que respeitem os regulamentos aplic\u00e1veis. Os fornecedores est\u00e3o autorizados a processar os dados pessoais unicamente segundo as instru\u00e7\u00f5es do Grupo Visionix.<\/p><p><strong>Conserva\u00e7\u00e3o e arquivo:<\/strong> os dados pessoais relativos aos clientes atuais\/potenciais s\u00e3o conservados por um per\u00edodo de 3 anos para efeitos de gest\u00e3o do ficheiro e, quando aplic\u00e1vel, de angaria\u00e7\u00e3o de novos clientes, e s\u00e3o arquivados por um per\u00edodo m\u00e1ximo de 5 anos &#8211; o per\u00edodo necess\u00e1rio para a demonstra\u00e7\u00e3o, exerc\u00edcio ou defesa de um direito legal (per\u00edodo de prescri\u00e7\u00e3o).<\/p><p>O ponto de partida para este per\u00edodo \u00e9 a data final das rela\u00e7\u00f5es entre o cliente atual e\/ou potencial e o Grupo Visionix, respetivamente &#8211; particularmente o \u00faltimo pedido ou contacto ou, no caso da cria\u00e7\u00e3o de uma conta, a data de encerramento desta conta.<\/p><p>O Grupo Visionix assegurar\u00e1 que estes dados pessoais sejam conservados e arquivados em condi\u00e7\u00f5es de seguran\u00e7a adequadas, respeitando os regulamentos aplic\u00e1veis, de acordo com os m\u00e9todos t\u00e9cnicos em vigor.<\/p><ol><li><strong>Que direitos sobre os dados pessoais comunicados?<\/strong><\/li><\/ol><p>Qualquer pessoa que tenha comunicado dados pessoais ao grupo Visionix pode exercer os seguintes direitos sobre os mesmos:<\/p><ul><li>Um direito de acesso e retifica\u00e7\u00e3o;<\/li><li>Um direito de apagar dados (&#8220;direito a ser esquecido&#8221;), um direito a restringir o processamento, e um direito a opor-se ao processamento nos casos previstos nos regulamentos em vigor.<\/li><\/ul><p>Al\u00e9m disso, nos termos dos artigos L223-1 e seguintes do C\u00f3digo do Consumidor, qualquer Cliente atual e\/ou potencial considerado como consumidor tem o direito de se registar na lista de oposi\u00e7\u00e3o de marketing telef\u00f3nico;<\/p><ul><li>O direito de dar instru\u00e7\u00f5es sobre o destino dos seus dados de natureza pessoal ap\u00f3s a sua morte;<\/li><li>Um direito de portabilidade dos dados em bruto fornecidos \u00e0 Editora;<\/li><li>direito de apresentar uma queixa \u00e0 autoridade competente (nomeadamente \u00e0 CNIL (ag\u00eancia francesa de prote\u00e7\u00e3o de dados) em Fran\u00e7a).<\/li><\/ul><p>Estes direitos podem ser exercidos por e-mail para o endere\u00e7o eletr\u00f3nico privacy@visionix.com ou por correio para o endere\u00e7o da sede social da empresa. Luneau Technology Operations SAS &#8211; 2, rue Roger Bonnet &#8211; 27340 Pont de l&#8217;Arche.<\/p><p>Estes direitos devem ser exercidos em conformidade com os regulamentos em vigor. Em particular, deve ser solicitado ao requerente um documento de identidade, de modo a provar a sua identidade \u00e0 empresa para impedir qualquer acesso n\u00e3o autorizado aos dados pessoais em quest\u00e3o.<\/p><p><strong>Boletins informativos<\/strong><\/p><p><strong>\u00a0<\/strong><\/p><p>O Grupo Visionix pode tamb\u00e9m utilizar os dados pessoais comunicados pelo cliente atual e\/ou potencial para endere\u00e7ar a este \u00faltimo e-mail informativos relativos \u00e0 empresa, \u00e0s suas atividades, ou aos seus produtos ou servi\u00e7os.<\/p><p>Qualquer pessoa tem o direito de se opor \u00e0 rece\u00e7\u00e3o de e-mails de informa\u00e7\u00e3o do Grupo Visionix em qualquer altura.<\/p><p><strong>III. Cookie<\/strong><\/p><p>Um &#8220;cookie&#8221; \u00e9 um pequeno ficheiro de informa\u00e7\u00e3o enviado para o browser do Utilizador e gravado dentro do terminal do Utilizador (por exemplo: computador, Smartphone), (doravante &#8220;Cookies&#8221;). Este ficheiro inclui informa\u00e7\u00f5es tais como o nome de dom\u00ednio do Utilizador, o fornecedor de acesso \u00e0 Internet do Utilizador, o sistema operativo do Utilizador, bem como a data e hora de acesso. Em nenhum caso os Cookies s\u00e3o uma fonte de poss\u00edveis danos para o terminal do Utilizador.<\/p><p>https:\/\/www.visionix.com\/ pode processar as informa\u00e7\u00f5es do Utilizador relativas \u00e0 sua visita ao s\u00edtio, tais como as p\u00e1ginas consultadas e as pesquisas por ele efetuadas. Esta informa\u00e7\u00e3o permite ao https:\/\/www.visionix.com\/ melhorar o conte\u00fado do sitee a navega\u00e7\u00e3o do utilizador.<\/p><p>Os Cookies facilitam a navega\u00e7\u00e3o e\/ou a presta\u00e7\u00e3o dos servi\u00e7os que o Site prop\u00f5e. O Utilizador pode configurar o seu navegador para lhe permitir decidir se deseja ou n\u00e3o aceit\u00e1-los para que os Cookies sejam registados no terminal ou, pelo contr\u00e1rio, rejeitados &#8211; seja sistematicamente ou dependendo de quem os emite.<\/p><p>Ao iniciar o s\u00edtio, o Utilizador pode decidir aceitar ou n\u00e3o os cookies. Se ele aceitar, os Cookies ser\u00e3o registados no terminal.<\/p><p>Se o Utilizador se recusar a ter os Cookies gravados no seu terminal ou navegador, o Utilizador \u00e9 informado de que a sua navega\u00e7\u00e3o e experi\u00eancia no site s\u00e3o suscet\u00edveis de ser limitadas.<\/p><p>Finalmente, clicando nos \u00edcones dedicados \u00e0s redes sociais, Facebook, LinkedIn, e Youtube no sitede https:\/\/www.visionix.com\/ ou na sua aplica\u00e7\u00e3o m\u00f3vel e se o Utilizador tiver aceite cookies continuando a sua navega\u00e7\u00e3o no Site da Internet ou na aplica\u00e7\u00e3o m\u00f3vel https:\/\/www.visionix.com\/, Facebook ou Youtube pode tamb\u00e9m colocar cookies nos seus terminais (computador, tablet, telem\u00f3vel).<\/p><p>Estes tipos de cookies s\u00f3 s\u00e3o colocados nos seus terminais se consentir em continuar a navegar no site da Internet ou na aplica\u00e7\u00e3o m\u00f3vel https:\/\/www.visionix.com\/. A qualquer momento o Utilizador pode, no entanto, revogar o seu consentimento para https:\/\/www.visionix.com\/ deixando estes tipos de cookies no seu terminal.<\/p><p>Mais informa\u00e7\u00f5es sobre os &#8220;cookies&#8221;: <a href=\"http:\/\/www.cnil.fr\/vos-droits\/vos-traces\/les-cookies\/\" target=\"_blank\" rel=\"noopener\">http:\/\/www.cnil.fr\/vos-droits\/vos-traces\/les-cookies\/<\/a><\/p><p><strong>Dados recolhidos e per\u00edodo de conserva\u00e7\u00e3o:<\/strong><\/p><ul><li>endere\u00e7o IP, logins para terminais, logins de liga\u00e7\u00e3o, n\u00famero de visitas ao s\u00edtio, n\u00famero de p\u00e1ginas vistas, p\u00e1gina url, tempo gasto na p\u00e1gina, dados de localiza\u00e7\u00e3o &#8211; por sat\u00e9lite, por telefone m\u00f3vel (per\u00edodo de conserva\u00e7\u00e3o: ilimitado)<\/li><\/ul>\t\t\t\t\t\t\t\t<\/div>\n\t\t\t\t<\/div>\n\t\t\t\t\t<\/div>\n\t\t<\/div>\n\t\t\t\t\t<\/div>\n\t\t<\/section>\n\t\t\t\t<\/div>\n\t\t","protected":false},"excerpt":{"rendered":"<p>Pol\u00edtica de Privacidade Cr\u00e9ditos Design gr\u00e1fico e desenvolvimento : ag\u00eancia digital Le Pavillon Rouge &#8211; lepavillonrouge.comDesenho: jubyl.comCr\u00e9ditos das fotografias: Fotolia, Pixabay, Eric Bienvenu, David Morganti GDPR (General Data Protection Regulation) em vigor em todos os Estados Membros da UE desde 25 de maio de 2018. O site visionix.com estabelece rela\u00e7\u00f5es entre clientes atuais e\/ou potenciais [&hellip;]<\/p>\n","protected":false},"author":1,"featured_media":0,"parent":0,"menu_order":0,"comment_status":"closed","ping_status":"closed","template":"","meta":{"_acf_changed":false,"content-type":"","footnotes":""},"class_list":["post-12746","page","type-page","status-publish","hentry"],"acf":[],"_links":{"self":[{"href":"https:\/\/www.visionix.com\/pt\/wp-json\/wp\/v2\/pages\/12746","targetHints":{"allow":["GET"]}}],"collection":[{"href":"https:\/\/www.visionix.com\/pt\/wp-json\/wp\/v2\/pages"}],"about":[{"href":"https:\/\/www.visionix.com\/pt\/wp-json\/wp\/v2\/types\/page"}],"author":[{"embeddable":true,"href":"https:\/\/www.visionix.com\/pt\/wp-json\/wp\/v2\/users\/1"}],"replies":[{"embeddable":true,"href":"https:\/\/www.visionix.com\/pt\/wp-json\/wp\/v2\/comments?post=12746"}],"version-history":[{"count":25,"href":"https:\/\/www.visionix.com\/pt\/wp-json\/wp\/v2\/pages\/12746\/revisions"}],"predecessor-version":[{"id":30903,"href":"https:\/\/www.visionix.com\/pt\/wp-json\/wp\/v2\/pages\/12746\/revisions\/30903"}],"wp:attachment":[{"href":"https:\/\/www.visionix.com\/pt\/wp-json\/wp\/v2\/media?parent=12746"}],"curies":[{"name":"wp","href":"https:\/\/api.w.org\/{rel}","templated":true}]}}