{"id":9146,"date":"2022-03-22T12:19:14","date_gmt":"2022-03-22T11:19:14","guid":{"rendered":"https:\/\/www.visionix.com\/produit\/pts-2000\/"},"modified":"2022-07-26T14:25:48","modified_gmt":"2022-07-26T12:25:48","slug":"pts-2000","status":"publish","type":"product","link":"https:\/\/www.visionix.com\/it\/product\/pts-2000\/","title":{"rendered":"PTS 2000"},"content":{"rendered":"<p>Automated Perimeter PTS 2000 stabilisce un nuovo standard per i perimetri a proiezione completi.<\/p>\n<p>Qui il design ergonomico incontra le esigenze della moderna valutazione del campo visivo. Eseguire tutto, da un rapido test di screening alla perimetria cinetica controllata manualmente \u00e8 pi\u00f9 semplice come mai prima d&#8217;ora. Il PTS 2000 vi offre una delle gamma di test di campo pi\u00f9 ampia del mondo e di opzioni, insieme a tutte le dimensioni e i colori degli stimoli Goldmann colori utilizzati in perimetria. Con il moderno e intuitivo tutto ci\u00f2 \u00e8 disponibile a portata di mano.<\/p>\n","protected":false},"excerpt":{"rendered":"<p>Perimetro automatizzato<\/p>\n<p>Automated Perimeter PTS 2000 stabilisce un nuovo standard per i perimetri a proiezione completi.<\/p>\n<p>Qui il design ergonomico incontra le esigenze della moderna valutazione del campo visivo. Eseguire tutto, da un rapido test di screening alla perimetria cinetica controllata manualmente \u00e8 pi\u00f9 semplice come mai prima d&#8217;ora. Il PTS 2000 vi offre una delle gamma di test di campo pi\u00f9 ampia del mondo e di opzioni, insieme a tutte le dimensioni e i colori degli stimoli Goldmann colori utilizzati in perimetria. Con il moderno e intuitivo tutto ci\u00f2 \u00e8 disponibile a portata di mano.<\/p>\n<p><em>Prodotto venduto da Visiomecc Srl<\/em><\/p>\n","protected":false},"featured_media":25050,"template":"","meta":{"_acf_changed":false,"content-type":"","footnotes":""},"pwb-brand":[367],"product_brand":[],"product_cat":[168],"product_tag":[],"class_list":{"0":"post-9146","1":"product","2":"type-product","3":"status-publish","4":"has-post-thumbnail","6":"pwb-brand-optopol-technology","7":"product_cat-oftalmologia-strumenti","8":"pa_product-family-diagnostic-it","10":"first","11":"instock","12":"product-type-simple"},"acf":[],"brands":[{"id":367,"name":"Optopol Technology","slug":"optopol-technology"}],"_links":{"self":[{"href":"https:\/\/www.visionix.com\/it\/wp-json\/wp\/v2\/product\/9146","targetHints":{"allow":["GET"]}}],"collection":[{"href":"https:\/\/www.visionix.com\/it\/wp-json\/wp\/v2\/product"}],"about":[{"href":"https:\/\/www.visionix.com\/it\/wp-json\/wp\/v2\/types\/product"}],"version-history":[{"count":1,"href":"https:\/\/www.visionix.com\/it\/wp-json\/wp\/v2\/product\/9146\/revisions"}],"predecessor-version":[{"id":25058,"href":"https:\/\/www.visionix.com\/it\/wp-json\/wp\/v2\/product\/9146\/revisions\/25058"}],"wp:featuredmedia":[{"embeddable":true,"href":"https:\/\/www.visionix.com\/it\/wp-json\/wp\/v2\/media\/25050"}],"wp:attachment":[{"href":"https:\/\/www.visionix.com\/it\/wp-json\/wp\/v2\/media?parent=9146"}],"wp:term":[{"taxonomy":"pwb-brand","embeddable":true,"href":"https:\/\/www.visionix.com\/it\/wp-json\/wp\/v2\/pwb-brand?post=9146"},{"taxonomy":"product_brand","embeddable":true,"href":"https:\/\/www.visionix.com\/it\/wp-json\/wp\/v2\/product_brand?post=9146"},{"taxonomy":"product_cat","embeddable":true,"href":"https:\/\/www.visionix.com\/it\/wp-json\/wp\/v2\/product_cat?post=9146"},{"taxonomy":"product_tag","embeddable":true,"href":"https:\/\/www.visionix.com\/it\/wp-json\/wp\/v2\/product_tag?post=9146"}],"curies":[{"name":"wp","href":"https:\/\/api.w.org\/{rel}","templated":true}]}}