{"id":7263,"date":"2022-03-07T14:34:09","date_gmt":"2022-03-07T13:34:09","guid":{"rendered":"https:\/\/www.visionix.com\/produit\/optovue-ifusion\/"},"modified":"2025-09-02T14:34:18","modified_gmt":"2025-09-02T12:34:18","slug":"optovue-ivue80-icam-12","status":"publish","type":"product","link":"https:\/\/www.visionix.com\/it\/product\/optovue-ivue80-icam-12\/","title":{"rendered":"Optovue iVue80+ iCam 12"},"content":{"rendered":"<p>Il Optovue iVue80+ iCam 12 Sistema OCT e di imaging retinico ha tutti gli stessi potenti strumenti clinici del iVuecon il vantaggio aggiunto della telecamera retinica iCam12. \u00a0Il Optovue iVue80+ iCam 12 trasforma il modo di valutare la retina, il disco ottico e la cornea. Quantificare lo spessore della retina, dello strato di fibre nervose, del complesso delle cellule gangliari (GCC) e della cornea. Seguire i cambiamenti e prevedere le tendenze nello spessore di RNFL e GCC e misurare con precisione gli angoli per facilitare la diagnosi delle malattie.<\/p>\n<p>Il sistema Optovue iVue80+ iCam 12 \u00e8 completo e offre molti esclusivi Optovuecapacit\u00e0 come l&#8217;analisi del complesso delle cellule gangliari (GCC) con metriche di volume di perdita focale (FLV%) e volume di perdita globale (GLV%), l&#8217;iWellnessExam\u00ae e Vault Mapping per l&#8217;applicazione di lenti speciali.<\/p>\n<p>La telecamera retinica iCam 12 fornisce immagini del segmento posteriore e anteriore con eccezionale profondit\u00e0, coloree risoluzione. Il software del sistema \u00e8 molto facile da imparare e consente una revisione delle immagini veloce e flessibile fin dall&#8217;inizio. Con Optovue iVue80+ iCam 12, \u00e8 possibile sovrapporre rapidamente iVuele immagini OCT alle foto del fundus. Poich\u00e9 utilizza iVueil tavolo e il telaio esistenti, il suo ingombro \u00e8 trascurabile.<\/p>\n","protected":false},"excerpt":{"rendered":"<p><strong>La piattaforma completa per l&#8217;imaging retinico Optovue iVue80+ iCam 12 e telecamera retinica<\/strong><\/p>\n<p>Optovue iVue80+ iCam 12 OCT e il sistema di imaging retinico hanno tutti gli stessi potenti strumenti clinici dell&#8217;Ivue 80 con l&#8217;ulteriore vantaggio della telecamera retinica iCam 12. Optovue iVue80+ iCam 12 trasforma il modo di valutare la retina, il disco ottico e la cornea. Quantificare lo spessore della retina, dello strato di fibre nervose, del complesso delle cellule gangliari (GCC) e della cornea. Seguire i cambiamenti e prevedere le tendenze nello spessore di RNFL e GCC e misurare con precisione gli angoli per aiutare nella diagnosi delle malattie.<\/p>\n","protected":false},"featured_media":42489,"template":"","meta":{"_acf_changed":false,"content-type":"","footnotes":""},"pwb-brand":[500],"product_brand":[],"product_cat":[168,192],"product_tag":[],"class_list":{"0":"post-7263","1":"product","2":"type-product","3":"status-publish","4":"has-post-thumbnail","6":"pwb-brand-optovue-it","7":"product_cat-oftalmologia-strumenti","8":"product_cat-optometria-strumento","9":"pa_product-family-diagnostic-it","10":"pa_product-type-oct-combo-it","11":"pa_product-type-retinograph-it","13":"first","14":"instock","15":"product-type-simple"},"acf":[],"brands":[{"id":500,"name":"Optovue","slug":"optovue-it"}],"_links":{"self":[{"href":"https:\/\/www.visionix.com\/it\/wp-json\/wp\/v2\/product\/7263","targetHints":{"allow":["GET"]}}],"collection":[{"href":"https:\/\/www.visionix.com\/it\/wp-json\/wp\/v2\/product"}],"about":[{"href":"https:\/\/www.visionix.com\/it\/wp-json\/wp\/v2\/types\/product"}],"version-history":[{"count":14,"href":"https:\/\/www.visionix.com\/it\/wp-json\/wp\/v2\/product\/7263\/revisions"}],"predecessor-version":[{"id":73927,"href":"https:\/\/www.visionix.com\/it\/wp-json\/wp\/v2\/product\/7263\/revisions\/73927"}],"wp:featuredmedia":[{"embeddable":true,"href":"https:\/\/www.visionix.com\/it\/wp-json\/wp\/v2\/media\/42489"}],"wp:attachment":[{"href":"https:\/\/www.visionix.com\/it\/wp-json\/wp\/v2\/media?parent=7263"}],"wp:term":[{"taxonomy":"pwb-brand","embeddable":true,"href":"https:\/\/www.visionix.com\/it\/wp-json\/wp\/v2\/pwb-brand?post=7263"},{"taxonomy":"product_brand","embeddable":true,"href":"https:\/\/www.visionix.com\/it\/wp-json\/wp\/v2\/product_brand?post=7263"},{"taxonomy":"product_cat","embeddable":true,"href":"https:\/\/www.visionix.com\/it\/wp-json\/wp\/v2\/product_cat?post=7263"},{"taxonomy":"product_tag","embeddable":true,"href":"https:\/\/www.visionix.com\/it\/wp-json\/wp\/v2\/product_tag?post=7263"}],"curies":[{"name":"wp","href":"https:\/\/api.w.org\/{rel}","templated":true}]}}